{"id":6837,"date":"2025-06-28T18:06:23","date_gmt":"2025-06-28T16:06:23","guid":{"rendered":"https:\/\/uj.adatbank.ro\/lexikon\/termek\/diaconescu-teodor-%c2%a7\/"},"modified":"2025-06-28T18:06:23","modified_gmt":"2025-06-28T16:06:23","slug":"diaconescu-teodor-%c2%a7","status":"publish","type":"product","link":"https:\/\/uj.adatbank.ro\/lexikon\/termek\/diaconescu-teodor-%c2%a7\/","title":{"rendered":"DIACONESCU Teodor \u00a7"},"content":{"rendered":"<p>? \u2020\u00a0? : rend\u0151r. \u2013 Segesv\u00e1ri rend\u0151rf\u0151n\u00f6k. <br \/><strong>Irod.:<\/strong> Figuri politice \u015fi administrative din epoca consolid\u0103rii (Buc., 1924)<\/br><\/p>\n","protected":false},"excerpt":{"rendered":"<p>? \u2020\u00a0? : rend\u0151r. \u2013 Segesv\u00e1ri rend\u0151rf\u0151n\u00f6k. Irod.: Figuri politice \u015fi administrative din epoca consolid\u0103rii (Buc., 1924)<\/p>\n","protected":false},"featured_media":0,"comment_status":"open","ping_status":"closed","template":"","meta":[],"product_brand":[],"product_cat":[137],"product_tag":[],"class_list":{"0":"post-6837","1":"product","2":"type-product","3":"status-publish","5":"product_cat-maros-megyei-eletrajzi-lexikon","7":"first","8":"instock","9":"shipping-taxable","10":"product-type-simple"},"_links":{"self":[{"href":"https:\/\/uj.adatbank.ro\/lexikon\/wp-json\/wp\/v2\/product\/6837","targetHints":{"allow":["GET"]}}],"collection":[{"href":"https:\/\/uj.adatbank.ro\/lexikon\/wp-json\/wp\/v2\/product"}],"about":[{"href":"https:\/\/uj.adatbank.ro\/lexikon\/wp-json\/wp\/v2\/types\/product"}],"replies":[{"embeddable":true,"href":"https:\/\/uj.adatbank.ro\/lexikon\/wp-json\/wp\/v2\/comments?post=6837"}],"wp:attachment":[{"href":"https:\/\/uj.adatbank.ro\/lexikon\/wp-json\/wp\/v2\/media?parent=6837"}],"wp:term":[{"taxonomy":"product_brand","embeddable":true,"href":"https:\/\/uj.adatbank.ro\/lexikon\/wp-json\/wp\/v2\/product_brand?post=6837"},{"taxonomy":"product_cat","embeddable":true,"href":"https:\/\/uj.adatbank.ro\/lexikon\/wp-json\/wp\/v2\/product_cat?post=6837"},{"taxonomy":"product_tag","embeddable":true,"href":"https:\/\/uj.adatbank.ro\/lexikon\/wp-json\/wp\/v2\/product_tag?post=6837"}],"curies":[{"name":"wp","href":"https:\/\/api.w.org\/{rel}","templated":true}]}}