{"id":6839,"date":"2025-06-28T18:06:26","date_gmt":"2025-06-28T16:06:26","guid":{"rendered":"https:\/\/uj.adatbank.ro\/lexikon\/termek\/diamanstein-dezso-%c2%a7\/"},"modified":"2025-06-28T18:06:26","modified_gmt":"2025-06-28T16:06:26","slug":"diamanstein-dezso-%c2%a7","status":"publish","type":"product","link":"https:\/\/uj.adatbank.ro\/lexikon\/termek\/diamanstein-dezso-%c2%a7\/","title":{"rendered":"DIAMANSTEIN Dezs\u0151, \u00a7"},"content":{"rendered":"<p>Magyarb\u00f6lk\u00e9ny , 1883., \u2020\u00a0?: f\u0171szerkeresked\u0151, malomtulajdonos. \u2013 K\u00f6z\u00e9piskol\u00e1it Mv.-en v\u00e9gezte, majd megalap\u00edtotta (1908) f\u0171szer\u00fczlet\u00e9t, mely egyike a v\u00e1ros legr\u00e9gebbi szak\u00fczleteinek. Bevonult a mv.-i 62. gy. ezredhez (1914. aug. &#8211; 18. nov.), olasz harct\u00e9ren harcolt, t\u00f6rzs\u0151rmester. <strong>Kit\u00fcntet\u00e9sei:<\/strong> O1, K\u00e1roly cs. k. ig. a. Megvette az erd\u0151szentgy\u00f6rgyi g\u0151zmalmot (1933) mely teljesen modern 80 HP hajt\u00f3er\u0151re volt berendezve, magas\u0151rl\u00e9s\u0171 malom. A mv.-i zsid\u00f3 ortodox hitk\u00f6zs\u00e9g aleln\u00f6ke (1924\u201334). Az Orsz\u00e1gos Zsid\u00f3 P\u00e1rt mv.-i tagozat\u00e1nak k\u00e9pvisel\u0151jel\u00f6ltje (1931). Mv.-r\u0151l feles\u00e9g\u00e9vel (sz. 1885\u2013) egy\u00fctt deport\u00e1lt\u00e1k (1944. m\u00e1j. 29.). <br \/><strong>Irod.:<\/strong> Erd\u00e9lyi ezredek; Id\u0151t\u00e1r 3; M. hadviselt zsid\u00f3k; Mv. zsid\u00f3s\u00e1ga; Sz\u00e9kelyf\u00f6ld \u00ed. k.; Zsid\u00f3k Erd\u00e9lyben<\/br><\/p>\n","protected":false},"excerpt":{"rendered":"<p>Magyarb\u00f6lk\u00e9ny , 1883., \u2020\u00a0?: f\u0171szerkeresked\u0151, malomtulajdonos. \u2013 K\u00f6z\u00e9piskol\u00e1it Mv.-en v\u00e9gezte, majd megalap\u00edtotta (1908) f\u0171szer\u00fczlet\u00e9t, mely egyike a v\u00e1ros legr\u00e9gebbi szak\u00fczleteinek. Bevonult a mv.-i 62. gy. ezredhez (1914. aug. &#8211; 18. nov.), olasz harct\u00e9ren harcolt, t\u00f6rzs\u0151rmester. Kit\u00fcntet\u00e9sei: O1, K\u00e1roly cs. k. ig. a. Megvette az erd\u0151szentgy\u00f6rgyi g\u0151zmalmot (1933) mely teljesen modern 80 HP hajt\u00f3er\u0151re volt berendezve, [&hellip;]<\/p>\n","protected":false},"featured_media":0,"comment_status":"open","ping_status":"closed","template":"","meta":[],"product_brand":[],"product_cat":[137],"product_tag":[],"class_list":{"0":"post-6839","1":"product","2":"type-product","3":"status-publish","5":"product_cat-maros-megyei-eletrajzi-lexikon","7":"first","8":"instock","9":"shipping-taxable","10":"product-type-simple"},"_links":{"self":[{"href":"https:\/\/uj.adatbank.ro\/lexikon\/wp-json\/wp\/v2\/product\/6839","targetHints":{"allow":["GET"]}}],"collection":[{"href":"https:\/\/uj.adatbank.ro\/lexikon\/wp-json\/wp\/v2\/product"}],"about":[{"href":"https:\/\/uj.adatbank.ro\/lexikon\/wp-json\/wp\/v2\/types\/product"}],"replies":[{"embeddable":true,"href":"https:\/\/uj.adatbank.ro\/lexikon\/wp-json\/wp\/v2\/comments?post=6839"}],"wp:attachment":[{"href":"https:\/\/uj.adatbank.ro\/lexikon\/wp-json\/wp\/v2\/media?parent=6839"}],"wp:term":[{"taxonomy":"product_brand","embeddable":true,"href":"https:\/\/uj.adatbank.ro\/lexikon\/wp-json\/wp\/v2\/product_brand?post=6839"},{"taxonomy":"product_cat","embeddable":true,"href":"https:\/\/uj.adatbank.ro\/lexikon\/wp-json\/wp\/v2\/product_cat?post=6839"},{"taxonomy":"product_tag","embeddable":true,"href":"https:\/\/uj.adatbank.ro\/lexikon\/wp-json\/wp\/v2\/product_tag?post=6839"}],"curies":[{"name":"wp","href":"https:\/\/api.w.org\/{rel}","templated":true}]}}