{"id":6840,"date":"2025-06-28T18:06:27","date_gmt":"2025-06-28T16:06:27","guid":{"rendered":"https:\/\/uj.adatbank.ro\/lexikon\/termek\/diamanstein-erno-diamanstein-erno-diamanstein-ernest\/"},"modified":"2025-06-28T18:06:27","modified_gmt":"2025-06-28T16:06:27","slug":"diamanstein-erno-diamanstein-erno-diamanstein-ernest","status":"publish","type":"product","link":"https:\/\/uj.adatbank.ro\/lexikon\/termek\/diamanstein-erno-diamanstein-erno-diamanstein-ernest\/","title":{"rendered":"DIAMANSTEIN Ern\u0151, Diamanstein Ern\u0151, Diamanstein Ernest"},"content":{"rendered":"<p>1909., \u2020\u00a01976. nov. 14.: gy\u00e1ros. \u2013 \u00dcveggy\u00e1ra volt Mv.-en, amit \u00e1llamos\u00edtottak (1948). A ny\u00e1r\u00e1dt\u0151i malom \u00e9s olajpr\u00e9s tulajdonosa (alap\u00edtott\u00e1k 1939). Naponta 11 munk\u00e1ssal 1, 5 vagon gabon\u00e1t dolgozott fel \u00e9s 600 l. olajat pr\u00e9selt ki. Az \u00e1llamos\u00edt\u00e1skor Rus Anton 40 \u00e9ves lakatost nevezt\u00e9k ki a malom \u00fcgyvezet\u0151j\u00e9nek (1948. j\u00fan. 11), \u00e9s a ny\u00e1r\u00e1dt\u0151i k\u00f6zs\u00e9gh\u00e1za tulajdon\u00e1ba, majd Maros megye prefekt\u00far\u00e1ja birtok\u00e1ba ker\u00fclt (1948. nov. 9). Mv.-re k\u00e9nyszerlakhelyre telep\u00edtett\u00e9k. <br \/><strong>Irod.:<\/strong> Bartos Zolt\u00e1n; Mik\u00f3; Mv. t\u00f6rt. 2; Mv.-i zsid\u00f3 temet\u0151 dok;. Zsid\u00f3k Erd\u00e9lyben<\/br><\/p>\n","protected":false},"excerpt":{"rendered":"<p>1909., \u2020\u00a01976. nov. 14.: gy\u00e1ros. \u2013 \u00dcveggy\u00e1ra volt Mv.-en, amit \u00e1llamos\u00edtottak (1948). A ny\u00e1r\u00e1dt\u0151i malom \u00e9s olajpr\u00e9s tulajdonosa (alap\u00edtott\u00e1k 1939). Naponta 11 munk\u00e1ssal 1, 5 vagon gabon\u00e1t dolgozott fel \u00e9s 600 l. olajat pr\u00e9selt ki. Az \u00e1llamos\u00edt\u00e1skor Rus Anton 40 \u00e9ves lakatost nevezt\u00e9k ki a malom \u00fcgyvezet\u0151j\u00e9nek (1948. j\u00fan. 11), \u00e9s a ny\u00e1r\u00e1dt\u0151i k\u00f6zs\u00e9gh\u00e1za tulajdon\u00e1ba, [&hellip;]<\/p>\n","protected":false},"featured_media":0,"comment_status":"open","ping_status":"closed","template":"","meta":[],"product_brand":[],"product_cat":[137],"product_tag":[],"class_list":{"0":"post-6840","1":"product","2":"type-product","3":"status-publish","5":"product_cat-maros-megyei-eletrajzi-lexikon","7":"first","8":"instock","9":"shipping-taxable","10":"product-type-simple"},"_links":{"self":[{"href":"https:\/\/uj.adatbank.ro\/lexikon\/wp-json\/wp\/v2\/product\/6840","targetHints":{"allow":["GET"]}}],"collection":[{"href":"https:\/\/uj.adatbank.ro\/lexikon\/wp-json\/wp\/v2\/product"}],"about":[{"href":"https:\/\/uj.adatbank.ro\/lexikon\/wp-json\/wp\/v2\/types\/product"}],"replies":[{"embeddable":true,"href":"https:\/\/uj.adatbank.ro\/lexikon\/wp-json\/wp\/v2\/comments?post=6840"}],"wp:attachment":[{"href":"https:\/\/uj.adatbank.ro\/lexikon\/wp-json\/wp\/v2\/media?parent=6840"}],"wp:term":[{"taxonomy":"product_brand","embeddable":true,"href":"https:\/\/uj.adatbank.ro\/lexikon\/wp-json\/wp\/v2\/product_brand?post=6840"},{"taxonomy":"product_cat","embeddable":true,"href":"https:\/\/uj.adatbank.ro\/lexikon\/wp-json\/wp\/v2\/product_cat?post=6840"},{"taxonomy":"product_tag","embeddable":true,"href":"https:\/\/uj.adatbank.ro\/lexikon\/wp-json\/wp\/v2\/product_tag?post=6840"}],"curies":[{"name":"wp","href":"https:\/\/api.w.org\/{rel}","templated":true}]}}