{"id":6841,"date":"2025-06-28T18:06:29","date_gmt":"2025-06-28T16:06:29","guid":{"rendered":"https:\/\/uj.adatbank.ro\/lexikon\/termek\/diamanstein-henrik-%c2%a7\/"},"modified":"2025-06-28T18:06:29","modified_gmt":"2025-06-28T16:06:29","slug":"diamanstein-henrik-%c2%a7","status":"publish","type":"product","link":"https:\/\/uj.adatbank.ro\/lexikon\/termek\/diamanstein-henrik-%c2%a7\/","title":{"rendered":"DIAMANSTEIN Henrik \u00a7"},"content":{"rendered":"<p>Kebeleszentiv\u00e1n, 1891., \u2020\u00a0?: vaskeresked\u0151. \u2013 Iskol\u00e1it Mv.-en v\u00e9gezte \u00e9s a vasszakm\u00e1t tanulta ki, mint seg\u00e9d tud\u00e1s\u00e1t a legjobb nev\u0171 helybeli c\u00e9gn\u00e9l t\u00f6k\u00e9letes\u00edtette. Bevonult a mv.-i 62. gy. ezredhez (1913. &#8211; 18. nov.), v\u00e9gig harcolta az els\u0151 vh. -t. Fischer Emanuellel c\u00e9get alap\u00edtott (1922), mely c\u00e9g mint Diamanstein \u00e9s T\u00e1rsa m\u0171k\u00f6d\u00f6tt. Mv.-r\u0151l feles\u00e9g\u00e9vel (sz. 1895\u2013) egy\u00fctt deport\u00e1lt\u00e1k (1944. m\u00e1j. 29.). <br \/><strong>Irod.:<\/strong> M. hadviselt zsid\u00f3k; Mv. zsid\u00f3s\u00e1ga; Sz\u00e9kelyf\u00f6ld \u00ed. k.; Zsid\u00f3k Erd\u00e9lyben<\/br><\/p>\n","protected":false},"excerpt":{"rendered":"<p>Kebeleszentiv\u00e1n, 1891., \u2020\u00a0?: vaskeresked\u0151. \u2013 Iskol\u00e1it Mv.-en v\u00e9gezte \u00e9s a vasszakm\u00e1t tanulta ki, mint seg\u00e9d tud\u00e1s\u00e1t a legjobb nev\u0171 helybeli c\u00e9gn\u00e9l t\u00f6k\u00e9letes\u00edtette. Bevonult a mv.-i 62. gy. ezredhez (1913. &#8211; 18. nov.), v\u00e9gig harcolta az els\u0151 vh. -t. Fischer Emanuellel c\u00e9get alap\u00edtott (1922), mely c\u00e9g mint Diamanstein \u00e9s T\u00e1rsa m\u0171k\u00f6d\u00f6tt. Mv.-r\u0151l feles\u00e9g\u00e9vel (sz. 1895\u2013) egy\u00fctt [&hellip;]<\/p>\n","protected":false},"featured_media":0,"comment_status":"open","ping_status":"closed","template":"","meta":[],"product_brand":[],"product_cat":[137],"product_tag":[],"class_list":{"0":"post-6841","1":"product","2":"type-product","3":"status-publish","5":"product_cat-maros-megyei-eletrajzi-lexikon","7":"first","8":"instock","9":"shipping-taxable","10":"product-type-simple"},"_links":{"self":[{"href":"https:\/\/uj.adatbank.ro\/lexikon\/wp-json\/wp\/v2\/product\/6841","targetHints":{"allow":["GET"]}}],"collection":[{"href":"https:\/\/uj.adatbank.ro\/lexikon\/wp-json\/wp\/v2\/product"}],"about":[{"href":"https:\/\/uj.adatbank.ro\/lexikon\/wp-json\/wp\/v2\/types\/product"}],"replies":[{"embeddable":true,"href":"https:\/\/uj.adatbank.ro\/lexikon\/wp-json\/wp\/v2\/comments?post=6841"}],"wp:attachment":[{"href":"https:\/\/uj.adatbank.ro\/lexikon\/wp-json\/wp\/v2\/media?parent=6841"}],"wp:term":[{"taxonomy":"product_brand","embeddable":true,"href":"https:\/\/uj.adatbank.ro\/lexikon\/wp-json\/wp\/v2\/product_brand?post=6841"},{"taxonomy":"product_cat","embeddable":true,"href":"https:\/\/uj.adatbank.ro\/lexikon\/wp-json\/wp\/v2\/product_cat?post=6841"},{"taxonomy":"product_tag","embeddable":true,"href":"https:\/\/uj.adatbank.ro\/lexikon\/wp-json\/wp\/v2\/product_tag?post=6841"}],"curies":[{"name":"wp","href":"https:\/\/api.w.org\/{rel}","templated":true}]}}