{"id":6843,"date":"2025-06-28T18:06:36","date_gmt":"2025-06-28T16:06:36","guid":{"rendered":"https:\/\/uj.adatbank.ro\/lexikon\/termek\/diamanstein-zsuzsa\/"},"modified":"2025-06-28T18:06:36","modified_gmt":"2025-06-28T16:06:36","slug":"diamanstein-zsuzsa","status":"publish","type":"product","link":"https:\/\/uj.adatbank.ro\/lexikon\/termek\/diamanstein-zsuzsa\/","title":{"rendered":"DIAMANSTEIN Zsuzsa"},"content":{"rendered":"<p>? \u2020\u00a0? : sz\u00e1szr\u00e9geni zsid\u00f3 polg\u00e1r. \u2013 Sz\u00e1szr\u00e9genb\u0151l deport\u00e1lt\u00e1k Auschwitzba egy\u00fctt a l\u00e1ny\u00e1val (1944. m\u00e1j. 4., ekkor 47 \u00e9ves volt),. A t\u00e9glagy\u00e1rban volt a gett\u00f3. M\u00e1s orsz\u00e1gr\u00e9szb\u0151l hozt\u00e1k a csend\u0151r\u00f6ket. A nagyap\u00e1t (76 \u00e9ves) is elvitt\u00e9k. Krakk\u00f3-Plaszowba koncentr\u00e1ci\u00f3s l\u00e1gerbe ker\u00fcltek, ahol m\u00e1r lengyelek is voltak. Ez m\u00e1r koncentr\u00e1ci\u00f3s l\u00e1ger volt. Ezt k\u00f6vette az \u00fagynevezett kicsi l\u00e1ger: Wiesau, Gross Rosen, Parschnitz, Oberaltstadt, ahol egy c\u00e9rnagy\u00e1rban dolgoztak. <br \/><strong>Irod.:<\/strong> Kir\u00e1ly Kinga J.<\/br><\/p>\n","protected":false},"excerpt":{"rendered":"<p>? \u2020\u00a0? : sz\u00e1szr\u00e9geni zsid\u00f3 polg\u00e1r. \u2013 Sz\u00e1szr\u00e9genb\u0151l deport\u00e1lt\u00e1k Auschwitzba egy\u00fctt a l\u00e1ny\u00e1val (1944. m\u00e1j. 4., ekkor 47 \u00e9ves volt),. A t\u00e9glagy\u00e1rban volt a gett\u00f3. M\u00e1s orsz\u00e1gr\u00e9szb\u0151l hozt\u00e1k a csend\u0151r\u00f6ket. A nagyap\u00e1t (76 \u00e9ves) is elvitt\u00e9k. Krakk\u00f3-Plaszowba koncentr\u00e1ci\u00f3s l\u00e1gerbe ker\u00fcltek, ahol m\u00e1r lengyelek is voltak. Ez m\u00e1r koncentr\u00e1ci\u00f3s l\u00e1ger volt. Ezt k\u00f6vette az \u00fagynevezett kicsi [&hellip;]<\/p>\n","protected":false},"featured_media":0,"comment_status":"open","ping_status":"closed","template":"","meta":[],"product_brand":[],"product_cat":[137],"product_tag":[],"class_list":{"0":"post-6843","1":"product","2":"type-product","3":"status-publish","5":"product_cat-maros-megyei-eletrajzi-lexikon","7":"first","8":"instock","9":"shipping-taxable","10":"product-type-simple"},"_links":{"self":[{"href":"https:\/\/uj.adatbank.ro\/lexikon\/wp-json\/wp\/v2\/product\/6843","targetHints":{"allow":["GET"]}}],"collection":[{"href":"https:\/\/uj.adatbank.ro\/lexikon\/wp-json\/wp\/v2\/product"}],"about":[{"href":"https:\/\/uj.adatbank.ro\/lexikon\/wp-json\/wp\/v2\/types\/product"}],"replies":[{"embeddable":true,"href":"https:\/\/uj.adatbank.ro\/lexikon\/wp-json\/wp\/v2\/comments?post=6843"}],"wp:attachment":[{"href":"https:\/\/uj.adatbank.ro\/lexikon\/wp-json\/wp\/v2\/media?parent=6843"}],"wp:term":[{"taxonomy":"product_brand","embeddable":true,"href":"https:\/\/uj.adatbank.ro\/lexikon\/wp-json\/wp\/v2\/product_brand?post=6843"},{"taxonomy":"product_cat","embeddable":true,"href":"https:\/\/uj.adatbank.ro\/lexikon\/wp-json\/wp\/v2\/product_cat?post=6843"},{"taxonomy":"product_tag","embeddable":true,"href":"https:\/\/uj.adatbank.ro\/lexikon\/wp-json\/wp\/v2\/product_tag?post=6843"}],"curies":[{"name":"wp","href":"https:\/\/api.w.org\/{rel}","templated":true}]}}