{"id":6846,"date":"2025-06-28T18:06:40","date_gmt":"2025-06-28T16:06:40","guid":{"rendered":"https:\/\/uj.adatbank.ro\/lexikon\/termek\/dicso-bela-szekeresi\/"},"modified":"2025-06-28T18:06:40","modified_gmt":"2025-06-28T16:06:40","slug":"dicso-bela-szekeresi","status":"publish","type":"product","link":"https:\/\/uj.adatbank.ro\/lexikon\/termek\/dicso-bela-szekeresi\/","title":{"rendered":"DICS\u0150 B\u00e9la, szekeresi"},"content":{"rendered":"<p>1845., \u2020 Mv., 1916. j\u00fal. 8.: t\u00e1blab\u00edr\u00f3. \u2013 D. Benedek, ad\u00f3hivatali ellen\u0151r Miskolcon, \u00e9s Teper Malvin fia. Feles\u00e9ge: Petri R\u00f3za (1852 \u2013 Mv., 1924. okt. 30.). Gyermekeik: Gabriella Szatm\u00e1ry Jen\u0151n\u00e9; K\u00e1lm\u00e1n; G\u00e9za. \u2013 A Mv.-i Zenekedvel\u0151k Egylete megalap\u00edt\u00f3ja. H\u00e1rman W\u00e9gler Gyul\u00e1val \u00e9s Mentovich Gyul\u00e1val kezdem\u00e9nyezt\u00e9k egy m\u0171kedvel\u0151 zenekar fel\u00e1ll\u00edt\u00e1s\u00e1t \u00e9s fenntart\u00e1s\u00e1t. Felh\u00edv\u00e1sukra l\u00e9trej\u00f6tt Mv.-en az els\u0151 szervezett form\u00e1ban m\u0171k\u00f6d\u0151 zenekar (1874). Az egylet hetenk\u00e9n k\u00e9tszer pr\u00f3b\u00e1lt \u00e9s 33 taggal m\u0171k\u00f6d\u00f6tt (1878). El\u0151z\u0151 \u00e9vben t\u00f6bb mint 12 j\u00f3t\u00e9kony c\u00e9l\u00fa el\u0151ad\u00e1st rendeztek. A Mv.-i Kaszin\u00fc tagja. A J\u00f3kai \u00fcnnep\u00e9ly rendez\u0151bizotts\u00e1g\u00e1nak tagja (1894. jan. 6.). <br \/><strong>Irod.:<\/strong> Bi\u00e1s Istv\u00e1n; Csekme; Filarmonica 50; Gy\u00e1szjelent\u0151; K. Kiss Ferenc: A mv.-i k\u00f3rus\u00e9let m\u00faltj\u00e1r\u00f3l (\u00daj \u00c9let, 22. sz. 1980); Mv. m\u0171v. v\u00e1r.; A mv.-i Casino J\u00f3kai \u00fcnnep\u00e9lye 1894. jan. 6. (Mv., 1894); Sz\u00e1sz K\u00e1roly: A Mv.-i Zenekedvel\u0151k Egylete (V. Z., 1972. febr. 6.)<\/br><\/p>\n","protected":false},"excerpt":{"rendered":"<p>1845., \u2020 Mv., 1916. j\u00fal. 8.: t\u00e1blab\u00edr\u00f3. \u2013 D. Benedek, ad\u00f3hivatali ellen\u0151r Miskolcon, \u00e9s Teper Malvin fia. Feles\u00e9ge: Petri R\u00f3za (1852 \u2013 Mv., 1924. okt. 30.). Gyermekeik: Gabriella Szatm\u00e1ry Jen\u0151n\u00e9; K\u00e1lm\u00e1n; G\u00e9za. \u2013 A Mv.-i Zenekedvel\u0151k Egylete megalap\u00edt\u00f3ja. H\u00e1rman W\u00e9gler Gyul\u00e1val \u00e9s Mentovich Gyul\u00e1val kezdem\u00e9nyezt\u00e9k egy m\u0171kedvel\u0151 zenekar fel\u00e1ll\u00edt\u00e1s\u00e1t \u00e9s fenntart\u00e1s\u00e1t. Felh\u00edv\u00e1sukra l\u00e9trej\u00f6tt Mv.-en az [&hellip;]<\/p>\n","protected":false},"featured_media":0,"comment_status":"open","ping_status":"closed","template":"","meta":[],"product_brand":[],"product_cat":[137],"product_tag":[],"class_list":{"0":"post-6846","1":"product","2":"type-product","3":"status-publish","5":"product_cat-maros-megyei-eletrajzi-lexikon","7":"first","8":"instock","9":"shipping-taxable","10":"product-type-simple"},"_links":{"self":[{"href":"https:\/\/uj.adatbank.ro\/lexikon\/wp-json\/wp\/v2\/product\/6846","targetHints":{"allow":["GET"]}}],"collection":[{"href":"https:\/\/uj.adatbank.ro\/lexikon\/wp-json\/wp\/v2\/product"}],"about":[{"href":"https:\/\/uj.adatbank.ro\/lexikon\/wp-json\/wp\/v2\/types\/product"}],"replies":[{"embeddable":true,"href":"https:\/\/uj.adatbank.ro\/lexikon\/wp-json\/wp\/v2\/comments?post=6846"}],"wp:attachment":[{"href":"https:\/\/uj.adatbank.ro\/lexikon\/wp-json\/wp\/v2\/media?parent=6846"}],"wp:term":[{"taxonomy":"product_brand","embeddable":true,"href":"https:\/\/uj.adatbank.ro\/lexikon\/wp-json\/wp\/v2\/product_brand?post=6846"},{"taxonomy":"product_cat","embeddable":true,"href":"https:\/\/uj.adatbank.ro\/lexikon\/wp-json\/wp\/v2\/product_cat?post=6846"},{"taxonomy":"product_tag","embeddable":true,"href":"https:\/\/uj.adatbank.ro\/lexikon\/wp-json\/wp\/v2\/product_tag?post=6846"}],"curies":[{"name":"wp","href":"https:\/\/api.w.org\/{rel}","templated":true}]}}