{"id":6849,"date":"2025-06-28T18:06:47","date_gmt":"2025-06-28T16:06:47","guid":{"rendered":"https:\/\/uj.adatbank.ro\/lexikon\/termek\/dicso-janos\/"},"modified":"2025-06-28T18:06:47","modified_gmt":"2025-06-28T16:06:47","slug":"dicso-janos","status":"publish","type":"product","link":"https:\/\/uj.adatbank.ro\/lexikon\/termek\/dicso-janos\/","title":{"rendered":"DICS\u0150 J\u00e1nos"},"content":{"rendered":"<p>? \u2020 ?: v\u00e1rosi tan\u00e1csos, f\u0151jegyz\u0151, egyh\u00e1zi p\u00e9nzt\u00e1ros. \u2013 D. J\u00e1nos (1856.?) \u00e9s L\u00e9n\u00e1rt Zsuzs\u00e1nna (1804.? \u2013 Mv., 1866. szept. 14) fia. Testv\u00e9rei: D. K\u00e1roly, Lajos. Feles\u00e9ge: Hincs Katalin (1877. \u00e1pr. 4.). \u2013 Mv. v\u00e1rosi tan\u00e1cs\u00e1nak f\u0151jegyz\u0151je (1847); a meg\u00faj\u00edtott mv.-i tan\u00e1csban a k\u00f6zhat\u00e1rt, a lev\u00e9lt\u00e1rat \u00e9s a fuvart \u00e9rdekl\u0151 t\u00e1rgyak el\u0151ad\u00f3ja volt (1849. m\u00e1rc.). Marossz\u00e9ki t\u00f6rv\u00e9nysz\u00e9ki \u00fcln\u00f6k (1866 k- ). Ref. egyh\u00e1zi jegyz\u0151 volt (1855). <br \/><strong>Irod.:<\/strong> Farcz\u00e1dy; Gy\u00e1szjelent\u0151; P\u00e1l-Antal, P\u00e1l-Antal 2002; P\u00e1l-Antal 2003<\/br><\/p>\n","protected":false},"excerpt":{"rendered":"<p>? \u2020 ?: v\u00e1rosi tan\u00e1csos, f\u0151jegyz\u0151, egyh\u00e1zi p\u00e9nzt\u00e1ros. \u2013 D. J\u00e1nos (1856.?) \u00e9s L\u00e9n\u00e1rt Zsuzs\u00e1nna (1804.? \u2013 Mv., 1866. szept. 14) fia. Testv\u00e9rei: D. K\u00e1roly, Lajos. Feles\u00e9ge: Hincs Katalin (1877. \u00e1pr. 4.). \u2013 Mv. v\u00e1rosi tan\u00e1cs\u00e1nak f\u0151jegyz\u0151je (1847); a meg\u00faj\u00edtott mv.-i tan\u00e1csban a k\u00f6zhat\u00e1rt, a lev\u00e9lt\u00e1rat \u00e9s a fuvart \u00e9rdekl\u0151 t\u00e1rgyak el\u0151ad\u00f3ja volt (1849. m\u00e1rc.). [&hellip;]<\/p>\n","protected":false},"featured_media":0,"comment_status":"open","ping_status":"closed","template":"","meta":[],"product_brand":[],"product_cat":[137],"product_tag":[],"class_list":{"0":"post-6849","1":"product","2":"type-product","3":"status-publish","5":"product_cat-maros-megyei-eletrajzi-lexikon","7":"first","8":"instock","9":"shipping-taxable","10":"product-type-simple"},"_links":{"self":[{"href":"https:\/\/uj.adatbank.ro\/lexikon\/wp-json\/wp\/v2\/product\/6849","targetHints":{"allow":["GET"]}}],"collection":[{"href":"https:\/\/uj.adatbank.ro\/lexikon\/wp-json\/wp\/v2\/product"}],"about":[{"href":"https:\/\/uj.adatbank.ro\/lexikon\/wp-json\/wp\/v2\/types\/product"}],"replies":[{"embeddable":true,"href":"https:\/\/uj.adatbank.ro\/lexikon\/wp-json\/wp\/v2\/comments?post=6849"}],"wp:attachment":[{"href":"https:\/\/uj.adatbank.ro\/lexikon\/wp-json\/wp\/v2\/media?parent=6849"}],"wp:term":[{"taxonomy":"product_brand","embeddable":true,"href":"https:\/\/uj.adatbank.ro\/lexikon\/wp-json\/wp\/v2\/product_brand?post=6849"},{"taxonomy":"product_cat","embeddable":true,"href":"https:\/\/uj.adatbank.ro\/lexikon\/wp-json\/wp\/v2\/product_cat?post=6849"},{"taxonomy":"product_tag","embeddable":true,"href":"https:\/\/uj.adatbank.ro\/lexikon\/wp-json\/wp\/v2\/product_tag?post=6849"}],"curies":[{"name":"wp","href":"https:\/\/api.w.org\/{rel}","templated":true}]}}