{"id":6852,"date":"2025-06-28T18:06:51","date_gmt":"2025-06-28T16:06:51","guid":{"rendered":"https:\/\/uj.adatbank.ro\/lexikon\/termek\/dienes-gyula\/"},"modified":"2025-06-28T18:06:51","modified_gmt":"2025-06-28T16:06:51","slug":"dienes-gyula","status":"publish","type":"product","link":"https:\/\/uj.adatbank.ro\/lexikon\/termek\/dienes-gyula\/","title":{"rendered":"DIENES Gyula"},"content":{"rendered":"<p>Als\u00f3b\u00f6lk\u00e9ny, 1863. jan. 10., \u2020 Tancs, 1929. m\u00e1j. 8. Mv.-en temett\u00e9k el: ref. lelk\u00e9sz. \u2013 A gimn. -ot \u00e9s a teol\u00f3gi\u00e1t a nagyenyedi kolll.-ban v\u00e9gezte, lp.-i vizsg\u00e1t tett (1887). Nagyenyeden volt jur\u00e1tus, tan\u00edt\u00f3 \u00e9s k\u00e1pl\u00e1n (1889. szept. 1-ig). Lelk\u00e9sz Koml\u00f3d-Oroszf\u00e1ja ekkl\u00e9zsi\u00e1jiban (1889. okt. \u2013 1899. okt.). Tancs lelk\u00e9sze lett. <br \/><strong>Irod.:<\/strong> B\u00f6jthe Andor; Benk\u0151 M\u00e1rton: Az enyedi papokr\u00f3l sz\u00f3l\u00f3 feljegyz\u00e9sek (Erd\u00e9lyi Protest\u00e1ns K\u00f6zl\u00f6ny, 49\u201350. sz., 1877.)<\/br><\/p>\n","protected":false},"excerpt":{"rendered":"<p>Als\u00f3b\u00f6lk\u00e9ny, 1863. jan. 10., \u2020 Tancs, 1929. m\u00e1j. 8. Mv.-en temett\u00e9k el: ref. lelk\u00e9sz. \u2013 A gimn. -ot \u00e9s a teol\u00f3gi\u00e1t a nagyenyedi kolll.-ban v\u00e9gezte, lp.-i vizsg\u00e1t tett (1887). Nagyenyeden volt jur\u00e1tus, tan\u00edt\u00f3 \u00e9s k\u00e1pl\u00e1n (1889. szept. 1-ig). Lelk\u00e9sz Koml\u00f3d-Oroszf\u00e1ja ekkl\u00e9zsi\u00e1jiban (1889. okt. \u2013 1899. okt.). Tancs lelk\u00e9sze lett. Irod.: B\u00f6jthe Andor; Benk\u0151 M\u00e1rton: Az [&hellip;]<\/p>\n","protected":false},"featured_media":0,"comment_status":"open","ping_status":"closed","template":"","meta":[],"product_brand":[],"product_cat":[137],"product_tag":[],"class_list":{"0":"post-6852","1":"product","2":"type-product","3":"status-publish","5":"product_cat-maros-megyei-eletrajzi-lexikon","7":"first","8":"instock","9":"shipping-taxable","10":"product-type-simple"},"_links":{"self":[{"href":"https:\/\/uj.adatbank.ro\/lexikon\/wp-json\/wp\/v2\/product\/6852","targetHints":{"allow":["GET"]}}],"collection":[{"href":"https:\/\/uj.adatbank.ro\/lexikon\/wp-json\/wp\/v2\/product"}],"about":[{"href":"https:\/\/uj.adatbank.ro\/lexikon\/wp-json\/wp\/v2\/types\/product"}],"replies":[{"embeddable":true,"href":"https:\/\/uj.adatbank.ro\/lexikon\/wp-json\/wp\/v2\/comments?post=6852"}],"wp:attachment":[{"href":"https:\/\/uj.adatbank.ro\/lexikon\/wp-json\/wp\/v2\/media?parent=6852"}],"wp:term":[{"taxonomy":"product_brand","embeddable":true,"href":"https:\/\/uj.adatbank.ro\/lexikon\/wp-json\/wp\/v2\/product_brand?post=6852"},{"taxonomy":"product_cat","embeddable":true,"href":"https:\/\/uj.adatbank.ro\/lexikon\/wp-json\/wp\/v2\/product_cat?post=6852"},{"taxonomy":"product_tag","embeddable":true,"href":"https:\/\/uj.adatbank.ro\/lexikon\/wp-json\/wp\/v2\/product_tag?post=6852"}],"curies":[{"name":"wp","href":"https:\/\/api.w.org\/{rel}","templated":true}]}}