{"id":6859,"date":"2025-06-28T18:07:07","date_gmt":"2025-06-28T16:07:07","guid":{"rendered":"https:\/\/uj.adatbank.ro\/lexikon\/termek\/dietrich-andreas\/"},"modified":"2025-06-28T18:07:07","modified_gmt":"2025-06-28T16:07:07","slug":"dietrich-andreas","status":"publish","type":"product","link":"https:\/\/uj.adatbank.ro\/lexikon\/termek\/dietrich-andreas\/","title":{"rendered":"DIETRICH Andreas"},"content":{"rendered":"<p>Sz\u00e1szr\u00e9gen, ? \u2020 Szeben, 1791. dec. 20.: katonatiszt. \u2013 A szebeni sz\u00e9khely\u0171, m. 31. Puchner gyalogezred z\u00e1szl\u00f3sa (1784). F\u0151hadnaggy\u00e1 l\u00e9ptett\u00e9k el\u0151 (1787), r\u00e9szt vett a t\u00f6r\u00f6k\u00f6k elleni h\u00e1bor\u00faban (1788- 89), hal\u00e1l\u00e1ig akt\u00edv katonatiszt maradt. <br \/><strong>Irod.:<\/strong> Reghin, militari<\/br><\/p>\n","protected":false},"excerpt":{"rendered":"<p>Sz\u00e1szr\u00e9gen, ? \u2020 Szeben, 1791. dec. 20.: katonatiszt. \u2013 A szebeni sz\u00e9khely\u0171, m. 31. Puchner gyalogezred z\u00e1szl\u00f3sa (1784). F\u0151hadnaggy\u00e1 l\u00e9ptett\u00e9k el\u0151 (1787), r\u00e9szt vett a t\u00f6r\u00f6k\u00f6k elleni h\u00e1bor\u00faban (1788- 89), hal\u00e1l\u00e1ig akt\u00edv katonatiszt maradt. Irod.: Reghin, militari<\/p>\n","protected":false},"featured_media":0,"comment_status":"open","ping_status":"closed","template":"","meta":[],"product_brand":[],"product_cat":[137],"product_tag":[],"class_list":{"0":"post-6859","1":"product","2":"type-product","3":"status-publish","5":"product_cat-maros-megyei-eletrajzi-lexikon","7":"first","8":"instock","9":"shipping-taxable","10":"product-type-simple"},"_links":{"self":[{"href":"https:\/\/uj.adatbank.ro\/lexikon\/wp-json\/wp\/v2\/product\/6859","targetHints":{"allow":["GET"]}}],"collection":[{"href":"https:\/\/uj.adatbank.ro\/lexikon\/wp-json\/wp\/v2\/product"}],"about":[{"href":"https:\/\/uj.adatbank.ro\/lexikon\/wp-json\/wp\/v2\/types\/product"}],"replies":[{"embeddable":true,"href":"https:\/\/uj.adatbank.ro\/lexikon\/wp-json\/wp\/v2\/comments?post=6859"}],"wp:attachment":[{"href":"https:\/\/uj.adatbank.ro\/lexikon\/wp-json\/wp\/v2\/media?parent=6859"}],"wp:term":[{"taxonomy":"product_brand","embeddable":true,"href":"https:\/\/uj.adatbank.ro\/lexikon\/wp-json\/wp\/v2\/product_brand?post=6859"},{"taxonomy":"product_cat","embeddable":true,"href":"https:\/\/uj.adatbank.ro\/lexikon\/wp-json\/wp\/v2\/product_cat?post=6859"},{"taxonomy":"product_tag","embeddable":true,"href":"https:\/\/uj.adatbank.ro\/lexikon\/wp-json\/wp\/v2\/product_tag?post=6859"}],"curies":[{"name":"wp","href":"https:\/\/api.w.org\/{rel}","templated":true}]}}