{"id":6860,"date":"2025-06-28T18:07:09","date_gmt":"2025-06-28T16:07:09","guid":{"rendered":"https:\/\/uj.adatbank.ro\/lexikon\/termek\/dillmont-ferdinand\/"},"modified":"2025-06-28T18:07:09","modified_gmt":"2025-06-28T16:07:09","slug":"dillmont-ferdinand","status":"publish","type":"product","link":"https:\/\/uj.adatbank.ro\/lexikon\/termek\/dillmont-ferdinand\/","title":{"rendered":"DILLMONT Ferdin\u00e1nd"},"content":{"rendered":"<p>? \u2020\u00a0? : szab\u00f3. \u2013 Apja D. Ferdin\u00e1nd, francia v. belga eredet\u0171, katonatiszt, a szabads\u00e1gharc idej\u00e9n ker\u00fclt Erd\u00e9lybe (1848\u201349). Anyja a mikl\u00f3sv\u00e1ri: Forr\u00f3 Ter\u00e9zia. A fiatalon elhunyt apja ut\u00e1n, \u00f6zvegy anyja f\u00e9rjhez ment egy sz\u00e9kelyhodosi emberhez, m\u00e9g h\u00e1rom gyereke sz\u00fcletett. Feles\u00e9ge: kisbaconi G\u00e1l Jozefa. Fiaik: Gyula \u00e9s Ferdin\u00e1nd. \u2013 Mikl\u00f3sv\u00e1ron nevelkedett. B\u00fazah\u00e1z\u00e1n telepedtek le, az\u00e9rt, hogy k\u00f6zel legyen anyj\u00e1hoz. Nagy Gy\u00f6rgy nagybirtokos j\u00f3sz\u00e1gigazgat\u00f3ja volt, majd \u00fari szab\u00f3 a feles\u00e9g\u00e9vel egy\u00fctt. <br \/><strong>Irod.:<\/strong> Cs\u00edkfalva<\/br><\/p>\n","protected":false},"excerpt":{"rendered":"<p>? \u2020\u00a0? : szab\u00f3. \u2013 Apja D. Ferdin\u00e1nd, francia v. belga eredet\u0171, katonatiszt, a szabads\u00e1gharc idej\u00e9n ker\u00fclt Erd\u00e9lybe (1848\u201349). Anyja a mikl\u00f3sv\u00e1ri: Forr\u00f3 Ter\u00e9zia. A fiatalon elhunyt apja ut\u00e1n, \u00f6zvegy anyja f\u00e9rjhez ment egy sz\u00e9kelyhodosi emberhez, m\u00e9g h\u00e1rom gyereke sz\u00fcletett. Feles\u00e9ge: kisbaconi G\u00e1l Jozefa. Fiaik: Gyula \u00e9s Ferdin\u00e1nd. \u2013 Mikl\u00f3sv\u00e1ron nevelkedett. B\u00fazah\u00e1z\u00e1n telepedtek le, az\u00e9rt, [&hellip;]<\/p>\n","protected":false},"featured_media":0,"comment_status":"open","ping_status":"closed","template":"","meta":[],"product_brand":[],"product_cat":[137],"product_tag":[],"class_list":{"0":"post-6860","1":"product","2":"type-product","3":"status-publish","5":"product_cat-maros-megyei-eletrajzi-lexikon","7":"first","8":"instock","9":"shipping-taxable","10":"product-type-simple"},"_links":{"self":[{"href":"https:\/\/uj.adatbank.ro\/lexikon\/wp-json\/wp\/v2\/product\/6860","targetHints":{"allow":["GET"]}}],"collection":[{"href":"https:\/\/uj.adatbank.ro\/lexikon\/wp-json\/wp\/v2\/product"}],"about":[{"href":"https:\/\/uj.adatbank.ro\/lexikon\/wp-json\/wp\/v2\/types\/product"}],"replies":[{"embeddable":true,"href":"https:\/\/uj.adatbank.ro\/lexikon\/wp-json\/wp\/v2\/comments?post=6860"}],"wp:attachment":[{"href":"https:\/\/uj.adatbank.ro\/lexikon\/wp-json\/wp\/v2\/media?parent=6860"}],"wp:term":[{"taxonomy":"product_brand","embeddable":true,"href":"https:\/\/uj.adatbank.ro\/lexikon\/wp-json\/wp\/v2\/product_brand?post=6860"},{"taxonomy":"product_cat","embeddable":true,"href":"https:\/\/uj.adatbank.ro\/lexikon\/wp-json\/wp\/v2\/product_cat?post=6860"},{"taxonomy":"product_tag","embeddable":true,"href":"https:\/\/uj.adatbank.ro\/lexikon\/wp-json\/wp\/v2\/product_tag?post=6860"}],"curies":[{"name":"wp","href":"https:\/\/api.w.org\/{rel}","templated":true}]}}