{"id":6861,"date":"2025-06-28T18:07:10","date_gmt":"2025-06-28T16:07:10","guid":{"rendered":"https:\/\/uj.adatbank.ro\/lexikon\/termek\/dillmont-gyula-dilemond-gyula-dilemont-gyula-szephegyi-gyula-dillemont-szephegyi-gyula-alneve-szephegyi-gyula\/"},"modified":"2025-06-28T18:07:10","modified_gmt":"2025-06-28T16:07:10","slug":"dillmont-gyula-dilemond-gyula-dilemont-gyula-szephegyi-gyula-dillemont-szephegyi-gyula-alneve-szephegyi-gyula","status":"publish","type":"product","link":"https:\/\/uj.adatbank.ro\/lexikon\/termek\/dillmont-gyula-dilemond-gyula-dilemont-gyula-szephegyi-gyula-dillemont-szephegyi-gyula-alneve-szephegyi-gyula\/","title":{"rendered":"DILLMONT Gyula, Dilemond Gyula, Dilemont Gyula, Sz\u00e9phegyi Gyula, Dillemont (Sz\u00e9phegyi) Gyula, \u00e1lneve: Sz\u00e9phegyi Gyula."},"content":{"rendered":"<p>B\u00fazah\u00e1za, 1873., \u2020\u00a01921. febr. 13.: asztalos, amat\u0151r nyomd\u00e1sz, ezermester, k\u00f6lt\u0151, pr\u00f3za\u00edr\u00f3. \u2013 D. Ferdin\u00e1nd \u00e9s G\u00e1l Jozefa fia. Feles\u00e9ge: J\u00e1nossy Kl\u00e1ra, esk. 1908. m\u00e1rc. 4. Gyermekeik: Ferdin\u00e1nd (1909. jan. 31-?); Piroska Kily\u00e9n Istv\u00e1nn\u00e9 (1919. jan. 15. -?); Polix\u00e9nia Burj\u00e1n Emiln\u00e9 (1921. j\u00fan. 21. \u2013). \u2013 Apja korai hal\u00e1la ut\u00e1n nevel\u00e9s\u00fcr\u0151l \u00f6zv. anyja gondoskodott. Nem j\u00e1rt iskol\u00e1ba, de anyja megtan\u00edtotta \u00edrni, olvasni, sz\u00e1molni, \u00e9nekelni. J\u00f3l rajzolt, kiv\u00e1l\u00f3an zen\u00e9lt. Autodidaktak\u00e9nt tanult meg franci\u00e1ul, n\u00e9met\u00fcl \u00e9s rom\u00e1nul. Valahogy \u00fcgyes asztalos \u00e9s ezermester lett. Asztalosm\u0171helyt rendezett be. Hangszereket: heged\u0171, cimbalom, citera, harm\u00f3nium k\u00e9sz\u00edtett, jav\u00edtott \u00e9s megsz\u00f3laltatott. Verseit, karcolatait, novell\u00e1it k\u00f6z\u00f6lte a M. G\u00e9nius, K\u00e9pes Csal\u00e1di Lap, Budapesti K\u00f6zl\u00f6ny, Budapesti J\u00f3 Est\u00e9t (1890\u20131915). Fiatal \u00e9rtelmis\u00e9giek seg\u00edts\u00e9g\u00e9vel szerk. A mi lapunk-kat (19. sz. v\u00e9g\u00e9n). F\u00e1b\u00f3l kis bet\u0171ket faragott, minden kell\u00e9ket elk\u00e9sz\u00edtett \u00e9s kis h\u00e1zi juharfanyomd\u00e1t \u00e1ll\u00edtott fel mag\u00e1nak. Fanyomd\u00e1j\u00e1ban jelentette meg humoros vers\u00e9t: Egy reverenda t\u00f6rt\u00e9nete c., valamint Nagy Lajos \u00e9s Szentm\u00e1rtoni B\u00e1lint, P. b\u00fazah\u00e1zi\u00a0tan\u00edt\u00f3 k\u00f6z\u00f6sen \u00edrt kis k\u00f6nyv\u00e9t: B\u00fazah\u00e1za kis k\u00f6zs\u00e9g t\u00f6rt\u00e9nete (1897), ezt (1902 vagy 1903. j\u00fal. 28.). El\u0151fizet\u00e9si felh\u00edv\u00e1st tett k\u00f6zz\u00e9, amelyben 1903. nov.-dec. -re v\u00e1rta saj\u00e1t k\u00f6tete mv.-i megjelen\u00e9s\u00e9t. \u2013 <strong>F. m.:<\/strong> Tarka t\u00f6rt\u00e9netek: Novell\u00e1k, rajzok, humoreszkek (Mv., [1903]),. <br \/><strong>Irod.:<\/strong> Cs\u00edkfalva; Kelemen Imre; Sepsisz\u00e9ki<\/br><\/p>\n","protected":false},"excerpt":{"rendered":"<p>B\u00fazah\u00e1za, 1873., \u2020\u00a01921. febr. 13.: asztalos, amat\u0151r nyomd\u00e1sz, ezermester, k\u00f6lt\u0151, pr\u00f3za\u00edr\u00f3. \u2013 D. Ferdin\u00e1nd \u00e9s G\u00e1l Jozefa fia. Feles\u00e9ge: J\u00e1nossy Kl\u00e1ra, esk. 1908. m\u00e1rc. 4. Gyermekeik: Ferdin\u00e1nd (1909. jan. 31-?); Piroska Kily\u00e9n Istv\u00e1nn\u00e9 (1919. jan. 15. -?); Polix\u00e9nia Burj\u00e1n Emiln\u00e9 (1921. j\u00fan. 21. \u2013). \u2013 Apja korai hal\u00e1la ut\u00e1n nevel\u00e9s\u00fcr\u0151l \u00f6zv. anyja gondoskodott. Nem j\u00e1rt [&hellip;]<\/p>\n","protected":false},"featured_media":0,"comment_status":"open","ping_status":"closed","template":"","meta":[],"product_brand":[],"product_cat":[137],"product_tag":[],"class_list":{"0":"post-6861","1":"product","2":"type-product","3":"status-publish","5":"product_cat-maros-megyei-eletrajzi-lexikon","7":"first","8":"instock","9":"shipping-taxable","10":"product-type-simple"},"_links":{"self":[{"href":"https:\/\/uj.adatbank.ro\/lexikon\/wp-json\/wp\/v2\/product\/6861","targetHints":{"allow":["GET"]}}],"collection":[{"href":"https:\/\/uj.adatbank.ro\/lexikon\/wp-json\/wp\/v2\/product"}],"about":[{"href":"https:\/\/uj.adatbank.ro\/lexikon\/wp-json\/wp\/v2\/types\/product"}],"replies":[{"embeddable":true,"href":"https:\/\/uj.adatbank.ro\/lexikon\/wp-json\/wp\/v2\/comments?post=6861"}],"wp:attachment":[{"href":"https:\/\/uj.adatbank.ro\/lexikon\/wp-json\/wp\/v2\/media?parent=6861"}],"wp:term":[{"taxonomy":"product_brand","embeddable":true,"href":"https:\/\/uj.adatbank.ro\/lexikon\/wp-json\/wp\/v2\/product_brand?post=6861"},{"taxonomy":"product_cat","embeddable":true,"href":"https:\/\/uj.adatbank.ro\/lexikon\/wp-json\/wp\/v2\/product_cat?post=6861"},{"taxonomy":"product_tag","embeddable":true,"href":"https:\/\/uj.adatbank.ro\/lexikon\/wp-json\/wp\/v2\/product_tag?post=6861"}],"curies":[{"name":"wp","href":"https:\/\/api.w.org\/{rel}","templated":true}]}}