{"id":6862,"date":"2025-06-28T18:07:11","date_gmt":"2025-06-28T16:07:11","guid":{"rendered":"https:\/\/uj.adatbank.ro\/lexikon\/termek\/dimeny-jozsef-nagygalambfalvi\/"},"modified":"2025-06-28T18:07:11","modified_gmt":"2025-06-28T16:07:11","slug":"dimeny-jozsef-nagygalambfalvi","status":"publish","type":"product","link":"https:\/\/uj.adatbank.ro\/lexikon\/termek\/dimeny-jozsef-nagygalambfalvi\/","title":{"rendered":"DIM\u00c9NY J\u00f3zsef, nagygalambfalvi"},"content":{"rendered":"<p>? \u2020\u00a0Gyulafeh\u00e9rv\u00e1r, 1855 jan.: ref. lelk\u00e9sz. \u2013 Le\u00e1nyai k\u00f6z\u00fcl: Jozefa ref. lelk\u00e9sz Varga S\u00e1mueln\u00e9; Kata Sal\u00e1nky K\u00e1rolyn\u00e9 (1846.? \u2013 Mv., 1882. m\u00e1rc. 24.). \u2013 Marossz\u00e9k t\u00e1blab\u00edr\u00e1ja, \u00e9s mv.-i ref. egyh\u00e1z papja a V\u00e1rtemplomban (1826\u201343), a Kistemplomban teljes\u00edtett szolg\u00e1latot (1827.-ben van adat), nagy \u00fcnnep\u00e9llyel szentelte fel az akkor \u00e9p\u00fclt Kistemplomot (1830. szept. 12); Felvinczen lelk\u00e9sz (1843\u20131848), a felkel\u0151 rom\u00e1nok a k\u00f6zs\u00e9get porr\u00e1 \u00e9gett\u00e9k, igy innen Tord\u00e1ra, majd Kv.-ra menek\u00fclt mialatt neje meghalt. H\u00e1rom le\u00e1ny\u00e1val Buk. &#8211; be ment, ahol a ref. egyh\u00e1z papja volt (1850). A Makk f\u00e9le \u00f6sszeesk\u00fcv\u00e9sben val\u00f3 r\u00e9szv\u00e9tellel gyan\u00fas\u00edtott\u00e1k, letart\u00f3ztatt\u00e1k (1852 tavasz\u00e1n), \u00e9s v\u00e1rfogs\u00e1gra \u00edt\u00e9lt\u00e9k (4 \u00e9vre). Meghalt fogs\u00e1ga ideje alatt Gyulafeh\u00e9rv\u00e1ron a kazamat\u00e1ban. \u2013 <strong>F. m.:<\/strong> A polg\u00e1ri t\u00e1rsas\u00e1got boldog\u00edt\u00f3 fejedelmi er\u00e9nyek els\u0151 Ferencz \u0151 cs. kir. \u00e9s apostoli fels\u00e9g\u00e9nek v\u00e9gtisztelet\u00e9n 1835. \u00e1pr. 5-\u00e9n. elmondott a mv.-i templomban (Mv., 1835). <br \/><strong>Irod.:<\/strong> Gy\u00e1szjelent\u0151; Kr\u00f3n F\u00fcz. (1939. 4\/7); Szinnyei; V\u00e1rtemplomi lelk\u00e9szek n\u00e9vsora, 1571\u20132000 (\u00daj Kezdet, 2. sz., 2000)<\/br><\/p>\n","protected":false},"excerpt":{"rendered":"<p>? \u2020\u00a0Gyulafeh\u00e9rv\u00e1r, 1855 jan.: ref. lelk\u00e9sz. \u2013 Le\u00e1nyai k\u00f6z\u00fcl: Jozefa ref. lelk\u00e9sz Varga S\u00e1mueln\u00e9; Kata Sal\u00e1nky K\u00e1rolyn\u00e9 (1846.? \u2013 Mv., 1882. m\u00e1rc. 24.). \u2013 Marossz\u00e9k t\u00e1blab\u00edr\u00e1ja, \u00e9s mv.-i ref. egyh\u00e1z papja a V\u00e1rtemplomban (1826\u201343), a Kistemplomban teljes\u00edtett szolg\u00e1latot (1827.-ben van adat), nagy \u00fcnnep\u00e9llyel szentelte fel az akkor \u00e9p\u00fclt Kistemplomot (1830. szept. 12); Felvinczen lelk\u00e9sz (1843\u20131848), [&hellip;]<\/p>\n","protected":false},"featured_media":0,"comment_status":"open","ping_status":"closed","template":"","meta":[],"product_brand":[],"product_cat":[137],"product_tag":[],"class_list":{"0":"post-6862","1":"product","2":"type-product","3":"status-publish","5":"product_cat-maros-megyei-eletrajzi-lexikon","7":"first","8":"instock","9":"shipping-taxable","10":"product-type-simple"},"_links":{"self":[{"href":"https:\/\/uj.adatbank.ro\/lexikon\/wp-json\/wp\/v2\/product\/6862","targetHints":{"allow":["GET"]}}],"collection":[{"href":"https:\/\/uj.adatbank.ro\/lexikon\/wp-json\/wp\/v2\/product"}],"about":[{"href":"https:\/\/uj.adatbank.ro\/lexikon\/wp-json\/wp\/v2\/types\/product"}],"replies":[{"embeddable":true,"href":"https:\/\/uj.adatbank.ro\/lexikon\/wp-json\/wp\/v2\/comments?post=6862"}],"wp:attachment":[{"href":"https:\/\/uj.adatbank.ro\/lexikon\/wp-json\/wp\/v2\/media?parent=6862"}],"wp:term":[{"taxonomy":"product_brand","embeddable":true,"href":"https:\/\/uj.adatbank.ro\/lexikon\/wp-json\/wp\/v2\/product_brand?post=6862"},{"taxonomy":"product_cat","embeddable":true,"href":"https:\/\/uj.adatbank.ro\/lexikon\/wp-json\/wp\/v2\/product_cat?post=6862"},{"taxonomy":"product_tag","embeddable":true,"href":"https:\/\/uj.adatbank.ro\/lexikon\/wp-json\/wp\/v2\/product_tag?post=6862"}],"curies":[{"name":"wp","href":"https:\/\/api.w.org\/{rel}","templated":true}]}}