{"id":6864,"date":"2025-06-28T18:07:16","date_gmt":"2025-06-28T16:07:16","guid":{"rendered":"https:\/\/uj.adatbank.ro\/lexikon\/termek\/dimeny-sandor-dimen-alexandru\/"},"modified":"2025-06-28T18:07:16","modified_gmt":"2025-06-28T16:07:16","slug":"dimeny-sandor-dimen-alexandru","status":"publish","type":"product","link":"https:\/\/uj.adatbank.ro\/lexikon\/termek\/dimeny-sandor-dimen-alexandru\/","title":{"rendered":"DIM\u00c9NY S\u00e1ndor, Dimen Alexandru"},"content":{"rendered":"<p>? \u2020\u00a0? : agron\u00f3mus. \u2013 A MMAT k\u00e9pvisel\u0151je a Nagy Nemzetgy\u0171l\u00e9sben (1965. m\u00e1rc. 7.), a kollekt\u00edv gazdas\u00e1g eln\u00f6ke Cs\u00edkszentm\u00e1rtonban (1965\u2013). \u2013 <strong>F. m.:<\/strong> Kenyer\u00fcnk a burgonya. (Cs\u00edkszereda, 1972). <br \/><strong>Irod.:<\/strong> Cri\u015fan; R\u00e9thy-\u00dajv\u00e1ri-V\u00e1czy<\/br><\/p>\n","protected":false},"excerpt":{"rendered":"<p>? \u2020\u00a0? : agron\u00f3mus. \u2013 A MMAT k\u00e9pvisel\u0151je a Nagy Nemzetgy\u0171l\u00e9sben (1965. m\u00e1rc. 7.), a kollekt\u00edv gazdas\u00e1g eln\u00f6ke Cs\u00edkszentm\u00e1rtonban (1965\u2013). \u2013 F. m.: Kenyer\u00fcnk a burgonya. (Cs\u00edkszereda, 1972). Irod.: Cri\u015fan; R\u00e9thy-\u00dajv\u00e1ri-V\u00e1czy<\/p>\n","protected":false},"featured_media":0,"comment_status":"open","ping_status":"closed","template":"","meta":[],"product_brand":[],"product_cat":[137],"product_tag":[],"class_list":{"0":"post-6864","1":"product","2":"type-product","3":"status-publish","5":"product_cat-maros-megyei-eletrajzi-lexikon","7":"first","8":"instock","9":"shipping-taxable","10":"product-type-simple"},"_links":{"self":[{"href":"https:\/\/uj.adatbank.ro\/lexikon\/wp-json\/wp\/v2\/product\/6864","targetHints":{"allow":["GET"]}}],"collection":[{"href":"https:\/\/uj.adatbank.ro\/lexikon\/wp-json\/wp\/v2\/product"}],"about":[{"href":"https:\/\/uj.adatbank.ro\/lexikon\/wp-json\/wp\/v2\/types\/product"}],"replies":[{"embeddable":true,"href":"https:\/\/uj.adatbank.ro\/lexikon\/wp-json\/wp\/v2\/comments?post=6864"}],"wp:attachment":[{"href":"https:\/\/uj.adatbank.ro\/lexikon\/wp-json\/wp\/v2\/media?parent=6864"}],"wp:term":[{"taxonomy":"product_brand","embeddable":true,"href":"https:\/\/uj.adatbank.ro\/lexikon\/wp-json\/wp\/v2\/product_brand?post=6864"},{"taxonomy":"product_cat","embeddable":true,"href":"https:\/\/uj.adatbank.ro\/lexikon\/wp-json\/wp\/v2\/product_cat?post=6864"},{"taxonomy":"product_tag","embeddable":true,"href":"https:\/\/uj.adatbank.ro\/lexikon\/wp-json\/wp\/v2\/product_tag?post=6864"}],"curies":[{"name":"wp","href":"https:\/\/api.w.org\/{rel}","templated":true}]}}