{"id":6867,"date":"2025-06-28T18:07:23","date_gmt":"2025-06-28T16:07:23","guid":{"rendered":"https:\/\/uj.adatbank.ro\/lexikon\/termek\/dimiu-mihai\/"},"modified":"2025-06-28T18:07:23","modified_gmt":"2025-06-28T16:07:23","slug":"dimiu-mihai","status":"publish","type":"product","link":"https:\/\/uj.adatbank.ro\/lexikon\/termek\/dimiu-mihai\/","title":{"rendered":"DIMIU Mihai"},"content":{"rendered":"<p>? \u2020 ? : rendez\u0151, pedag\u00f3gus. \u2013 A Mv. \u00c1llami Sz\u00ednh\u00e1z rom\u00e1n tagozat\u00e1n m\u0171k\u00f6d\u00f6tt (1963\u201365). \u2013 <strong>F. r.:<\/strong>: Jean Cocteau: Ma\u015fina descris; Aurel Storin: Cu cine m\u0103 bat; Camil Petrescu: Mitic\u0103 Popescu; Al. Popescu: Croitorii cei mari din Valahia. <br \/><strong>Irod.:<\/strong> Fodor Zeno<\/br><\/p>\n","protected":false},"excerpt":{"rendered":"<p>? \u2020 ? : rendez\u0151, pedag\u00f3gus. \u2013 A Mv. \u00c1llami Sz\u00ednh\u00e1z rom\u00e1n tagozat\u00e1n m\u0171k\u00f6d\u00f6tt (1963\u201365). \u2013 F. r.:: Jean Cocteau: Ma\u015fina descris; Aurel Storin: Cu cine m\u0103 bat; Camil Petrescu: Mitic\u0103 Popescu; Al. Popescu: Croitorii cei mari din Valahia. Irod.: Fodor Zeno<\/p>\n","protected":false},"featured_media":0,"comment_status":"open","ping_status":"closed","template":"","meta":[],"product_brand":[],"product_cat":[137],"product_tag":[],"class_list":{"0":"post-6867","1":"product","2":"type-product","3":"status-publish","5":"product_cat-maros-megyei-eletrajzi-lexikon","7":"first","8":"instock","9":"shipping-taxable","10":"product-type-simple"},"_links":{"self":[{"href":"https:\/\/uj.adatbank.ro\/lexikon\/wp-json\/wp\/v2\/product\/6867","targetHints":{"allow":["GET"]}}],"collection":[{"href":"https:\/\/uj.adatbank.ro\/lexikon\/wp-json\/wp\/v2\/product"}],"about":[{"href":"https:\/\/uj.adatbank.ro\/lexikon\/wp-json\/wp\/v2\/types\/product"}],"replies":[{"embeddable":true,"href":"https:\/\/uj.adatbank.ro\/lexikon\/wp-json\/wp\/v2\/comments?post=6867"}],"wp:attachment":[{"href":"https:\/\/uj.adatbank.ro\/lexikon\/wp-json\/wp\/v2\/media?parent=6867"}],"wp:term":[{"taxonomy":"product_brand","embeddable":true,"href":"https:\/\/uj.adatbank.ro\/lexikon\/wp-json\/wp\/v2\/product_brand?post=6867"},{"taxonomy":"product_cat","embeddable":true,"href":"https:\/\/uj.adatbank.ro\/lexikon\/wp-json\/wp\/v2\/product_cat?post=6867"},{"taxonomy":"product_tag","embeddable":true,"href":"https:\/\/uj.adatbank.ro\/lexikon\/wp-json\/wp\/v2\/product_tag?post=6867"}],"curies":[{"name":"wp","href":"https:\/\/api.w.org\/{rel}","templated":true}]}}