{"id":6869,"date":"2025-06-28T18:07:28","date_gmt":"2025-06-28T16:07:28","guid":{"rendered":"https:\/\/uj.adatbank.ro\/lexikon\/termek\/dindar-gyula-romai-szentbirodalmi-lovag-gyulafehervari-es-thindarasi\/"},"modified":"2025-06-28T18:07:28","modified_gmt":"2025-06-28T16:07:28","slug":"dindar-gyula-romai-szentbirodalmi-lovag-gyulafehervari-es-thindarasi","status":"publish","type":"product","link":"https:\/\/uj.adatbank.ro\/lexikon\/termek\/dindar-gyula-romai-szentbirodalmi-lovag-gyulafehervari-es-thindarasi\/","title":{"rendered":"DIND\u00c1R Gyula, r\u00f3mai szentbirodalmi lovag, gyulafeh\u00e9rv\u00e1ri \u00e9s thindarasi"},"content":{"rendered":"<p>1825.?, \u2020\u00a0Mez\u0151k\u00f6lp\u00e9ny, 1927. j\u00fal. 28. Mez\u0151s\u00e1msond, csal\u00e1di s\u00edrkert: v\u00e1rosi tisztvisel\u0151, birtokos. \u2013 Testv\u00e9rei: D. Lenke, Szentkir\u00e1lyi Gyul\u00e1n\u00e9; Ilona, S\u00e1ndor K\u00e1lm\u00e1nn\u00e9; M\u00e1ria; Gyula, Tivadar, Alojzia. \u2013 Mv.-en v\u00e1rosi f\u0151v\u00e1mszed\u0151. <br \/><strong>Irod.:<\/strong> Gy\u00e1szjelent\u0151<\/br><\/p>\n","protected":false},"excerpt":{"rendered":"<p>1825.?, \u2020\u00a0Mez\u0151k\u00f6lp\u00e9ny, 1927. j\u00fal. 28. Mez\u0151s\u00e1msond, csal\u00e1di s\u00edrkert: v\u00e1rosi tisztvisel\u0151, birtokos. \u2013 Testv\u00e9rei: D. Lenke, Szentkir\u00e1lyi Gyul\u00e1n\u00e9; Ilona, S\u00e1ndor K\u00e1lm\u00e1nn\u00e9; M\u00e1ria; Gyula, Tivadar, Alojzia. \u2013 Mv.-en v\u00e1rosi f\u0151v\u00e1mszed\u0151. Irod.: Gy\u00e1szjelent\u0151<\/p>\n","protected":false},"featured_media":0,"comment_status":"open","ping_status":"closed","template":"","meta":[],"product_brand":[],"product_cat":[137],"product_tag":[],"class_list":{"0":"post-6869","1":"product","2":"type-product","3":"status-publish","5":"product_cat-maros-megyei-eletrajzi-lexikon","7":"first","8":"instock","9":"shipping-taxable","10":"product-type-simple"},"_links":{"self":[{"href":"https:\/\/uj.adatbank.ro\/lexikon\/wp-json\/wp\/v2\/product\/6869","targetHints":{"allow":["GET"]}}],"collection":[{"href":"https:\/\/uj.adatbank.ro\/lexikon\/wp-json\/wp\/v2\/product"}],"about":[{"href":"https:\/\/uj.adatbank.ro\/lexikon\/wp-json\/wp\/v2\/types\/product"}],"replies":[{"embeddable":true,"href":"https:\/\/uj.adatbank.ro\/lexikon\/wp-json\/wp\/v2\/comments?post=6869"}],"wp:attachment":[{"href":"https:\/\/uj.adatbank.ro\/lexikon\/wp-json\/wp\/v2\/media?parent=6869"}],"wp:term":[{"taxonomy":"product_brand","embeddable":true,"href":"https:\/\/uj.adatbank.ro\/lexikon\/wp-json\/wp\/v2\/product_brand?post=6869"},{"taxonomy":"product_cat","embeddable":true,"href":"https:\/\/uj.adatbank.ro\/lexikon\/wp-json\/wp\/v2\/product_cat?post=6869"},{"taxonomy":"product_tag","embeddable":true,"href":"https:\/\/uj.adatbank.ro\/lexikon\/wp-json\/wp\/v2\/product_tag?post=6869"}],"curies":[{"name":"wp","href":"https:\/\/api.w.org\/{rel}","templated":true}]}}