{"id":6870,"date":"2025-06-28T18:07:30","date_gmt":"2025-06-28T16:07:30","guid":{"rendered":"https:\/\/uj.adatbank.ro\/lexikon\/termek\/dindar-lajos\/"},"modified":"2025-06-28T18:07:30","modified_gmt":"2025-06-28T16:07:30","slug":"dindar-lajos","status":"publish","type":"product","link":"https:\/\/uj.adatbank.ro\/lexikon\/termek\/dindar-lajos\/","title":{"rendered":"DIND\u00c1R Lajos"},"content":{"rendered":"<p>? \u2020\u00a0? : f\u0151szolgab\u00edr\u00f3. \u2013 Feles\u00e9ge: als\u00f3csern\u00e1toni Damokos Krisztina (1802 \u2013 Maroskereszt\u00far, 1872. jan. 15.). Dull\u00f3biztos Panitban (1848), jelent\u00e9st tett Mez\u0151s\u00e1msondr\u00f3l a Nagy\u00f6lyvesen t\u00f6rt\u00e9nt rom\u00e1n megmozdul\u00e1sr\u00f3l (1848. \u00e1pr. 21.). Lemondott (1848. m\u00e1j. 24.). <br \/><strong>Irod.:<\/strong> 1848\u20131849 Marossz\u00e9k; Gy\u00e1szjelent\u0151<\/br><\/p>\n","protected":false},"excerpt":{"rendered":"<p>? \u2020\u00a0? : f\u0151szolgab\u00edr\u00f3. \u2013 Feles\u00e9ge: als\u00f3csern\u00e1toni Damokos Krisztina (1802 \u2013 Maroskereszt\u00far, 1872. jan. 15.). Dull\u00f3biztos Panitban (1848), jelent\u00e9st tett Mez\u0151s\u00e1msondr\u00f3l a Nagy\u00f6lyvesen t\u00f6rt\u00e9nt rom\u00e1n megmozdul\u00e1sr\u00f3l (1848. \u00e1pr. 21.). Lemondott (1848. m\u00e1j. 24.). Irod.: 1848\u20131849 Marossz\u00e9k; Gy\u00e1szjelent\u0151<\/p>\n","protected":false},"featured_media":0,"comment_status":"open","ping_status":"closed","template":"","meta":[],"product_brand":[],"product_cat":[137],"product_tag":[],"class_list":{"0":"post-6870","1":"product","2":"type-product","3":"status-publish","5":"product_cat-maros-megyei-eletrajzi-lexikon","7":"first","8":"instock","9":"shipping-taxable","10":"product-type-simple"},"_links":{"self":[{"href":"https:\/\/uj.adatbank.ro\/lexikon\/wp-json\/wp\/v2\/product\/6870","targetHints":{"allow":["GET"]}}],"collection":[{"href":"https:\/\/uj.adatbank.ro\/lexikon\/wp-json\/wp\/v2\/product"}],"about":[{"href":"https:\/\/uj.adatbank.ro\/lexikon\/wp-json\/wp\/v2\/types\/product"}],"replies":[{"embeddable":true,"href":"https:\/\/uj.adatbank.ro\/lexikon\/wp-json\/wp\/v2\/comments?post=6870"}],"wp:attachment":[{"href":"https:\/\/uj.adatbank.ro\/lexikon\/wp-json\/wp\/v2\/media?parent=6870"}],"wp:term":[{"taxonomy":"product_brand","embeddable":true,"href":"https:\/\/uj.adatbank.ro\/lexikon\/wp-json\/wp\/v2\/product_brand?post=6870"},{"taxonomy":"product_cat","embeddable":true,"href":"https:\/\/uj.adatbank.ro\/lexikon\/wp-json\/wp\/v2\/product_cat?post=6870"},{"taxonomy":"product_tag","embeddable":true,"href":"https:\/\/uj.adatbank.ro\/lexikon\/wp-json\/wp\/v2\/product_tag?post=6870"}],"curies":[{"name":"wp","href":"https:\/\/api.w.org\/{rel}","templated":true}]}}