{"id":6871,"date":"2025-06-28T18:07:31","date_gmt":"2025-06-28T16:07:31","guid":{"rendered":"https:\/\/uj.adatbank.ro\/lexikon\/termek\/dindar-laszlo-tindarisi-es-romai-szent-birodalmi\/"},"modified":"2025-06-28T18:07:31","modified_gmt":"2025-06-28T16:07:31","slug":"dindar-laszlo-tindarisi-es-romai-szent-birodalmi","status":"publish","type":"product","link":"https:\/\/uj.adatbank.ro\/lexikon\/termek\/dindar-laszlo-tindarisi-es-romai-szent-birodalmi\/","title":{"rendered":"DIND\u00c1R L\u00e1szl\u00f3, tindarisi \u00e9s r\u00f3mai szent-birodalmi"},"content":{"rendered":"<p>? \u2020\u00a0? : lovag, Erd\u00e9lybe Mih\u00e1ly vajda megh\u00edv\u00e1s\u00e1ra j\u00f6tt be a Dind\u00e1r csal\u00e1d. D. L. Lip\u00f3t uralkod\u00f3t\u00f3l nyert c\u00edmeres nemeslevelet (1695. jan. 30). <br \/><strong>Irod.:<\/strong> P\u00e1lmay<\/br><\/p>\n","protected":false},"excerpt":{"rendered":"<p>? \u2020\u00a0? : lovag, Erd\u00e9lybe Mih\u00e1ly vajda megh\u00edv\u00e1s\u00e1ra j\u00f6tt be a Dind\u00e1r csal\u00e1d. D. L. Lip\u00f3t uralkod\u00f3t\u00f3l nyert c\u00edmeres nemeslevelet (1695. jan. 30). Irod.: P\u00e1lmay<\/p>\n","protected":false},"featured_media":0,"comment_status":"open","ping_status":"closed","template":"","meta":[],"product_brand":[],"product_cat":[137],"product_tag":[],"class_list":{"0":"post-6871","1":"product","2":"type-product","3":"status-publish","5":"product_cat-maros-megyei-eletrajzi-lexikon","7":"first","8":"instock","9":"shipping-taxable","10":"product-type-simple"},"_links":{"self":[{"href":"https:\/\/uj.adatbank.ro\/lexikon\/wp-json\/wp\/v2\/product\/6871","targetHints":{"allow":["GET"]}}],"collection":[{"href":"https:\/\/uj.adatbank.ro\/lexikon\/wp-json\/wp\/v2\/product"}],"about":[{"href":"https:\/\/uj.adatbank.ro\/lexikon\/wp-json\/wp\/v2\/types\/product"}],"replies":[{"embeddable":true,"href":"https:\/\/uj.adatbank.ro\/lexikon\/wp-json\/wp\/v2\/comments?post=6871"}],"wp:attachment":[{"href":"https:\/\/uj.adatbank.ro\/lexikon\/wp-json\/wp\/v2\/media?parent=6871"}],"wp:term":[{"taxonomy":"product_brand","embeddable":true,"href":"https:\/\/uj.adatbank.ro\/lexikon\/wp-json\/wp\/v2\/product_brand?post=6871"},{"taxonomy":"product_cat","embeddable":true,"href":"https:\/\/uj.adatbank.ro\/lexikon\/wp-json\/wp\/v2\/product_cat?post=6871"},{"taxonomy":"product_tag","embeddable":true,"href":"https:\/\/uj.adatbank.ro\/lexikon\/wp-json\/wp\/v2\/product_tag?post=6871"}],"curies":[{"name":"wp","href":"https:\/\/api.w.org\/{rel}","templated":true}]}}