{"id":6876,"date":"2025-06-28T18:07:42","date_gmt":"2025-06-28T16:07:42","guid":{"rendered":"https:\/\/uj.adatbank.ro\/lexikon\/termek\/diosi-pal\/"},"modified":"2025-06-28T18:07:42","modified_gmt":"2025-06-28T16:07:42","slug":"diosi-pal","status":"publish","type":"product","link":"https:\/\/uj.adatbank.ro\/lexikon\/termek\/diosi-pal\/","title":{"rendered":"DI\u00d3SI P\u00e1l"},"content":{"rendered":"<p>? \u2020\u00a0? : esk\u00fcdt polg\u00e1r, k\u00f6zv\u00e1dl\u00f3. \u2013 A mv.-i v\u00e1rosi esk\u00fcdt k\u00f6z\u00f6ns\u00e9g tagja, k\u00f6zv\u00e1dl\u00f3 (1709). <br \/><strong>Irod.:<\/strong> P\u00e1l-Antal 2006<\/br><\/p>\n","protected":false},"excerpt":{"rendered":"<p>? \u2020\u00a0? : esk\u00fcdt polg\u00e1r, k\u00f6zv\u00e1dl\u00f3. \u2013 A mv.-i v\u00e1rosi esk\u00fcdt k\u00f6z\u00f6ns\u00e9g tagja, k\u00f6zv\u00e1dl\u00f3 (1709). Irod.: P\u00e1l-Antal 2006<\/p>\n","protected":false},"featured_media":0,"comment_status":"open","ping_status":"closed","template":"","meta":[],"product_brand":[],"product_cat":[137],"product_tag":[],"class_list":{"0":"post-6876","1":"product","2":"type-product","3":"status-publish","5":"product_cat-maros-megyei-eletrajzi-lexikon","7":"first","8":"instock","9":"shipping-taxable","10":"product-type-simple"},"_links":{"self":[{"href":"https:\/\/uj.adatbank.ro\/lexikon\/wp-json\/wp\/v2\/product\/6876","targetHints":{"allow":["GET"]}}],"collection":[{"href":"https:\/\/uj.adatbank.ro\/lexikon\/wp-json\/wp\/v2\/product"}],"about":[{"href":"https:\/\/uj.adatbank.ro\/lexikon\/wp-json\/wp\/v2\/types\/product"}],"replies":[{"embeddable":true,"href":"https:\/\/uj.adatbank.ro\/lexikon\/wp-json\/wp\/v2\/comments?post=6876"}],"wp:attachment":[{"href":"https:\/\/uj.adatbank.ro\/lexikon\/wp-json\/wp\/v2\/media?parent=6876"}],"wp:term":[{"taxonomy":"product_brand","embeddable":true,"href":"https:\/\/uj.adatbank.ro\/lexikon\/wp-json\/wp\/v2\/product_brand?post=6876"},{"taxonomy":"product_cat","embeddable":true,"href":"https:\/\/uj.adatbank.ro\/lexikon\/wp-json\/wp\/v2\/product_cat?post=6876"},{"taxonomy":"product_tag","embeddable":true,"href":"https:\/\/uj.adatbank.ro\/lexikon\/wp-json\/wp\/v2\/product_tag?post=6876"}],"curies":[{"name":"wp","href":"https:\/\/api.w.org\/{rel}","templated":true}]}}