{"id":6878,"date":"2025-06-28T18:07:46","date_gmt":"2025-06-28T16:07:46","guid":{"rendered":"https:\/\/uj.adatbank.ro\/lexikon\/termek\/dioszegi-gyula-2\/"},"modified":"2025-06-28T18:07:46","modified_gmt":"2025-06-28T16:07:46","slug":"dioszegi-gyula-2","status":"publish","type":"product","link":"https:\/\/uj.adatbank.ro\/lexikon\/termek\/dioszegi-gyula-2\/","title":{"rendered":"DI\u00d3SZEGI Gyula"},"content":{"rendered":"<p>? \u2020\u00a0? : hivatalnok. \u2013 Feles\u00e9ge Antal R\u00f3za (1852- Mv., 1878. j\u00fan. 19.). \u2013 Maros-Torda vm.-i \u00e1rvasz\u00e9ki el\u0151ad\u00f3. A v\u00e1rmegye h\u00e1z\u00e1ban 50 kg. dinamitot rejtegetett, melyel fel kellett volna robbantani a Szeret h\u00eddj\u00e1t az orosz ut\u00e1np\u00f3tl\u00e1s megakad\u00e1lyoz\u00e1s\u00e1ra (1877). <br \/><strong>Irod.:<\/strong> Gy\u00e1szjelent\u0151; Id\u0151t\u00e1r 2<\/br><\/p>\n","protected":false},"excerpt":{"rendered":"<p>? \u2020\u00a0? : hivatalnok. \u2013 Feles\u00e9ge Antal R\u00f3za (1852- Mv., 1878. j\u00fan. 19.). \u2013 Maros-Torda vm.-i \u00e1rvasz\u00e9ki el\u0151ad\u00f3. A v\u00e1rmegye h\u00e1z\u00e1ban 50 kg. dinamitot rejtegetett, melyel fel kellett volna robbantani a Szeret h\u00eddj\u00e1t az orosz ut\u00e1np\u00f3tl\u00e1s megakad\u00e1lyoz\u00e1s\u00e1ra (1877). Irod.: Gy\u00e1szjelent\u0151; Id\u0151t\u00e1r 2<\/p>\n","protected":false},"featured_media":0,"comment_status":"open","ping_status":"closed","template":"","meta":[],"product_brand":[],"product_cat":[137],"product_tag":[],"class_list":{"0":"post-6878","1":"product","2":"type-product","3":"status-publish","5":"product_cat-maros-megyei-eletrajzi-lexikon","7":"first","8":"instock","9":"shipping-taxable","10":"product-type-simple"},"_links":{"self":[{"href":"https:\/\/uj.adatbank.ro\/lexikon\/wp-json\/wp\/v2\/product\/6878","targetHints":{"allow":["GET"]}}],"collection":[{"href":"https:\/\/uj.adatbank.ro\/lexikon\/wp-json\/wp\/v2\/product"}],"about":[{"href":"https:\/\/uj.adatbank.ro\/lexikon\/wp-json\/wp\/v2\/types\/product"}],"replies":[{"embeddable":true,"href":"https:\/\/uj.adatbank.ro\/lexikon\/wp-json\/wp\/v2\/comments?post=6878"}],"wp:attachment":[{"href":"https:\/\/uj.adatbank.ro\/lexikon\/wp-json\/wp\/v2\/media?parent=6878"}],"wp:term":[{"taxonomy":"product_brand","embeddable":true,"href":"https:\/\/uj.adatbank.ro\/lexikon\/wp-json\/wp\/v2\/product_brand?post=6878"},{"taxonomy":"product_cat","embeddable":true,"href":"https:\/\/uj.adatbank.ro\/lexikon\/wp-json\/wp\/v2\/product_cat?post=6878"},{"taxonomy":"product_tag","embeddable":true,"href":"https:\/\/uj.adatbank.ro\/lexikon\/wp-json\/wp\/v2\/product_tag?post=6878"}],"curies":[{"name":"wp","href":"https:\/\/api.w.org\/{rel}","templated":true}]}}