{"id":6879,"date":"2025-06-28T18:07:49","date_gmt":"2025-06-28T16:07:49","guid":{"rendered":"https:\/\/uj.adatbank.ro\/lexikon\/termek\/dioszegi-istvan\/"},"modified":"2025-06-28T18:07:49","modified_gmt":"2025-06-28T16:07:49","slug":"dioszegi-istvan","status":"publish","type":"product","link":"https:\/\/uj.adatbank.ro\/lexikon\/termek\/dioszegi-istvan\/","title":{"rendered":"DI\u00d3SZEGI Istv\u00e1n"},"content":{"rendered":"<p>? \u2020\u00a0? : k\u0151farag\u00f3. \u2013 A kisb\u00fani Bethlen-kast\u00e9ly \u00e9s a d\u00e9vai Magna Curia \u00e9p\u00edt\u0151mestere. <br \/><strong>Irod.:<\/strong> Bicsok-Orb\u00e1n<\/br><\/p>\n","protected":false},"excerpt":{"rendered":"<p>? \u2020\u00a0? : k\u0151farag\u00f3. \u2013 A kisb\u00fani Bethlen-kast\u00e9ly \u00e9s a d\u00e9vai Magna Curia \u00e9p\u00edt\u0151mestere. Irod.: Bicsok-Orb\u00e1n<\/p>\n","protected":false},"featured_media":0,"comment_status":"open","ping_status":"closed","template":"","meta":[],"product_brand":[],"product_cat":[137],"product_tag":[],"class_list":{"0":"post-6879","1":"product","2":"type-product","3":"status-publish","5":"product_cat-maros-megyei-eletrajzi-lexikon","7":"first","8":"instock","9":"shipping-taxable","10":"product-type-simple"},"_links":{"self":[{"href":"https:\/\/uj.adatbank.ro\/lexikon\/wp-json\/wp\/v2\/product\/6879","targetHints":{"allow":["GET"]}}],"collection":[{"href":"https:\/\/uj.adatbank.ro\/lexikon\/wp-json\/wp\/v2\/product"}],"about":[{"href":"https:\/\/uj.adatbank.ro\/lexikon\/wp-json\/wp\/v2\/types\/product"}],"replies":[{"embeddable":true,"href":"https:\/\/uj.adatbank.ro\/lexikon\/wp-json\/wp\/v2\/comments?post=6879"}],"wp:attachment":[{"href":"https:\/\/uj.adatbank.ro\/lexikon\/wp-json\/wp\/v2\/media?parent=6879"}],"wp:term":[{"taxonomy":"product_brand","embeddable":true,"href":"https:\/\/uj.adatbank.ro\/lexikon\/wp-json\/wp\/v2\/product_brand?post=6879"},{"taxonomy":"product_cat","embeddable":true,"href":"https:\/\/uj.adatbank.ro\/lexikon\/wp-json\/wp\/v2\/product_cat?post=6879"},{"taxonomy":"product_tag","embeddable":true,"href":"https:\/\/uj.adatbank.ro\/lexikon\/wp-json\/wp\/v2\/product_tag?post=6879"}],"curies":[{"name":"wp","href":"https:\/\/api.w.org\/{rel}","templated":true}]}}