{"id":6885,"date":"2025-06-28T18:08:00","date_gmt":"2025-06-28T16:08:00","guid":{"rendered":"https:\/\/uj.adatbank.ro\/lexikon\/termek\/disznajoi-mihaly-disznaoi-mihaly-disznai-mihaly\/"},"modified":"2025-06-28T18:08:00","modified_gmt":"2025-06-28T16:08:00","slug":"disznajoi-mihaly-disznaoi-mihaly-disznai-mihaly","status":"publish","type":"product","link":"https:\/\/uj.adatbank.ro\/lexikon\/termek\/disznajoi-mihaly-disznaoi-mihaly-disznai-mihaly\/","title":{"rendered":"DISZNAJ\u00d3I Mih\u00e1ly, Diszna\u00f3i Mih\u00e1ly, Disznai Mih\u00e1ly"},"content":{"rendered":"<p>? \u2020\u00a0? : ref. lelk\u00e9sz. \u2013 Magyarkir\u00e1lyfalv\u00e1n volt rektor (1652). Ref. lelk\u00e9sz volt Nagymedv\u00e9sen (1656), Cs\u00e1v\u00e1son (1667\u201369), G\u00f3g\u00e1nban (1673), K\u00fck\u00fcll\u0151sz\u00e9plakon (1677, 1696\u20131701), Nagykenden (1678\u201383, 1689\u201394), B\u00faz\u00e1sbeseny\u0151n (1685). Tan\u00edt\u00f3 Bonyh\u00e1ban (1697). <br \/><strong>Irod.:<\/strong> K\u00fck\u00fcll\u0151i Ref. Egyh\u00e1zm. 1., 2., 3., 4.<\/br><\/p>\n","protected":false},"excerpt":{"rendered":"<p>? \u2020\u00a0? : ref. lelk\u00e9sz. \u2013 Magyarkir\u00e1lyfalv\u00e1n volt rektor (1652). Ref. lelk\u00e9sz volt Nagymedv\u00e9sen (1656), Cs\u00e1v\u00e1son (1667\u201369), G\u00f3g\u00e1nban (1673), K\u00fck\u00fcll\u0151sz\u00e9plakon (1677, 1696\u20131701), Nagykenden (1678\u201383, 1689\u201394), B\u00faz\u00e1sbeseny\u0151n (1685). Tan\u00edt\u00f3 Bonyh\u00e1ban (1697). Irod.: K\u00fck\u00fcll\u0151i Ref. Egyh\u00e1zm. 1., 2., 3., 4.<\/p>\n","protected":false},"featured_media":0,"comment_status":"open","ping_status":"closed","template":"","meta":[],"product_brand":[],"product_cat":[137],"product_tag":[],"class_list":{"0":"post-6885","1":"product","2":"type-product","3":"status-publish","5":"product_cat-maros-megyei-eletrajzi-lexikon","7":"first","8":"instock","9":"shipping-taxable","10":"product-type-simple"},"_links":{"self":[{"href":"https:\/\/uj.adatbank.ro\/lexikon\/wp-json\/wp\/v2\/product\/6885","targetHints":{"allow":["GET"]}}],"collection":[{"href":"https:\/\/uj.adatbank.ro\/lexikon\/wp-json\/wp\/v2\/product"}],"about":[{"href":"https:\/\/uj.adatbank.ro\/lexikon\/wp-json\/wp\/v2\/types\/product"}],"replies":[{"embeddable":true,"href":"https:\/\/uj.adatbank.ro\/lexikon\/wp-json\/wp\/v2\/comments?post=6885"}],"wp:attachment":[{"href":"https:\/\/uj.adatbank.ro\/lexikon\/wp-json\/wp\/v2\/media?parent=6885"}],"wp:term":[{"taxonomy":"product_brand","embeddable":true,"href":"https:\/\/uj.adatbank.ro\/lexikon\/wp-json\/wp\/v2\/product_brand?post=6885"},{"taxonomy":"product_cat","embeddable":true,"href":"https:\/\/uj.adatbank.ro\/lexikon\/wp-json\/wp\/v2\/product_cat?post=6885"},{"taxonomy":"product_tag","embeddable":true,"href":"https:\/\/uj.adatbank.ro\/lexikon\/wp-json\/wp\/v2\/product_tag?post=6885"}],"curies":[{"name":"wp","href":"https:\/\/api.w.org\/{rel}","templated":true}]}}