{"id":6889,"date":"2025-06-28T18:08:08","date_gmt":"2025-06-28T16:08:08","guid":{"rendered":"https:\/\/uj.adatbank.ro\/lexikon\/termek\/dobai-gyorgy-nagyadorjani\/"},"modified":"2025-06-28T18:08:08","modified_gmt":"2025-06-28T16:08:08","slug":"dobai-gyorgy-nagyadorjani","status":"publish","type":"product","link":"https:\/\/uj.adatbank.ro\/lexikon\/termek\/dobai-gyorgy-nagyadorjani\/","title":{"rendered":"DOBAI Gy\u00f6rgy, nagyadorj\u00e1ni"},"content":{"rendered":"<p>1805.?, \u2020\u00a0Mv., 1885. \u00e1pr. 8.: \u00fcgyv\u00e9d. \u2013 Feles\u00e9ge: b\u00e1doki So\u00f3s Roz\u00e1lia (1807 \u2013 Mv., 1889. aug. 7.). Gyermekeik: Albert \u00fcgyv\u00e9d; J\u00f3z\u00e9fa. <br \/><strong>Irod.:<\/strong> Erd\u00e9lyi Nagyfejedelems\u00e9g sz. k. Kv. v\u00e1ros\u00e1ban 1848. m\u00e1j. 29. napj\u00e1ra k\u00f6z\u00f6ns\u00e9ges gy\u0171l\u00e9sre \u00f6sszeh\u00edvott tek. nemes rendeinek n\u00e9vsora \u00e9s kirendelt sz\u00e1ll\u00e1sainak kimutat\u00e1sa (Kv., 1848); Gy\u00e1szjelent\u0151; P\u00e1lmay J\u00f3zsef<\/br><\/p>\n","protected":false},"excerpt":{"rendered":"<p>1805.?, \u2020\u00a0Mv., 1885. \u00e1pr. 8.: \u00fcgyv\u00e9d. \u2013 Feles\u00e9ge: b\u00e1doki So\u00f3s Roz\u00e1lia (1807 \u2013 Mv., 1889. aug. 7.). Gyermekeik: Albert \u00fcgyv\u00e9d; J\u00f3z\u00e9fa. Irod.: Erd\u00e9lyi Nagyfejedelems\u00e9g sz. k. Kv. v\u00e1ros\u00e1ban 1848. m\u00e1j. 29. napj\u00e1ra k\u00f6z\u00f6ns\u00e9ges gy\u0171l\u00e9sre \u00f6sszeh\u00edvott tek. nemes rendeinek n\u00e9vsora \u00e9s kirendelt sz\u00e1ll\u00e1sainak kimutat\u00e1sa (Kv., 1848); Gy\u00e1szjelent\u0151; P\u00e1lmay J\u00f3zsef<\/p>\n","protected":false},"featured_media":0,"comment_status":"open","ping_status":"closed","template":"","meta":[],"product_brand":[],"product_cat":[137],"product_tag":[],"class_list":{"0":"post-6889","1":"product","2":"type-product","3":"status-publish","5":"product_cat-maros-megyei-eletrajzi-lexikon","7":"first","8":"instock","9":"shipping-taxable","10":"product-type-simple"},"_links":{"self":[{"href":"https:\/\/uj.adatbank.ro\/lexikon\/wp-json\/wp\/v2\/product\/6889","targetHints":{"allow":["GET"]}}],"collection":[{"href":"https:\/\/uj.adatbank.ro\/lexikon\/wp-json\/wp\/v2\/product"}],"about":[{"href":"https:\/\/uj.adatbank.ro\/lexikon\/wp-json\/wp\/v2\/types\/product"}],"replies":[{"embeddable":true,"href":"https:\/\/uj.adatbank.ro\/lexikon\/wp-json\/wp\/v2\/comments?post=6889"}],"wp:attachment":[{"href":"https:\/\/uj.adatbank.ro\/lexikon\/wp-json\/wp\/v2\/media?parent=6889"}],"wp:term":[{"taxonomy":"product_brand","embeddable":true,"href":"https:\/\/uj.adatbank.ro\/lexikon\/wp-json\/wp\/v2\/product_brand?post=6889"},{"taxonomy":"product_cat","embeddable":true,"href":"https:\/\/uj.adatbank.ro\/lexikon\/wp-json\/wp\/v2\/product_cat?post=6889"},{"taxonomy":"product_tag","embeddable":true,"href":"https:\/\/uj.adatbank.ro\/lexikon\/wp-json\/wp\/v2\/product_tag?post=6889"}],"curies":[{"name":"wp","href":"https:\/\/api.w.org\/{rel}","templated":true}]}}