{"id":6891,"date":"2025-06-28T18:08:12","date_gmt":"2025-06-28T16:08:12","guid":{"rendered":"https:\/\/uj.adatbank.ro\/lexikon\/termek\/dobai-istvan-2\/"},"modified":"2025-06-28T18:08:12","modified_gmt":"2025-06-28T16:08:12","slug":"dobai-istvan-2","status":"publish","type":"product","link":"https:\/\/uj.adatbank.ro\/lexikon\/termek\/dobai-istvan-2\/","title":{"rendered":"DOBAI Istv\u00e1n"},"content":{"rendered":"<p>? \u2020\u00a0? : ?. A Dobai Istv\u00e1n f\u00e9le bet\u0171sor a Teleki T\u00e9k\u00e1ban van. <br \/><strong>Irod.:<\/strong> Sebesty\u00e9n Gyula: A m. r\u00f3v\u00e1s\u00edr\u00e1s hiteles eml\u00e9kei (Bp., 1915); Sebesty\u00e9n Gyula: Rov\u00e1s \u00e9s rov\u00e1s\u00edr\u00e1s (Bp., 1919)<\/br><\/p>\n","protected":false},"excerpt":{"rendered":"<p>? \u2020\u00a0? : ?. A Dobai Istv\u00e1n f\u00e9le bet\u0171sor a Teleki T\u00e9k\u00e1ban van. Irod.: Sebesty\u00e9n Gyula: A m. r\u00f3v\u00e1s\u00edr\u00e1s hiteles eml\u00e9kei (Bp., 1915); Sebesty\u00e9n Gyula: Rov\u00e1s \u00e9s rov\u00e1s\u00edr\u00e1s (Bp., 1919)<\/p>\n","protected":false},"featured_media":0,"comment_status":"open","ping_status":"closed","template":"","meta":[],"product_brand":[],"product_cat":[137],"product_tag":[],"class_list":{"0":"post-6891","1":"product","2":"type-product","3":"status-publish","5":"product_cat-maros-megyei-eletrajzi-lexikon","7":"first","8":"instock","9":"shipping-taxable","10":"product-type-simple"},"_links":{"self":[{"href":"https:\/\/uj.adatbank.ro\/lexikon\/wp-json\/wp\/v2\/product\/6891","targetHints":{"allow":["GET"]}}],"collection":[{"href":"https:\/\/uj.adatbank.ro\/lexikon\/wp-json\/wp\/v2\/product"}],"about":[{"href":"https:\/\/uj.adatbank.ro\/lexikon\/wp-json\/wp\/v2\/types\/product"}],"replies":[{"embeddable":true,"href":"https:\/\/uj.adatbank.ro\/lexikon\/wp-json\/wp\/v2\/comments?post=6891"}],"wp:attachment":[{"href":"https:\/\/uj.adatbank.ro\/lexikon\/wp-json\/wp\/v2\/media?parent=6891"}],"wp:term":[{"taxonomy":"product_brand","embeddable":true,"href":"https:\/\/uj.adatbank.ro\/lexikon\/wp-json\/wp\/v2\/product_brand?post=6891"},{"taxonomy":"product_cat","embeddable":true,"href":"https:\/\/uj.adatbank.ro\/lexikon\/wp-json\/wp\/v2\/product_cat?post=6891"},{"taxonomy":"product_tag","embeddable":true,"href":"https:\/\/uj.adatbank.ro\/lexikon\/wp-json\/wp\/v2\/product_tag?post=6891"}],"curies":[{"name":"wp","href":"https:\/\/api.w.org\/{rel}","templated":true}]}}