{"id":6893,"date":"2025-06-28T18:08:14","date_gmt":"2025-06-28T16:08:14","guid":{"rendered":"https:\/\/uj.adatbank.ro\/lexikon\/termek\/dobai-janos-dobollyi-janos\/"},"modified":"2025-06-28T18:08:14","modified_gmt":"2025-06-28T16:08:14","slug":"dobai-janos-dobollyi-janos","status":"publish","type":"product","link":"https:\/\/uj.adatbank.ro\/lexikon\/termek\/dobai-janos-dobollyi-janos\/","title":{"rendered":"DOBAI J\u00e1nos, Dobollyi J\u00e1nos"},"content":{"rendered":"<p>? \u2020\u00a0? : v\u00e1s\u00e1rfel\u00fcgyel\u0151 tan\u00e1csos, lev\u00e9lt\u00e1ros \u2013 Mv. esk\u00fcdt k\u00f6z\u00f6ns\u00e9g\u00e9nek tagja, lev\u00e9lt\u00e1ros (1791), <br \/><strong>Irod.:<\/strong> P\u00e1l-Antal 2006<\/br><\/p>\n","protected":false},"excerpt":{"rendered":"<p>? \u2020\u00a0? : v\u00e1s\u00e1rfel\u00fcgyel\u0151 tan\u00e1csos, lev\u00e9lt\u00e1ros \u2013 Mv. esk\u00fcdt k\u00f6z\u00f6ns\u00e9g\u00e9nek tagja, lev\u00e9lt\u00e1ros (1791), Irod.: P\u00e1l-Antal 2006<\/p>\n","protected":false},"featured_media":0,"comment_status":"open","ping_status":"closed","template":"","meta":[],"product_brand":[],"product_cat":[137],"product_tag":[],"class_list":{"0":"post-6893","1":"product","2":"type-product","3":"status-publish","5":"product_cat-maros-megyei-eletrajzi-lexikon","7":"first","8":"instock","9":"shipping-taxable","10":"product-type-simple"},"_links":{"self":[{"href":"https:\/\/uj.adatbank.ro\/lexikon\/wp-json\/wp\/v2\/product\/6893","targetHints":{"allow":["GET"]}}],"collection":[{"href":"https:\/\/uj.adatbank.ro\/lexikon\/wp-json\/wp\/v2\/product"}],"about":[{"href":"https:\/\/uj.adatbank.ro\/lexikon\/wp-json\/wp\/v2\/types\/product"}],"replies":[{"embeddable":true,"href":"https:\/\/uj.adatbank.ro\/lexikon\/wp-json\/wp\/v2\/comments?post=6893"}],"wp:attachment":[{"href":"https:\/\/uj.adatbank.ro\/lexikon\/wp-json\/wp\/v2\/media?parent=6893"}],"wp:term":[{"taxonomy":"product_brand","embeddable":true,"href":"https:\/\/uj.adatbank.ro\/lexikon\/wp-json\/wp\/v2\/product_brand?post=6893"},{"taxonomy":"product_cat","embeddable":true,"href":"https:\/\/uj.adatbank.ro\/lexikon\/wp-json\/wp\/v2\/product_cat?post=6893"},{"taxonomy":"product_tag","embeddable":true,"href":"https:\/\/uj.adatbank.ro\/lexikon\/wp-json\/wp\/v2\/product_tag?post=6893"}],"curies":[{"name":"wp","href":"https:\/\/api.w.org\/{rel}","templated":true}]}}