{"id":6894,"date":"2025-06-28T18:08:16","date_gmt":"2025-06-28T16:08:16","guid":{"rendered":"https:\/\/uj.adatbank.ro\/lexikon\/termek\/dobai-janos-ifj\/"},"modified":"2025-06-28T18:08:16","modified_gmt":"2025-06-28T16:08:16","slug":"dobai-janos-ifj","status":"publish","type":"product","link":"https:\/\/uj.adatbank.ro\/lexikon\/termek\/dobai-janos-ifj\/","title":{"rendered":"DOBAI J\u00e1nos, ifj."},"content":{"rendered":"<p>? \u2020\u00a0?: jegyz\u0151 \u2013 Feles\u00e9ge: Szabadi J\u00falianna (1754.? \u2013 Mv., 1849 dec. 7.). Unok\u00e1juk: Szil\u00e1gyi Ter\u00e9zia Albert M\u00e1rtonn\u00e9. \u2013 Mv.-en, aljegyz\u0151, jegyz\u0151 (1822); tan\u00e1csos \/ szen\u00e1tor (1825). <br \/><strong>Irod.:<\/strong> Gy\u00e1szjelent\u0151; Id\u0151t\u00e1r 1.; P\u00e1l-Antal 2009<\/br><\/p>\n","protected":false},"excerpt":{"rendered":"<p>? \u2020\u00a0?: jegyz\u0151 \u2013 Feles\u00e9ge: Szabadi J\u00falianna (1754.? \u2013 Mv., 1849 dec. 7.). Unok\u00e1juk: Szil\u00e1gyi Ter\u00e9zia Albert M\u00e1rtonn\u00e9. \u2013 Mv.-en, aljegyz\u0151, jegyz\u0151 (1822); tan\u00e1csos \/ szen\u00e1tor (1825). Irod.: Gy\u00e1szjelent\u0151; Id\u0151t\u00e1r 1.; P\u00e1l-Antal 2009<\/p>\n","protected":false},"featured_media":0,"comment_status":"open","ping_status":"closed","template":"","meta":[],"product_brand":[],"product_cat":[137],"product_tag":[],"class_list":{"0":"post-6894","1":"product","2":"type-product","3":"status-publish","5":"product_cat-maros-megyei-eletrajzi-lexikon","7":"first","8":"instock","9":"shipping-taxable","10":"product-type-simple"},"_links":{"self":[{"href":"https:\/\/uj.adatbank.ro\/lexikon\/wp-json\/wp\/v2\/product\/6894","targetHints":{"allow":["GET"]}}],"collection":[{"href":"https:\/\/uj.adatbank.ro\/lexikon\/wp-json\/wp\/v2\/product"}],"about":[{"href":"https:\/\/uj.adatbank.ro\/lexikon\/wp-json\/wp\/v2\/types\/product"}],"replies":[{"embeddable":true,"href":"https:\/\/uj.adatbank.ro\/lexikon\/wp-json\/wp\/v2\/comments?post=6894"}],"wp:attachment":[{"href":"https:\/\/uj.adatbank.ro\/lexikon\/wp-json\/wp\/v2\/media?parent=6894"}],"wp:term":[{"taxonomy":"product_brand","embeddable":true,"href":"https:\/\/uj.adatbank.ro\/lexikon\/wp-json\/wp\/v2\/product_brand?post=6894"},{"taxonomy":"product_cat","embeddable":true,"href":"https:\/\/uj.adatbank.ro\/lexikon\/wp-json\/wp\/v2\/product_cat?post=6894"},{"taxonomy":"product_tag","embeddable":true,"href":"https:\/\/uj.adatbank.ro\/lexikon\/wp-json\/wp\/v2\/product_tag?post=6894"}],"curies":[{"name":"wp","href":"https:\/\/api.w.org\/{rel}","templated":true}]}}