{"id":6895,"date":"2025-06-28T18:08:17","date_gmt":"2025-06-28T16:08:17","guid":{"rendered":"https:\/\/uj.adatbank.ro\/lexikon\/termek\/dobai-jozsef\/"},"modified":"2025-06-28T18:08:17","modified_gmt":"2025-06-28T16:08:17","slug":"dobai-jozsef","status":"publish","type":"product","link":"https:\/\/uj.adatbank.ro\/lexikon\/termek\/dobai-jozsef\/","title":{"rendered":"DOBAI J\u00f3zsef"},"content":{"rendered":"<p>1785. m\u00e1rc. 4., \u2020\u00a01859. febr. 17.: r. k. pap. \u2013 Papp\u00e1 szentelt\u00e9k (1809. aug. 27.). Tan\u00e1r volt Mv.-en, pl\u00e9b\u00e1nos Abosfalv\u00e1n (1812). Tan\u00e1r Sz\u00e9kelyudvarhelyen (1819). Pl\u00e9b\u00e1nos Gyergy\u00f3t\u00f6lgyesen (1826), Sz\u00e9kelyk\u00e1lon (1833\u201338). Tan\u00e1r Mv.-en (1837\u201340) \u00e9s Gyulafeh\u00e9rv\u00e1ron (1840). Pl\u00e9b\u00e1nos Magyarigenben (1844), sz\u00e1mvev\u0151 (1854). Pl\u00e9b\u00e1nos Sinfalv\u00e1n nyugd\u00edjaz\u00e1s\u00e1ig (1856\u201358). <br \/><strong>Irod.:<\/strong> Ferenczi S\u00e1ndor 2009; Sz\u00e9kelyk\u00e1l<\/br><\/p>\n","protected":false},"excerpt":{"rendered":"<p>1785. m\u00e1rc. 4., \u2020\u00a01859. febr. 17.: r. k. pap. \u2013 Papp\u00e1 szentelt\u00e9k (1809. aug. 27.). Tan\u00e1r volt Mv.-en, pl\u00e9b\u00e1nos Abosfalv\u00e1n (1812). Tan\u00e1r Sz\u00e9kelyudvarhelyen (1819). Pl\u00e9b\u00e1nos Gyergy\u00f3t\u00f6lgyesen (1826), Sz\u00e9kelyk\u00e1lon (1833\u201338). Tan\u00e1r Mv.-en (1837\u201340) \u00e9s Gyulafeh\u00e9rv\u00e1ron (1840). Pl\u00e9b\u00e1nos Magyarigenben (1844), sz\u00e1mvev\u0151 (1854). Pl\u00e9b\u00e1nos Sinfalv\u00e1n nyugd\u00edjaz\u00e1s\u00e1ig (1856\u201358). Irod.: Ferenczi S\u00e1ndor 2009; Sz\u00e9kelyk\u00e1l<\/p>\n","protected":false},"featured_media":0,"comment_status":"open","ping_status":"closed","template":"","meta":[],"product_brand":[],"product_cat":[137],"product_tag":[],"class_list":{"0":"post-6895","1":"product","2":"type-product","3":"status-publish","5":"product_cat-maros-megyei-eletrajzi-lexikon","7":"first","8":"instock","9":"shipping-taxable","10":"product-type-simple"},"_links":{"self":[{"href":"https:\/\/uj.adatbank.ro\/lexikon\/wp-json\/wp\/v2\/product\/6895","targetHints":{"allow":["GET"]}}],"collection":[{"href":"https:\/\/uj.adatbank.ro\/lexikon\/wp-json\/wp\/v2\/product"}],"about":[{"href":"https:\/\/uj.adatbank.ro\/lexikon\/wp-json\/wp\/v2\/types\/product"}],"replies":[{"embeddable":true,"href":"https:\/\/uj.adatbank.ro\/lexikon\/wp-json\/wp\/v2\/comments?post=6895"}],"wp:attachment":[{"href":"https:\/\/uj.adatbank.ro\/lexikon\/wp-json\/wp\/v2\/media?parent=6895"}],"wp:term":[{"taxonomy":"product_brand","embeddable":true,"href":"https:\/\/uj.adatbank.ro\/lexikon\/wp-json\/wp\/v2\/product_brand?post=6895"},{"taxonomy":"product_cat","embeddable":true,"href":"https:\/\/uj.adatbank.ro\/lexikon\/wp-json\/wp\/v2\/product_cat?post=6895"},{"taxonomy":"product_tag","embeddable":true,"href":"https:\/\/uj.adatbank.ro\/lexikon\/wp-json\/wp\/v2\/product_tag?post=6895"}],"curies":[{"name":"wp","href":"https:\/\/api.w.org\/{rel}","templated":true}]}}