{"id":6896,"date":"2025-06-28T18:08:19","date_gmt":"2025-06-28T16:08:19","guid":{"rendered":"https:\/\/uj.adatbank.ro\/lexikon\/termek\/dobai-mihaly\/"},"modified":"2025-06-28T18:08:19","modified_gmt":"2025-06-28T16:08:19","slug":"dobai-mihaly","status":"publish","type":"product","link":"https:\/\/uj.adatbank.ro\/lexikon\/termek\/dobai-mihaly\/","title":{"rendered":"DOBAI Mih\u00e1ly"},"content":{"rendered":"<p>V\u00e1g\u00e1s, ? \u2020\u00a01809. febr. 1.: r. k. pap. \u2013 Kv.-on \u00e9s Gyulafeh\u00e9rv\u00e1ron tanult (1764\u201367). Papp\u00e1 szentelt\u00e9k (1765. nov. 1.). Pl\u00e9b\u00e1nos Erkeden (1773), Sz\u00e1szr\u00e9genben (1779 v. 1776.?), Sz\u00e1rhegyen (1794). <br \/><strong>Irod.:<\/strong> Ferenczi S\u00e1ndor 2009<\/br><\/p>\n","protected":false},"excerpt":{"rendered":"<p>V\u00e1g\u00e1s, ? \u2020\u00a01809. febr. 1.: r. k. pap. \u2013 Kv.-on \u00e9s Gyulafeh\u00e9rv\u00e1ron tanult (1764\u201367). Papp\u00e1 szentelt\u00e9k (1765. nov. 1.). Pl\u00e9b\u00e1nos Erkeden (1773), Sz\u00e1szr\u00e9genben (1779 v. 1776.?), Sz\u00e1rhegyen (1794). Irod.: Ferenczi S\u00e1ndor 2009<\/p>\n","protected":false},"featured_media":0,"comment_status":"open","ping_status":"closed","template":"","meta":[],"product_brand":[],"product_cat":[137],"product_tag":[],"class_list":{"0":"post-6896","1":"product","2":"type-product","3":"status-publish","5":"product_cat-maros-megyei-eletrajzi-lexikon","7":"first","8":"instock","9":"shipping-taxable","10":"product-type-simple"},"_links":{"self":[{"href":"https:\/\/uj.adatbank.ro\/lexikon\/wp-json\/wp\/v2\/product\/6896","targetHints":{"allow":["GET"]}}],"collection":[{"href":"https:\/\/uj.adatbank.ro\/lexikon\/wp-json\/wp\/v2\/product"}],"about":[{"href":"https:\/\/uj.adatbank.ro\/lexikon\/wp-json\/wp\/v2\/types\/product"}],"replies":[{"embeddable":true,"href":"https:\/\/uj.adatbank.ro\/lexikon\/wp-json\/wp\/v2\/comments?post=6896"}],"wp:attachment":[{"href":"https:\/\/uj.adatbank.ro\/lexikon\/wp-json\/wp\/v2\/media?parent=6896"}],"wp:term":[{"taxonomy":"product_brand","embeddable":true,"href":"https:\/\/uj.adatbank.ro\/lexikon\/wp-json\/wp\/v2\/product_brand?post=6896"},{"taxonomy":"product_cat","embeddable":true,"href":"https:\/\/uj.adatbank.ro\/lexikon\/wp-json\/wp\/v2\/product_cat?post=6896"},{"taxonomy":"product_tag","embeddable":true,"href":"https:\/\/uj.adatbank.ro\/lexikon\/wp-json\/wp\/v2\/product_tag?post=6896"}],"curies":[{"name":"wp","href":"https:\/\/api.w.org\/{rel}","templated":true}]}}