{"id":6899,"date":"2025-06-28T18:08:28","date_gmt":"2025-06-28T16:08:28","guid":{"rendered":"https:\/\/uj.adatbank.ro\/lexikon\/termek\/dobal-janos\/"},"modified":"2025-06-28T18:08:28","modified_gmt":"2025-06-28T16:08:28","slug":"dobal-janos","status":"publish","type":"product","link":"https:\/\/uj.adatbank.ro\/lexikon\/termek\/dobal-janos\/","title":{"rendered":"DOB\u00c1L J\u00e1nos"},"content":{"rendered":"<p>Sz\u00e9pv\u00edz, 1811., \u2020\u00a0Mv., 1878.: keresked\u0151. \u2013 Dob\u00e1l D\u00e1vid \u00e9s Sz\u00e1va R\u00f3zsa gyermeke. Feles\u00e9ge: D\u00e1jbuk\u00e1t Mari (1815\u20131866), esk\u00fcv\u0151 1842. Sz\u00e9pv\u00edzen sz\u00fcletett: 1. Katalin. M\u00e1ria (1843\u20131870), aki Fej\u00e9r Gergely (1828\u20131917) els\u0151 feles\u00e9ge Sepsisentgy\u00f6rgy\u00f6n. 2. Roz\u00e1lia-Margit (1843-?), aki Szenkovics Mih\u00e1ly, feles\u00e9ge Ny\u00e1r\u00e1dszered\u00e1n, 3. Antal (1857, \u2020\u00a0Mv., 1902). <br \/><strong>Irod.:<\/strong> Sz\u00e1va 2012<\/br><\/p>\n","protected":false},"excerpt":{"rendered":"<p>Sz\u00e9pv\u00edz, 1811., \u2020\u00a0Mv., 1878.: keresked\u0151. \u2013 Dob\u00e1l D\u00e1vid \u00e9s Sz\u00e1va R\u00f3zsa gyermeke. Feles\u00e9ge: D\u00e1jbuk\u00e1t Mari (1815\u20131866), esk\u00fcv\u0151 1842. Sz\u00e9pv\u00edzen sz\u00fcletett: 1. Katalin. M\u00e1ria (1843\u20131870), aki Fej\u00e9r Gergely (1828\u20131917) els\u0151 feles\u00e9ge Sepsisentgy\u00f6rgy\u00f6n. 2. Roz\u00e1lia-Margit (1843-?), aki Szenkovics Mih\u00e1ly, feles\u00e9ge Ny\u00e1r\u00e1dszered\u00e1n, 3. Antal (1857, \u2020\u00a0Mv., 1902). Irod.: Sz\u00e1va 2012<\/p>\n","protected":false},"featured_media":0,"comment_status":"open","ping_status":"closed","template":"","meta":[],"product_brand":[],"product_cat":[137],"product_tag":[],"class_list":{"0":"post-6899","1":"product","2":"type-product","3":"status-publish","5":"product_cat-maros-megyei-eletrajzi-lexikon","7":"first","8":"instock","9":"shipping-taxable","10":"product-type-simple"},"_links":{"self":[{"href":"https:\/\/uj.adatbank.ro\/lexikon\/wp-json\/wp\/v2\/product\/6899","targetHints":{"allow":["GET"]}}],"collection":[{"href":"https:\/\/uj.adatbank.ro\/lexikon\/wp-json\/wp\/v2\/product"}],"about":[{"href":"https:\/\/uj.adatbank.ro\/lexikon\/wp-json\/wp\/v2\/types\/product"}],"replies":[{"embeddable":true,"href":"https:\/\/uj.adatbank.ro\/lexikon\/wp-json\/wp\/v2\/comments?post=6899"}],"wp:attachment":[{"href":"https:\/\/uj.adatbank.ro\/lexikon\/wp-json\/wp\/v2\/media?parent=6899"}],"wp:term":[{"taxonomy":"product_brand","embeddable":true,"href":"https:\/\/uj.adatbank.ro\/lexikon\/wp-json\/wp\/v2\/product_brand?post=6899"},{"taxonomy":"product_cat","embeddable":true,"href":"https:\/\/uj.adatbank.ro\/lexikon\/wp-json\/wp\/v2\/product_cat?post=6899"},{"taxonomy":"product_tag","embeddable":true,"href":"https:\/\/uj.adatbank.ro\/lexikon\/wp-json\/wp\/v2\/product_tag?post=6899"}],"curies":[{"name":"wp","href":"https:\/\/api.w.org\/{rel}","templated":true}]}}