{"id":6901,"date":"2025-06-28T18:08:32","date_gmt":"2025-06-28T16:08:32","guid":{"rendered":"https:\/\/uj.adatbank.ro\/lexikon\/termek\/dobay-emilia-havassy-ferencne\/"},"modified":"2025-06-28T18:08:32","modified_gmt":"2025-06-28T16:08:32","slug":"dobay-emilia-havassy-ferencne","status":"publish","type":"product","link":"https:\/\/uj.adatbank.ro\/lexikon\/termek\/dobay-emilia-havassy-ferencne\/","title":{"rendered":"DOBAY Emilia, Havassy Ferencn\u00e9"},"content":{"rendered":"<p>Sz\u00e9kelyh\u00f3dos, 1893. okt. 21., \u2020\u00a0? : tan\u00e1r. \u2013 P\u00e1ly\u00e1j\u00e1t a vecs\u00e9si R. K. Le\u00e1nyiskol\u00e1ban kezdte, azut\u00e1n Battony\u00e1n, Sz\u00e9kelykereszt\u00faron (1919\u201321), Gy\u00f6mr\u0151n tan\u00edtott (1921\u2013). Cikke a Gy\u00f6mr\u0151i R. K. P. Isk. \u00c9rtes\u00edt\u0151j\u00e9ben. <br \/><strong>Irod.:<\/strong> Guly\u00e1s<\/br><\/p>\n","protected":false},"excerpt":{"rendered":"<p>Sz\u00e9kelyh\u00f3dos, 1893. okt. 21., \u2020\u00a0? : tan\u00e1r. \u2013 P\u00e1ly\u00e1j\u00e1t a vecs\u00e9si R. K. Le\u00e1nyiskol\u00e1ban kezdte, azut\u00e1n Battony\u00e1n, Sz\u00e9kelykereszt\u00faron (1919\u201321), Gy\u00f6mr\u0151n tan\u00edtott (1921\u2013). Cikke a Gy\u00f6mr\u0151i R. K. P. Isk. \u00c9rtes\u00edt\u0151j\u00e9ben. Irod.: Guly\u00e1s<\/p>\n","protected":false},"featured_media":0,"comment_status":"open","ping_status":"closed","template":"","meta":[],"product_brand":[],"product_cat":[137],"product_tag":[],"class_list":{"0":"post-6901","1":"product","2":"type-product","3":"status-publish","5":"product_cat-maros-megyei-eletrajzi-lexikon","7":"first","8":"instock","9":"shipping-taxable","10":"product-type-simple"},"_links":{"self":[{"href":"https:\/\/uj.adatbank.ro\/lexikon\/wp-json\/wp\/v2\/product\/6901","targetHints":{"allow":["GET"]}}],"collection":[{"href":"https:\/\/uj.adatbank.ro\/lexikon\/wp-json\/wp\/v2\/product"}],"about":[{"href":"https:\/\/uj.adatbank.ro\/lexikon\/wp-json\/wp\/v2\/types\/product"}],"replies":[{"embeddable":true,"href":"https:\/\/uj.adatbank.ro\/lexikon\/wp-json\/wp\/v2\/comments?post=6901"}],"wp:attachment":[{"href":"https:\/\/uj.adatbank.ro\/lexikon\/wp-json\/wp\/v2\/media?parent=6901"}],"wp:term":[{"taxonomy":"product_brand","embeddable":true,"href":"https:\/\/uj.adatbank.ro\/lexikon\/wp-json\/wp\/v2\/product_brand?post=6901"},{"taxonomy":"product_cat","embeddable":true,"href":"https:\/\/uj.adatbank.ro\/lexikon\/wp-json\/wp\/v2\/product_cat?post=6901"},{"taxonomy":"product_tag","embeddable":true,"href":"https:\/\/uj.adatbank.ro\/lexikon\/wp-json\/wp\/v2\/product_tag?post=6901"}],"curies":[{"name":"wp","href":"https:\/\/api.w.org\/{rel}","templated":true}]}}