{"id":6903,"date":"2025-06-28T18:08:36","date_gmt":"2025-06-28T16:08:36","guid":{"rendered":"https:\/\/uj.adatbank.ro\/lexikon\/termek\/dobay-karoly\/"},"modified":"2025-06-28T18:08:36","modified_gmt":"2025-06-28T16:08:36","slug":"dobay-karoly","status":"publish","type":"product","link":"https:\/\/uj.adatbank.ro\/lexikon\/termek\/dobay-karoly\/","title":{"rendered":"DOBAY K\u00e1roly"},"content":{"rendered":"<p>? \u2020\u00a0?: honv\u00e9d\u0151rnagy. \u2013 Mv.-en vezette az ifjak toborz\u00e1s\u00e1t az \u00f6nk\u00e9ntes honv\u00e9d\u2013z\u00e1szl\u00f3aljakba. Eredetileg n\u00e9gy z\u00e1szl\u00f3aljat akartak l\u00e9tes\u00edteni, de a kev\u00e9s jelentkez\u0151 (230), miatt csak kett\u0151t \u00e1ll\u00edtottak fel (1848. okt.), ezeket is s\u00falyos anyagi gondok k\u00f6zepette tudt\u00e1k csak \u00e9lelemmel, fegyverrel \u00e9s egyenruh\u00e1val ell\u00e1tni. <br \/><strong>Irod.:<\/strong> 1848\u20131849 Transilvania<\/br><\/p>\n","protected":false},"excerpt":{"rendered":"<p>? \u2020\u00a0?: honv\u00e9d\u0151rnagy. \u2013 Mv.-en vezette az ifjak toborz\u00e1s\u00e1t az \u00f6nk\u00e9ntes honv\u00e9d\u2013z\u00e1szl\u00f3aljakba. Eredetileg n\u00e9gy z\u00e1szl\u00f3aljat akartak l\u00e9tes\u00edteni, de a kev\u00e9s jelentkez\u0151 (230), miatt csak kett\u0151t \u00e1ll\u00edtottak fel (1848. okt.), ezeket is s\u00falyos anyagi gondok k\u00f6zepette tudt\u00e1k csak \u00e9lelemmel, fegyverrel \u00e9s egyenruh\u00e1val ell\u00e1tni. Irod.: 1848\u20131849 Transilvania<\/p>\n","protected":false},"featured_media":0,"comment_status":"open","ping_status":"closed","template":"","meta":[],"product_brand":[],"product_cat":[137],"product_tag":[],"class_list":{"0":"post-6903","1":"product","2":"type-product","3":"status-publish","5":"product_cat-maros-megyei-eletrajzi-lexikon","7":"first","8":"instock","9":"shipping-taxable","10":"product-type-simple"},"_links":{"self":[{"href":"https:\/\/uj.adatbank.ro\/lexikon\/wp-json\/wp\/v2\/product\/6903","targetHints":{"allow":["GET"]}}],"collection":[{"href":"https:\/\/uj.adatbank.ro\/lexikon\/wp-json\/wp\/v2\/product"}],"about":[{"href":"https:\/\/uj.adatbank.ro\/lexikon\/wp-json\/wp\/v2\/types\/product"}],"replies":[{"embeddable":true,"href":"https:\/\/uj.adatbank.ro\/lexikon\/wp-json\/wp\/v2\/comments?post=6903"}],"wp:attachment":[{"href":"https:\/\/uj.adatbank.ro\/lexikon\/wp-json\/wp\/v2\/media?parent=6903"}],"wp:term":[{"taxonomy":"product_brand","embeddable":true,"href":"https:\/\/uj.adatbank.ro\/lexikon\/wp-json\/wp\/v2\/product_brand?post=6903"},{"taxonomy":"product_cat","embeddable":true,"href":"https:\/\/uj.adatbank.ro\/lexikon\/wp-json\/wp\/v2\/product_cat?post=6903"},{"taxonomy":"product_tag","embeddable":true,"href":"https:\/\/uj.adatbank.ro\/lexikon\/wp-json\/wp\/v2\/product_tag?post=6903"}],"curies":[{"name":"wp","href":"https:\/\/api.w.org\/{rel}","templated":true}]}}