{"id":6904,"date":"2025-06-28T18:08:37","date_gmt":"2025-06-28T16:08:37","guid":{"rendered":"https:\/\/uj.adatbank.ro\/lexikon\/termek\/dobay-lajos\/"},"modified":"2025-06-28T18:08:37","modified_gmt":"2025-06-28T16:08:37","slug":"dobay-lajos","status":"publish","type":"product","link":"https:\/\/uj.adatbank.ro\/lexikon\/termek\/dobay-lajos\/","title":{"rendered":"DOBAY Lajos"},"content":{"rendered":"<p>Kisbacon, ? \u2020\u00a0? : ref. lelk\u00e9sz. \u2013 Apja lelk\u00e9sz. S\u00e1rospatakon majd a Berlini Egy. Hittud. Kar\u00e1n tanult (1868\u201370). Tal\u00e1n \u0151 az aki Mez\u0151madarason lelk\u00e9sz (1872\u201373). A nagys\u00e1rm\u00e1si ref. templom toronygombj\u00e1ban elhelyezett irat eml\u00edti, mint s\u00e1rm\u00e1si lelk\u00e9szt (1902). <br \/><strong>Irod.:<\/strong> Keszeg; Szab\u00f3\u2013Simon\u2013Sz\u00f6gi<\/br><\/p>\n","protected":false},"excerpt":{"rendered":"<p>Kisbacon, ? \u2020\u00a0? : ref. lelk\u00e9sz. \u2013 Apja lelk\u00e9sz. S\u00e1rospatakon majd a Berlini Egy. Hittud. Kar\u00e1n tanult (1868\u201370). Tal\u00e1n \u0151 az aki Mez\u0151madarason lelk\u00e9sz (1872\u201373). A nagys\u00e1rm\u00e1si ref. templom toronygombj\u00e1ban elhelyezett irat eml\u00edti, mint s\u00e1rm\u00e1si lelk\u00e9szt (1902). Irod.: Keszeg; Szab\u00f3\u2013Simon\u2013Sz\u00f6gi<\/p>\n","protected":false},"featured_media":0,"comment_status":"open","ping_status":"closed","template":"","meta":[],"product_brand":[],"product_cat":[137],"product_tag":[],"class_list":{"0":"post-6904","1":"product","2":"type-product","3":"status-publish","5":"product_cat-maros-megyei-eletrajzi-lexikon","7":"first","8":"instock","9":"shipping-taxable","10":"product-type-simple"},"_links":{"self":[{"href":"https:\/\/uj.adatbank.ro\/lexikon\/wp-json\/wp\/v2\/product\/6904","targetHints":{"allow":["GET"]}}],"collection":[{"href":"https:\/\/uj.adatbank.ro\/lexikon\/wp-json\/wp\/v2\/product"}],"about":[{"href":"https:\/\/uj.adatbank.ro\/lexikon\/wp-json\/wp\/v2\/types\/product"}],"replies":[{"embeddable":true,"href":"https:\/\/uj.adatbank.ro\/lexikon\/wp-json\/wp\/v2\/comments?post=6904"}],"wp:attachment":[{"href":"https:\/\/uj.adatbank.ro\/lexikon\/wp-json\/wp\/v2\/media?parent=6904"}],"wp:term":[{"taxonomy":"product_brand","embeddable":true,"href":"https:\/\/uj.adatbank.ro\/lexikon\/wp-json\/wp\/v2\/product_brand?post=6904"},{"taxonomy":"product_cat","embeddable":true,"href":"https:\/\/uj.adatbank.ro\/lexikon\/wp-json\/wp\/v2\/product_cat?post=6904"},{"taxonomy":"product_tag","embeddable":true,"href":"https:\/\/uj.adatbank.ro\/lexikon\/wp-json\/wp\/v2\/product_tag?post=6904"}],"curies":[{"name":"wp","href":"https:\/\/api.w.org\/{rel}","templated":true}]}}