{"id":6905,"date":"2025-06-28T18:08:38","date_gmt":"2025-06-28T16:08:38","guid":{"rendered":"https:\/\/uj.adatbank.ro\/lexikon\/termek\/dobay-laszlo\/"},"modified":"2025-06-28T18:08:38","modified_gmt":"2025-06-28T16:08:38","slug":"dobay-laszlo","status":"publish","type":"product","link":"https:\/\/uj.adatbank.ro\/lexikon\/termek\/dobay-laszlo\/","title":{"rendered":"DOBAY L\u00e1szl\u00f3"},"content":{"rendered":"<p>Sz\u00e9kelyudvarhely, 1873. j\u00fal. 16., \u2020 Dics\u0151szentm\u00e1rton, 1943. nov. 14.: vas\u00fati tisztvisel\u0151, zool\u00f3gus, ornitol\u00f3gus. \u2013 Tanult Sz\u00e9kelyudvarhelyen a kv.-i \u00e9s bp.-i egyetem b\u00f6lcs\u00e9sztudom\u00e1nyi kar\u00e1n, de abbahagyta a tanulm\u00e1nyait \u00e9s Dics\u0151szentm\u00e1rtonban telepedett le (1898). Vasuti tisztvisel\u0151k\u00e9nt dolgozott nyugd\u00edjba vonul\u00e1s\u00e1ig. A madarak \u00e9let\u00e9nek, f\u00e9szkel\u00e9se biol\u00f3gi\u00e1j\u00e1nak megfigyel\u00e9se \u00e9s kutat\u00e1sa foglalkoztatta, mad\u00e1rtoj\u00e1sokat gy\u00fcjt\u00f6tt a Kis- \u00e9s Nagy-K\u00fck\u00fcll\u0151 ment\u00e9n, Borsz\u00e9ken, Szov\u00e1t\u00e1n, Parajdon, Korondon, Dobrudzs\u00e1ban, a Duna-Delt\u00e1ban, Marosludas, Mv. \u00e9s Sz\u00e1szr\u00e9gen k\u00f6rny\u00e9k\u00e9n. Cserekapcsolatban \u00e1llt a londoni Ornitol\u00f3gusok Levelez\u0151 Klubj\u00e1val. Gy\u0171jtem\u00e9nye nagy r\u00e9sz\u00e9t \u00e1rv\u00edz tette t\u00f6nkre (1913). Hal\u00e1la ut\u00e1n gy\u0171jtem\u00e9nye egyr\u00e9sze a gyulafeh\u00e9rv\u00e1ri- \u00e9s a k\u00f6rny\u00e9k iskol\u00e1iba ker\u00fclt szeml\u00e9ltet\u0151 anyagnak, m\u00e1sr\u00e9sz\u00e9t a nagyv\u00e1radi K\u0151r\u00f6svid\u00e9ki M\u00fazeum v\u00e1s\u00e1rolta meg \u00e9s a mai Rom\u00e1nia legnagyobb toj\u00e1s-gy\u0171jtem\u00e9ny t\u00f6rzsanyag\u00e1t k\u00e9pezi, m\u00e1s gy\u0171jtem\u00e9nnyekkel egy\u00fctt. A mad\u00e1rmegfigyel\u00e9seir\u0151l, kutat\u00e1sair\u00f3l a bp.-i X. Nemzetk\u00f6zi \u00c1llattani Kongresszuson (1927) besz\u00e9lt (Der Brutparasitismus des Kukuks, mit besonderer R\u00fccksicht auf die siebenb\u00fcrgischen Verh\u00e4ltnisse). Tanulm\u00e1nyait a nagyszebeni Verhandlungen und Mitteilungen des Siebenb\u00fcrgischen Vereins f\u00fcr Naturwissenschaften zu Hermannstadt (1922\u201326), a mv.-i Vad\u00e1sz\u00fajs\u00e1g, a bp.-i A Term\u00e9szet, Zool\u00f3giai Lapok, K\u00f3csag c. lapokban k\u00f6z\u00f6lte. A Dics\u0151szentm\u00e1rtoni R\u00f3mai Katolikus Tud\u00f3s\u00edt\u00f3, c. lap szerk.-je, pl\u00e9b\u00e1niai lap, megjelent minden h\u00f3 20-\u00e1n, \u00f6ssz. 6. sz. (1933. j\u00fal. 20. -dec. 20.) \u00e9s a Kat. N\u00e9psz\u00f6v. helyi eln\u00f6ke. <br \/><strong>Irod.:<\/strong> X. -e Congres International de Zoologoe Bp., 1927 (Bp., 1929); MMA; Popt\u0103ma\u015f\u2013M\u00f3zes<\/br><\/p>\n","protected":false},"excerpt":{"rendered":"<p>Sz\u00e9kelyudvarhely, 1873. j\u00fal. 16., \u2020 Dics\u0151szentm\u00e1rton, 1943. nov. 14.: vas\u00fati tisztvisel\u0151, zool\u00f3gus, ornitol\u00f3gus. \u2013 Tanult Sz\u00e9kelyudvarhelyen a kv.-i \u00e9s bp.-i egyetem b\u00f6lcs\u00e9sztudom\u00e1nyi kar\u00e1n, de abbahagyta a tanulm\u00e1nyait \u00e9s Dics\u0151szentm\u00e1rtonban telepedett le (1898). Vasuti tisztvisel\u0151k\u00e9nt dolgozott nyugd\u00edjba vonul\u00e1s\u00e1ig. A madarak \u00e9let\u00e9nek, f\u00e9szkel\u00e9se biol\u00f3gi\u00e1j\u00e1nak megfigyel\u00e9se \u00e9s kutat\u00e1sa foglalkoztatta, mad\u00e1rtoj\u00e1sokat gy\u00fcjt\u00f6tt a Kis- \u00e9s Nagy-K\u00fck\u00fcll\u0151 ment\u00e9n, Borsz\u00e9ken, Szov\u00e1t\u00e1n, [&hellip;]<\/p>\n","protected":false},"featured_media":0,"comment_status":"open","ping_status":"closed","template":"","meta":[],"product_brand":[],"product_cat":[137],"product_tag":[],"class_list":{"0":"post-6905","1":"product","2":"type-product","3":"status-publish","5":"product_cat-maros-megyei-eletrajzi-lexikon","7":"first","8":"instock","9":"shipping-taxable","10":"product-type-simple"},"_links":{"self":[{"href":"https:\/\/uj.adatbank.ro\/lexikon\/wp-json\/wp\/v2\/product\/6905","targetHints":{"allow":["GET"]}}],"collection":[{"href":"https:\/\/uj.adatbank.ro\/lexikon\/wp-json\/wp\/v2\/product"}],"about":[{"href":"https:\/\/uj.adatbank.ro\/lexikon\/wp-json\/wp\/v2\/types\/product"}],"replies":[{"embeddable":true,"href":"https:\/\/uj.adatbank.ro\/lexikon\/wp-json\/wp\/v2\/comments?post=6905"}],"wp:attachment":[{"href":"https:\/\/uj.adatbank.ro\/lexikon\/wp-json\/wp\/v2\/media?parent=6905"}],"wp:term":[{"taxonomy":"product_brand","embeddable":true,"href":"https:\/\/uj.adatbank.ro\/lexikon\/wp-json\/wp\/v2\/product_brand?post=6905"},{"taxonomy":"product_cat","embeddable":true,"href":"https:\/\/uj.adatbank.ro\/lexikon\/wp-json\/wp\/v2\/product_cat?post=6905"},{"taxonomy":"product_tag","embeddable":true,"href":"https:\/\/uj.adatbank.ro\/lexikon\/wp-json\/wp\/v2\/product_tag?post=6905"}],"curies":[{"name":"wp","href":"https:\/\/api.w.org\/{rel}","templated":true}]}}