{"id":6909,"date":"2025-06-28T18:08:49","date_gmt":"2025-06-28T16:08:49","guid":{"rendered":"https:\/\/uj.adatbank.ro\/lexikon\/termek\/dobolyi-gabor\/"},"modified":"2025-06-28T18:08:49","modified_gmt":"2025-06-28T16:08:49","slug":"dobolyi-gabor","status":"publish","type":"product","link":"https:\/\/uj.adatbank.ro\/lexikon\/termek\/dobolyi-gabor\/","title":{"rendered":"DOBOLYI G\u00e1bor"},"content":{"rendered":"<p>? \u2020\u00a0? : ref. lelk\u00e9sz. \u2013 Sz\u00e9kelyudvarhelyen subscrib\u00e1lt (1732), majd Kv.-on. Lelk\u00e9sz volt Bonyh\u00e1n (1745), B\u00faz\u00e1sbeseny\u0151n (1746\u201356), Mez\u0151bodonban (1757\u201364) \u00e9s Magyardell\u0151n (1768\u201376). <br \/><strong>Irod.:<\/strong> K\u00fck\u00fcll\u0151i Ref. Egyh\u00e1zm. 1., 3.<\/br><\/p>\n","protected":false},"excerpt":{"rendered":"<p>? \u2020\u00a0? : ref. lelk\u00e9sz. \u2013 Sz\u00e9kelyudvarhelyen subscrib\u00e1lt (1732), majd Kv.-on. Lelk\u00e9sz volt Bonyh\u00e1n (1745), B\u00faz\u00e1sbeseny\u0151n (1746\u201356), Mez\u0151bodonban (1757\u201364) \u00e9s Magyardell\u0151n (1768\u201376). Irod.: K\u00fck\u00fcll\u0151i Ref. Egyh\u00e1zm. 1., 3.<\/p>\n","protected":false},"featured_media":0,"comment_status":"open","ping_status":"closed","template":"","meta":[],"product_brand":[],"product_cat":[137],"product_tag":[],"class_list":{"0":"post-6909","1":"product","2":"type-product","3":"status-publish","5":"product_cat-maros-megyei-eletrajzi-lexikon","7":"first","8":"instock","9":"shipping-taxable","10":"product-type-simple"},"_links":{"self":[{"href":"https:\/\/uj.adatbank.ro\/lexikon\/wp-json\/wp\/v2\/product\/6909","targetHints":{"allow":["GET"]}}],"collection":[{"href":"https:\/\/uj.adatbank.ro\/lexikon\/wp-json\/wp\/v2\/product"}],"about":[{"href":"https:\/\/uj.adatbank.ro\/lexikon\/wp-json\/wp\/v2\/types\/product"}],"replies":[{"embeddable":true,"href":"https:\/\/uj.adatbank.ro\/lexikon\/wp-json\/wp\/v2\/comments?post=6909"}],"wp:attachment":[{"href":"https:\/\/uj.adatbank.ro\/lexikon\/wp-json\/wp\/v2\/media?parent=6909"}],"wp:term":[{"taxonomy":"product_brand","embeddable":true,"href":"https:\/\/uj.adatbank.ro\/lexikon\/wp-json\/wp\/v2\/product_brand?post=6909"},{"taxonomy":"product_cat","embeddable":true,"href":"https:\/\/uj.adatbank.ro\/lexikon\/wp-json\/wp\/v2\/product_cat?post=6909"},{"taxonomy":"product_tag","embeddable":true,"href":"https:\/\/uj.adatbank.ro\/lexikon\/wp-json\/wp\/v2\/product_tag?post=6909"}],"curies":[{"name":"wp","href":"https:\/\/api.w.org\/{rel}","templated":true}]}}