{"id":6912,"date":"2025-06-28T18:08:55","date_gmt":"2025-06-28T16:08:55","guid":{"rendered":"https:\/\/uj.adatbank.ro\/lexikon\/termek\/dobolyi-gyorgy\/"},"modified":"2025-06-28T18:08:55","modified_gmt":"2025-06-28T16:08:55","slug":"dobolyi-gyorgy","status":"publish","type":"product","link":"https:\/\/uj.adatbank.ro\/lexikon\/termek\/dobolyi-gyorgy\/","title":{"rendered":"DOBOLYI Gy\u00f6rgy"},"content":{"rendered":"<p>? \u2020 ? : ref. lelk\u00e9sz. \u2013 Mv.-en subscrib\u00e1lt (1707). G\u00f6rg\u00e9nyszentimr\u00e9n \u00e9s Sz\u00e9kelyvaj\u00e1ban (1712\u201317)\u00a0volt mester, majd Jedden lelk\u00e9sz (1718\u201319). <br \/><strong>Irod.:<\/strong> \u0150sz<\/br><\/p>\n","protected":false},"excerpt":{"rendered":"<p>? \u2020 ? : ref. lelk\u00e9sz. \u2013 Mv.-en subscrib\u00e1lt (1707). G\u00f6rg\u00e9nyszentimr\u00e9n \u00e9s Sz\u00e9kelyvaj\u00e1ban (1712\u201317)\u00a0volt mester, majd Jedden lelk\u00e9sz (1718\u201319). Irod.: \u0150sz<\/p>\n","protected":false},"featured_media":0,"comment_status":"open","ping_status":"closed","template":"","meta":[],"product_brand":[],"product_cat":[137],"product_tag":[],"class_list":{"0":"post-6912","1":"product","2":"type-product","3":"status-publish","5":"product_cat-maros-megyei-eletrajzi-lexikon","7":"first","8":"instock","9":"shipping-taxable","10":"product-type-simple"},"_links":{"self":[{"href":"https:\/\/uj.adatbank.ro\/lexikon\/wp-json\/wp\/v2\/product\/6912","targetHints":{"allow":["GET"]}}],"collection":[{"href":"https:\/\/uj.adatbank.ro\/lexikon\/wp-json\/wp\/v2\/product"}],"about":[{"href":"https:\/\/uj.adatbank.ro\/lexikon\/wp-json\/wp\/v2\/types\/product"}],"replies":[{"embeddable":true,"href":"https:\/\/uj.adatbank.ro\/lexikon\/wp-json\/wp\/v2\/comments?post=6912"}],"wp:attachment":[{"href":"https:\/\/uj.adatbank.ro\/lexikon\/wp-json\/wp\/v2\/media?parent=6912"}],"wp:term":[{"taxonomy":"product_brand","embeddable":true,"href":"https:\/\/uj.adatbank.ro\/lexikon\/wp-json\/wp\/v2\/product_brand?post=6912"},{"taxonomy":"product_cat","embeddable":true,"href":"https:\/\/uj.adatbank.ro\/lexikon\/wp-json\/wp\/v2\/product_cat?post=6912"},{"taxonomy":"product_tag","embeddable":true,"href":"https:\/\/uj.adatbank.ro\/lexikon\/wp-json\/wp\/v2\/product_tag?post=6912"}],"curies":[{"name":"wp","href":"https:\/\/api.w.org\/{rel}","templated":true}]}}