{"id":6914,"date":"2025-06-28T18:08:59","date_gmt":"2025-06-28T16:08:59","guid":{"rendered":"https:\/\/uj.adatbank.ro\/lexikon\/termek\/dobolyi-istvan-dobai-istvan\/"},"modified":"2025-06-28T18:08:59","modified_gmt":"2025-06-28T16:08:59","slug":"dobolyi-istvan-dobai-istvan","status":"publish","type":"product","link":"https:\/\/uj.adatbank.ro\/lexikon\/termek\/dobolyi-istvan-dobai-istvan\/","title":{"rendered":"DOBOLYI Istv\u00e1n, Dobai Istv\u00e1n"},"content":{"rendered":"<p>? \u2020\u00a0Koml\u00f3d, 1774. okt. 21.: lelk\u00e9sz. \u2013 Ismer\u00fcnk egy Dobolyi Istv\u00e1nt, aki subscrib\u00e1lt Enyeden (1751) \u00e9s egyet, aki Kv-on (1755 k.). A g\u00f6rg\u00e9nyi egyh\u00e1zmegy\u00e9be ker\u00fclt (1770. nov. 17). Lelk\u00e9sz volt Als\u00f3b\u00f6lk\u00e9nyben (1771\u201372) \u00e9s Koml\u00f3don, ahol elhunyt (1773\u201374. okt. 21.). <br \/><strong>Irod.:<\/strong> \u0150sz<\/br><\/p>\n","protected":false},"excerpt":{"rendered":"<p>? \u2020\u00a0Koml\u00f3d, 1774. okt. 21.: lelk\u00e9sz. \u2013 Ismer\u00fcnk egy Dobolyi Istv\u00e1nt, aki subscrib\u00e1lt Enyeden (1751) \u00e9s egyet, aki Kv-on (1755 k.). A g\u00f6rg\u00e9nyi egyh\u00e1zmegy\u00e9be ker\u00fclt (1770. nov. 17). Lelk\u00e9sz volt Als\u00f3b\u00f6lk\u00e9nyben (1771\u201372) \u00e9s Koml\u00f3don, ahol elhunyt (1773\u201374. okt. 21.). Irod.: \u0150sz<\/p>\n","protected":false},"featured_media":0,"comment_status":"open","ping_status":"closed","template":"","meta":[],"product_brand":[],"product_cat":[137],"product_tag":[],"class_list":{"0":"post-6914","1":"product","2":"type-product","3":"status-publish","5":"product_cat-maros-megyei-eletrajzi-lexikon","7":"first","8":"instock","9":"shipping-taxable","10":"product-type-simple"},"_links":{"self":[{"href":"https:\/\/uj.adatbank.ro\/lexikon\/wp-json\/wp\/v2\/product\/6914","targetHints":{"allow":["GET"]}}],"collection":[{"href":"https:\/\/uj.adatbank.ro\/lexikon\/wp-json\/wp\/v2\/product"}],"about":[{"href":"https:\/\/uj.adatbank.ro\/lexikon\/wp-json\/wp\/v2\/types\/product"}],"replies":[{"embeddable":true,"href":"https:\/\/uj.adatbank.ro\/lexikon\/wp-json\/wp\/v2\/comments?post=6914"}],"wp:attachment":[{"href":"https:\/\/uj.adatbank.ro\/lexikon\/wp-json\/wp\/v2\/media?parent=6914"}],"wp:term":[{"taxonomy":"product_brand","embeddable":true,"href":"https:\/\/uj.adatbank.ro\/lexikon\/wp-json\/wp\/v2\/product_brand?post=6914"},{"taxonomy":"product_cat","embeddable":true,"href":"https:\/\/uj.adatbank.ro\/lexikon\/wp-json\/wp\/v2\/product_cat?post=6914"},{"taxonomy":"product_tag","embeddable":true,"href":"https:\/\/uj.adatbank.ro\/lexikon\/wp-json\/wp\/v2\/product_tag?post=6914"}],"curies":[{"name":"wp","href":"https:\/\/api.w.org\/{rel}","templated":true}]}}