{"id":6917,"date":"2025-06-28T18:09:03","date_gmt":"2025-06-28T16:09:03","guid":{"rendered":"https:\/\/uj.adatbank.ro\/lexikon\/termek\/dobolyi-sandor\/"},"modified":"2025-06-28T18:09:03","modified_gmt":"2025-06-28T16:09:03","slug":"dobolyi-sandor","status":"publish","type":"product","link":"https:\/\/uj.adatbank.ro\/lexikon\/termek\/dobolyi-sandor\/","title":{"rendered":"DOBOLYI S\u00e1ndor"},"content":{"rendered":"<p>1765.? \u2020 Mv., 1848. j\u00fan. 27. G\u00e1lfalv\u00e1n temett\u00e9k: tan\u00edt\u00f3. \u2013 Feles\u00e9ge: Kov\u00e1cs Julianna. Gyermekei: Zsuzs\u00e1nna, S\u00e1ndor, Imre, Lajos, Ferenc, Krisztina, L\u00e1szl\u00f3. \u2013 Dics\u0151szentm\u00e1rtonban tan\u00edtott (1787\u2013). <br \/><strong>Irod.:<\/strong> Gy\u00e1szjelent\u0151; K\u00fck\u00fcll\u0151i Ref. Egyh\u00e1zm. 2.<\/br><\/p>\n","protected":false},"excerpt":{"rendered":"<p>1765.? \u2020 Mv., 1848. j\u00fan. 27. G\u00e1lfalv\u00e1n temett\u00e9k: tan\u00edt\u00f3. \u2013 Feles\u00e9ge: Kov\u00e1cs Julianna. Gyermekei: Zsuzs\u00e1nna, S\u00e1ndor, Imre, Lajos, Ferenc, Krisztina, L\u00e1szl\u00f3. \u2013 Dics\u0151szentm\u00e1rtonban tan\u00edtott (1787\u2013). Irod.: Gy\u00e1szjelent\u0151; K\u00fck\u00fcll\u0151i Ref. Egyh\u00e1zm. 2.<\/p>\n","protected":false},"featured_media":0,"comment_status":"open","ping_status":"closed","template":"","meta":[],"product_brand":[],"product_cat":[137],"product_tag":[],"class_list":{"0":"post-6917","1":"product","2":"type-product","3":"status-publish","5":"product_cat-maros-megyei-eletrajzi-lexikon","7":"first","8":"instock","9":"shipping-taxable","10":"product-type-simple"},"_links":{"self":[{"href":"https:\/\/uj.adatbank.ro\/lexikon\/wp-json\/wp\/v2\/product\/6917","targetHints":{"allow":["GET"]}}],"collection":[{"href":"https:\/\/uj.adatbank.ro\/lexikon\/wp-json\/wp\/v2\/product"}],"about":[{"href":"https:\/\/uj.adatbank.ro\/lexikon\/wp-json\/wp\/v2\/types\/product"}],"replies":[{"embeddable":true,"href":"https:\/\/uj.adatbank.ro\/lexikon\/wp-json\/wp\/v2\/comments?post=6917"}],"wp:attachment":[{"href":"https:\/\/uj.adatbank.ro\/lexikon\/wp-json\/wp\/v2\/media?parent=6917"}],"wp:term":[{"taxonomy":"product_brand","embeddable":true,"href":"https:\/\/uj.adatbank.ro\/lexikon\/wp-json\/wp\/v2\/product_brand?post=6917"},{"taxonomy":"product_cat","embeddable":true,"href":"https:\/\/uj.adatbank.ro\/lexikon\/wp-json\/wp\/v2\/product_cat?post=6917"},{"taxonomy":"product_tag","embeddable":true,"href":"https:\/\/uj.adatbank.ro\/lexikon\/wp-json\/wp\/v2\/product_tag?post=6917"}],"curies":[{"name":"wp","href":"https:\/\/api.w.org\/{rel}","templated":true}]}}