{"id":6919,"date":"2025-06-28T18:09:08","date_gmt":"2025-06-28T16:09:08","guid":{"rendered":"https:\/\/uj.adatbank.ro\/lexikon\/termek\/dobordan-karoly\/"},"modified":"2025-06-28T18:09:08","modified_gmt":"2025-06-28T16:09:08","slug":"dobordan-karoly","status":"publish","type":"product","link":"https:\/\/uj.adatbank.ro\/lexikon\/termek\/dobordan-karoly\/","title":{"rendered":"DOBORD\u00c1N K\u00e1roly"},"content":{"rendered":"<p>Kv., 1873. jan. 22., \u2020\u00a01927. j\u00fal. 14.: r. k. pap. \u2013 Tanult Beszterc\u00e9n, Gyulafeh\u00e9rv\u00e1ron. Papp\u00e1 szentelt\u00e9k (1896. j\u00fal. 16.). Felszentel\u00e9se ut\u00e1n k\u00e1pl\u00e1n Mv.-en, majd Nagyszebenben (1899), lelk\u00e9sz Orl\u00e1ton. Tan\u00e1r Nagyszebenben (1902). Pl\u00e9b\u00e1nos Segesv\u00e1ron (1908), f\u0151esperes (1918), majd Nagyszebenben pl\u00e9b\u00e1nos, f\u0151esperes (1919), ap\u00e1t (1921). <br \/><strong>Irod.:<\/strong> Ferenczi S\u00e1ndor 2009; Ferenczi S\u00e1ndor 2012; A Szent Istv\u00e1n T\u00e1rsulat tagjainak n\u00e9vsora 1898.-ban (Bp., 1898)<\/br><\/p>\n","protected":false},"excerpt":{"rendered":"<p>Kv., 1873. jan. 22., \u2020\u00a01927. j\u00fal. 14.: r. k. pap. \u2013 Tanult Beszterc\u00e9n, Gyulafeh\u00e9rv\u00e1ron. Papp\u00e1 szentelt\u00e9k (1896. j\u00fal. 16.). Felszentel\u00e9se ut\u00e1n k\u00e1pl\u00e1n Mv.-en, majd Nagyszebenben (1899), lelk\u00e9sz Orl\u00e1ton. Tan\u00e1r Nagyszebenben (1902). Pl\u00e9b\u00e1nos Segesv\u00e1ron (1908), f\u0151esperes (1918), majd Nagyszebenben pl\u00e9b\u00e1nos, f\u0151esperes (1919), ap\u00e1t (1921). Irod.: Ferenczi S\u00e1ndor 2009; Ferenczi S\u00e1ndor 2012; A Szent Istv\u00e1n T\u00e1rsulat tagjainak [&hellip;]<\/p>\n","protected":false},"featured_media":0,"comment_status":"open","ping_status":"closed","template":"","meta":[],"product_brand":[],"product_cat":[137],"product_tag":[],"class_list":{"0":"post-6919","1":"product","2":"type-product","3":"status-publish","5":"product_cat-maros-megyei-eletrajzi-lexikon","7":"first","8":"instock","9":"shipping-taxable","10":"product-type-simple"},"_links":{"self":[{"href":"https:\/\/uj.adatbank.ro\/lexikon\/wp-json\/wp\/v2\/product\/6919","targetHints":{"allow":["GET"]}}],"collection":[{"href":"https:\/\/uj.adatbank.ro\/lexikon\/wp-json\/wp\/v2\/product"}],"about":[{"href":"https:\/\/uj.adatbank.ro\/lexikon\/wp-json\/wp\/v2\/types\/product"}],"replies":[{"embeddable":true,"href":"https:\/\/uj.adatbank.ro\/lexikon\/wp-json\/wp\/v2\/comments?post=6919"}],"wp:attachment":[{"href":"https:\/\/uj.adatbank.ro\/lexikon\/wp-json\/wp\/v2\/media?parent=6919"}],"wp:term":[{"taxonomy":"product_brand","embeddable":true,"href":"https:\/\/uj.adatbank.ro\/lexikon\/wp-json\/wp\/v2\/product_brand?post=6919"},{"taxonomy":"product_cat","embeddable":true,"href":"https:\/\/uj.adatbank.ro\/lexikon\/wp-json\/wp\/v2\/product_cat?post=6919"},{"taxonomy":"product_tag","embeddable":true,"href":"https:\/\/uj.adatbank.ro\/lexikon\/wp-json\/wp\/v2\/product_tag?post=6919"}],"curies":[{"name":"wp","href":"https:\/\/api.w.org\/{rel}","templated":true}]}}