{"id":6920,"date":"2025-06-28T18:09:12","date_gmt":"2025-06-28T16:09:12","guid":{"rendered":"https:\/\/uj.adatbank.ro\/lexikon\/termek\/dobos-aron\/"},"modified":"2025-06-28T18:09:12","modified_gmt":"2025-06-28T16:09:12","slug":"dobos-aron","status":"publish","type":"product","link":"https:\/\/uj.adatbank.ro\/lexikon\/termek\/dobos-aron\/","title":{"rendered":"DOBOS \u00c1ron"},"content":{"rendered":"<p>Kozm\u00e1s, 1914. febr. 27., \u2020\u00a0K\u00e9zdiv\u00e1s\u00e1rhely, 1980. febr. 28.: r. k. pap. \u2013 Papp\u00e1 szentelt\u00e9k Gyulafeh\u00e9rv\u00e1ron (1938. m\u00e1rc. 12). K\u00e1pl\u00e1n volt Mv.-en (1943\u201345). Lelk\u00e9sz m\u00e9g sok m\u00e1s erd\u00e9lyi v\u00e1rosban. <br \/><strong>Irod.:<\/strong> Ferenczi S\u00e1ndor 2009; Ferenczi S\u00e1ndor 2012; <\/br><\/p>\n","protected":false},"excerpt":{"rendered":"<p>Kozm\u00e1s, 1914. febr. 27., \u2020\u00a0K\u00e9zdiv\u00e1s\u00e1rhely, 1980. febr. 28.: r. k. pap. \u2013 Papp\u00e1 szentelt\u00e9k Gyulafeh\u00e9rv\u00e1ron (1938. m\u00e1rc. 12). K\u00e1pl\u00e1n volt Mv.-en (1943\u201345). Lelk\u00e9sz m\u00e9g sok m\u00e1s erd\u00e9lyi v\u00e1rosban. Irod.: Ferenczi S\u00e1ndor 2009; Ferenczi S\u00e1ndor 2012;<\/p>\n","protected":false},"featured_media":0,"comment_status":"open","ping_status":"closed","template":"","meta":[],"product_brand":[],"product_cat":[137],"product_tag":[],"class_list":{"0":"post-6920","1":"product","2":"type-product","3":"status-publish","5":"product_cat-maros-megyei-eletrajzi-lexikon","7":"first","8":"instock","9":"shipping-taxable","10":"product-type-simple"},"_links":{"self":[{"href":"https:\/\/uj.adatbank.ro\/lexikon\/wp-json\/wp\/v2\/product\/6920","targetHints":{"allow":["GET"]}}],"collection":[{"href":"https:\/\/uj.adatbank.ro\/lexikon\/wp-json\/wp\/v2\/product"}],"about":[{"href":"https:\/\/uj.adatbank.ro\/lexikon\/wp-json\/wp\/v2\/types\/product"}],"replies":[{"embeddable":true,"href":"https:\/\/uj.adatbank.ro\/lexikon\/wp-json\/wp\/v2\/comments?post=6920"}],"wp:attachment":[{"href":"https:\/\/uj.adatbank.ro\/lexikon\/wp-json\/wp\/v2\/media?parent=6920"}],"wp:term":[{"taxonomy":"product_brand","embeddable":true,"href":"https:\/\/uj.adatbank.ro\/lexikon\/wp-json\/wp\/v2\/product_brand?post=6920"},{"taxonomy":"product_cat","embeddable":true,"href":"https:\/\/uj.adatbank.ro\/lexikon\/wp-json\/wp\/v2\/product_cat?post=6920"},{"taxonomy":"product_tag","embeddable":true,"href":"https:\/\/uj.adatbank.ro\/lexikon\/wp-json\/wp\/v2\/product_tag?post=6920"}],"curies":[{"name":"wp","href":"https:\/\/api.w.org\/{rel}","templated":true}]}}