{"id":6921,"date":"2025-06-28T18:09:13","date_gmt":"2025-06-28T16:09:13","guid":{"rendered":"https:\/\/uj.adatbank.ro\/lexikon\/termek\/dobos-ferenc\/"},"modified":"2025-06-28T18:09:13","modified_gmt":"2025-06-28T16:09:13","slug":"dobos-ferenc","status":"publish","type":"product","link":"https:\/\/uj.adatbank.ro\/lexikon\/termek\/dobos-ferenc\/","title":{"rendered":"DOBOS Ferenc"},"content":{"rendered":"<p>1912, \u2020\u00a01975.: k\u00e1ntor. \u2013 A sz\u00e9kelyk\u00e1li r. k. egyh\u00e1zk\u00f6zs\u00e9g k\u00e1ntora. \u2013 F. m. : \u0150szi lev\u00e9lhull\u00e1s (Kv., 1942). <br \/><strong>Irod.:<\/strong> Maros-k\u00fck\u00fcll\u0151i f\u0151esp.; Pap L.: ferences nyomd\u00e1k<\/br><\/p>\n","protected":false},"excerpt":{"rendered":"<p>1912, \u2020\u00a01975.: k\u00e1ntor. \u2013 A sz\u00e9kelyk\u00e1li r. k. egyh\u00e1zk\u00f6zs\u00e9g k\u00e1ntora. \u2013 F. m. : \u0150szi lev\u00e9lhull\u00e1s (Kv., 1942). Irod.: Maros-k\u00fck\u00fcll\u0151i f\u0151esp.; Pap L.: ferences nyomd\u00e1k<\/p>\n","protected":false},"featured_media":0,"comment_status":"open","ping_status":"closed","template":"","meta":[],"product_brand":[],"product_cat":[137],"product_tag":[],"class_list":{"0":"post-6921","1":"product","2":"type-product","3":"status-publish","5":"product_cat-maros-megyei-eletrajzi-lexikon","7":"first","8":"instock","9":"shipping-taxable","10":"product-type-simple"},"_links":{"self":[{"href":"https:\/\/uj.adatbank.ro\/lexikon\/wp-json\/wp\/v2\/product\/6921","targetHints":{"allow":["GET"]}}],"collection":[{"href":"https:\/\/uj.adatbank.ro\/lexikon\/wp-json\/wp\/v2\/product"}],"about":[{"href":"https:\/\/uj.adatbank.ro\/lexikon\/wp-json\/wp\/v2\/types\/product"}],"replies":[{"embeddable":true,"href":"https:\/\/uj.adatbank.ro\/lexikon\/wp-json\/wp\/v2\/comments?post=6921"}],"wp:attachment":[{"href":"https:\/\/uj.adatbank.ro\/lexikon\/wp-json\/wp\/v2\/media?parent=6921"}],"wp:term":[{"taxonomy":"product_brand","embeddable":true,"href":"https:\/\/uj.adatbank.ro\/lexikon\/wp-json\/wp\/v2\/product_brand?post=6921"},{"taxonomy":"product_cat","embeddable":true,"href":"https:\/\/uj.adatbank.ro\/lexikon\/wp-json\/wp\/v2\/product_cat?post=6921"},{"taxonomy":"product_tag","embeddable":true,"href":"https:\/\/uj.adatbank.ro\/lexikon\/wp-json\/wp\/v2\/product_tag?post=6921"}],"curies":[{"name":"wp","href":"https:\/\/api.w.org\/{rel}","templated":true}]}}