{"id":6922,"date":"2025-06-28T18:09:14","date_gmt":"2025-06-28T16:09:14","guid":{"rendered":"https:\/\/uj.adatbank.ro\/lexikon\/termek\/dobos-istvan\/"},"modified":"2025-06-28T18:09:14","modified_gmt":"2025-06-28T16:09:14","slug":"dobos-istvan","status":"publish","type":"product","link":"https:\/\/uj.adatbank.ro\/lexikon\/termek\/dobos-istvan\/","title":{"rendered":"DOBOS Istv\u00e1n"},"content":{"rendered":"<p>1836. szept. 17., \u2020\u00a01871. dec. 26.: r. k. pap. \u2013 Papp\u00e1 szentelt\u00e9k (1863. j\u00fal. 14). K\u00e1pl\u00e1n volt Cs\u00edknagyboldogasszony templom\u00e1ban. Pl\u00e9b\u00e1nos Mik\u00f3\u00fajfaluban, Eheden, Ol\u00e1l\u00e1poson (1865\u201369). <br \/><strong>Irod.:<\/strong> Ferenczi S\u00e1ndor 2009<\/br><\/p>\n","protected":false},"excerpt":{"rendered":"<p>1836. szept. 17., \u2020\u00a01871. dec. 26.: r. k. pap. \u2013 Papp\u00e1 szentelt\u00e9k (1863. j\u00fal. 14). K\u00e1pl\u00e1n volt Cs\u00edknagyboldogasszony templom\u00e1ban. Pl\u00e9b\u00e1nos Mik\u00f3\u00fajfaluban, Eheden, Ol\u00e1l\u00e1poson (1865\u201369). Irod.: Ferenczi S\u00e1ndor 2009<\/p>\n","protected":false},"featured_media":0,"comment_status":"open","ping_status":"closed","template":"","meta":[],"product_brand":[],"product_cat":[137],"product_tag":[],"class_list":{"0":"post-6922","1":"product","2":"type-product","3":"status-publish","5":"product_cat-maros-megyei-eletrajzi-lexikon","7":"first","8":"instock","9":"shipping-taxable","10":"product-type-simple"},"_links":{"self":[{"href":"https:\/\/uj.adatbank.ro\/lexikon\/wp-json\/wp\/v2\/product\/6922","targetHints":{"allow":["GET"]}}],"collection":[{"href":"https:\/\/uj.adatbank.ro\/lexikon\/wp-json\/wp\/v2\/product"}],"about":[{"href":"https:\/\/uj.adatbank.ro\/lexikon\/wp-json\/wp\/v2\/types\/product"}],"replies":[{"embeddable":true,"href":"https:\/\/uj.adatbank.ro\/lexikon\/wp-json\/wp\/v2\/comments?post=6922"}],"wp:attachment":[{"href":"https:\/\/uj.adatbank.ro\/lexikon\/wp-json\/wp\/v2\/media?parent=6922"}],"wp:term":[{"taxonomy":"product_brand","embeddable":true,"href":"https:\/\/uj.adatbank.ro\/lexikon\/wp-json\/wp\/v2\/product_brand?post=6922"},{"taxonomy":"product_cat","embeddable":true,"href":"https:\/\/uj.adatbank.ro\/lexikon\/wp-json\/wp\/v2\/product_cat?post=6922"},{"taxonomy":"product_tag","embeddable":true,"href":"https:\/\/uj.adatbank.ro\/lexikon\/wp-json\/wp\/v2\/product_tag?post=6922"}],"curies":[{"name":"wp","href":"https:\/\/api.w.org\/{rel}","templated":true}]}}