{"id":6927,"date":"2025-06-28T18:09:24","date_gmt":"2025-06-28T16:09:24","guid":{"rendered":"https:\/\/uj.adatbank.ro\/lexikon\/termek\/dobozy-istvan-kisszantoi-es-dobozi-dobozi-istvan-dobozy-stefan\/"},"modified":"2025-06-28T18:09:24","modified_gmt":"2025-06-28T16:09:24","slug":"dobozy-istvan-kisszantoi-es-dobozi-dobozi-istvan-dobozy-stefan","status":"publish","type":"product","link":"https:\/\/uj.adatbank.ro\/lexikon\/termek\/dobozy-istvan-kisszantoi-es-dobozi-dobozi-istvan-dobozy-stefan\/","title":{"rendered":"DOBOZY Istv\u00e1n, kissz\u00e1nt\u00f3i \u00e9s dobozi; Dobozi Istv\u00e1n, Dobozy \u015etefan"},"content":{"rendered":"<p>Vajda, 1800. febr. 12., \u2020 Debrecen, 1875. j\u00fal. 17.: honv\u00e9dtiszt, korm\u00e1nybiztos. \u2013 Debrecenben jogot v\u00e9gzett, mint hadapr\u00f3d katona lett a Coburg dzsid\u00e1sezredben (1815\u2013); r\u00e9szt vett az Elb\u00e1r\u00f3l visszat\u00e9rt Nap\u00f3leon csapatai elleni t\u00f6bb csat\u00e1ban, majd ezred\u00e9vel bevonult P\u00e1rizsba, ahonnan 9 h\u00f3nap m\u00falva t\u00e9rt haza, \u00e9s B\u00e9csben m\u00e9g egy \u00e9vig katon\u00e1skodott. Bihar vm.-ben esk\u00fcdt (1825\u2013), k\u00e9s\u0151bb az \u00e9rmell\u00e9ki j\u00e1r\u00e1sban al-, majd f\u0151szolgab\u00edr\u00f3 volt. Az \u00e1ltala szervezett bihari nemzet\u00ad\u0151r\u00f6k \u00e9l\u00e9n csat\u00e1t v\u00edvott a rom\u00e1n felke\u00adl\u0151k ellen (1848. okt. 25.), \u00e9rdemei\u00e9rt br. Vay Mik\u00adl\u00f3s kir. biztos korm\u00e1nybiztoss\u00e1 nevezte ki (1848. nov. 19.). \u0150rnagy (1848. nov.), t\u00f6bbnyire Erd\u00e9lyben \u00e9s Kraszna vm. ben m\u0171k\u00f6d\u00f6tt, ahol szabadcsapatokat szervezett, egy \u00e1ltala alak\u00edtott szabadcsapat \u00e9l\u00e9n Erd\u00e9lybe mint nemzet\u0151r \u0151rnagy (1849. jan.) \u00e9s Cs\u00e1ny L\u00e1szl\u00f3nak, Erd\u00e9ly korm\u00e1nybiztos\u00e1nak seg\u00e9dtisztje lett; 780 f\u0151s z\u00e1szl\u00f3alj\u00e1val Tord\u00e1n, majd D\u00e9sen szolg\u00e1lt; alezredess\u00e9 l\u00e9ptett\u00e9k el\u0151 (1849. \u00e1pr.); Mv. v\u00e1ros \u00e9s Marossz\u00e9k korm\u00e1nybiztos\u00e1v\u00e1 nevezte ki (1849. \u00e1pr.), \u00fajj\u00e1alak\u00edtotta a v\u00e1rosi tan\u00e1csot (1849. m\u00e1j. 14); sz\u00f3zatot int\u00e9zett a sz\u00e9kelyekhez Mv.-en (1849. \u00e1pr. 28); 300 f\u0151b\u0151l \u00e1ll\u00f3 saj\u00e1t csapategys\u00e9get hozott l\u00e9tre (1849. j\u00fan). Az orosz csapatok m\u00e1sodik bet\u00f6r\u00e9sekor elhagyta Mv.-et \u00e9s vajdai birtok\u00e1ra vonult. A szabads\u00e1gharc lever\u00e9se ut\u00e1 4 \u00e9vi v\u00e1rfogs\u00e1got az aradi v\u00e1rban t\u00f6lt\u00f6tt. Debrecenbe k\u00f6lt\u00f6z\u00f6tt, a Honv\u00e9degylet korel\u00adn\u00f6ke (1860), eln\u00f6ke (1867), a Beretty\u00f3-szab\u00e1lyoz\u00e1si t\u00e1rsulat eln\u00f6ke lett. <br \/><strong>Irod.:<\/strong> 1848\u20131849 Marossz\u00e9k; Id\u0151t\u00e1r 2; K\u0151v\u00e1ry L\u00e1szl\u00f3 (1861); Paget; P\u00e1l-Antal 2002; Studii \u015fi documente privitoare la rev. Rom\u00e2nilor din Transilvania \u00een anii 1848\u201349. vol. 2. (Sibiu, 1944); \u00daM\u00c9L<\/br><\/p>\n","protected":false},"excerpt":{"rendered":"<p>Vajda, 1800. febr. 12., \u2020 Debrecen, 1875. j\u00fal. 17.: honv\u00e9dtiszt, korm\u00e1nybiztos. \u2013 Debrecenben jogot v\u00e9gzett, mint hadapr\u00f3d katona lett a Coburg dzsid\u00e1sezredben (1815\u2013); r\u00e9szt vett az Elb\u00e1r\u00f3l visszat\u00e9rt Nap\u00f3leon csapatai elleni t\u00f6bb csat\u00e1ban, majd ezred\u00e9vel bevonult P\u00e1rizsba, ahonnan 9 h\u00f3nap m\u00falva t\u00e9rt haza, \u00e9s B\u00e9csben m\u00e9g egy \u00e9vig katon\u00e1skodott. Bihar vm.-ben esk\u00fcdt (1825\u2013), k\u00e9s\u0151bb az [&hellip;]<\/p>\n","protected":false},"featured_media":0,"comment_status":"open","ping_status":"closed","template":"","meta":[],"product_brand":[],"product_cat":[137],"product_tag":[],"class_list":{"0":"post-6927","1":"product","2":"type-product","3":"status-publish","5":"product_cat-maros-megyei-eletrajzi-lexikon","7":"first","8":"instock","9":"shipping-taxable","10":"product-type-simple"},"_links":{"self":[{"href":"https:\/\/uj.adatbank.ro\/lexikon\/wp-json\/wp\/v2\/product\/6927","targetHints":{"allow":["GET"]}}],"collection":[{"href":"https:\/\/uj.adatbank.ro\/lexikon\/wp-json\/wp\/v2\/product"}],"about":[{"href":"https:\/\/uj.adatbank.ro\/lexikon\/wp-json\/wp\/v2\/types\/product"}],"replies":[{"embeddable":true,"href":"https:\/\/uj.adatbank.ro\/lexikon\/wp-json\/wp\/v2\/comments?post=6927"}],"wp:attachment":[{"href":"https:\/\/uj.adatbank.ro\/lexikon\/wp-json\/wp\/v2\/media?parent=6927"}],"wp:term":[{"taxonomy":"product_brand","embeddable":true,"href":"https:\/\/uj.adatbank.ro\/lexikon\/wp-json\/wp\/v2\/product_brand?post=6927"},{"taxonomy":"product_cat","embeddable":true,"href":"https:\/\/uj.adatbank.ro\/lexikon\/wp-json\/wp\/v2\/product_cat?post=6927"},{"taxonomy":"product_tag","embeddable":true,"href":"https:\/\/uj.adatbank.ro\/lexikon\/wp-json\/wp\/v2\/product_tag?post=6927"}],"curies":[{"name":"wp","href":"https:\/\/api.w.org\/{rel}","templated":true}]}}