{"id":6931,"date":"2025-06-28T18:09:35","date_gmt":"2025-06-28T16:09:35","guid":{"rendered":"https:\/\/uj.adatbank.ro\/lexikon\/termek\/dobre-basarab-radu\/"},"modified":"2025-06-28T18:09:35","modified_gmt":"2025-06-28T16:09:35","slug":"dobre-basarab-radu","status":"publish","type":"product","link":"https:\/\/uj.adatbank.ro\/lexikon\/termek\/dobre-basarab-radu\/","title":{"rendered":"DOBRE BASARAB Radu"},"content":{"rendered":"<p>Slatina, 1941. aug. 22., \u2020\u00a0Mv., 2009. szept. 8.: sz\u00edn\u00e9sz, egyetemi el\u0151ad\u00f3tan\u00e1r, sz\u00ednh\u00e1zi rendez\u0151. \u2013 A buk.-i Politechnikai Int\u00e9zetben v\u00e9gzett hidroenergetikai karon, majd elv\u00e9gezte a I. L. Caragiale Sz\u00ednm\u0171v\u00e9szeti egyetemet szin\u00e9szeti szakon, valamint a mv.-i Sz\u00ednm\u0171v\u00e9szeti F\u0151iskol\u00e1t. A szebeni \u00c1llami Sz\u00ednh\u00e1z m\u0171v\u00e9sze (1967\u201387), ott megalap\u00edtotta a dzsesz klubbot, Radu Stanca Irodalmi T\u00e1rsas\u00e1got \u00e9s di\u00e1ksz\u00ednh\u00e1zat l\u00e9tes\u00edtett. K\u00f6z\u00f6lt helyi \u00e9s orsz\u00e1gos lapokban: Tribuna Sibiului, Sc\u00e2nteiaTineretului, Rom\u00e2nia Liber\u0103. Contemporanul, Tribuna, Ramuri, Rom\u00e2nia Liter\u0103. A Mv.-i Nemzeti Sz\u00ednh\u00e1z rom\u00e1n tagozat\u00e1nak sz\u00edn\u00e9sze \u00e9s rendez\u0151je (1987\u2013), a mv.-i sz\u00ednm\u0171v\u00e9szeti egyetem rom\u00e1n tagozat\u00e1nak tan\u00e1ra, sz\u00edn\u00e9szetet \u00e9s rendez\u00e9st tan\u00edtott, r\u00e9szt v\u00e1llalt az egyetemi oktat\u00e1s fejleszt\u00e9s\u00e9ben, \u00faj m\u0171v\u00e9sznemzed\u00e9kek nevel\u00e9s\u00e9ben \u00e9s a St\u00fadi\u00f3 Sz\u00ednh\u00e1z m\u0171v\u00e9szi tev\u00e9kenys\u00e9g\u00e9ben. \u2013 <strong>F. sz.:<\/strong> Lovinescu H: Al patrulea anotimp; Beaumarchais: Nunta lui Figaro; J. Racine: Phaedra; M. Sorescu: R\u0103ceala; T. Williams: Camino Real; f. rend.: E. De Filippo: Arta comediei; J. Anouilh: Invita\u0163ie la castel, E. Albee: Echilibrul fragil. \u2013 Irod: [Nekrol\u00f3g] (N\u00fa., 2009; V\u00e1s\u00e1rhelyi H\u00edrlap, 2009. szept. 9.); Todea 2013<\/br><\/p>\n","protected":false},"excerpt":{"rendered":"<p>Slatina, 1941. aug. 22., \u2020\u00a0Mv., 2009. szept. 8.: sz\u00edn\u00e9sz, egyetemi el\u0151ad\u00f3tan\u00e1r, sz\u00ednh\u00e1zi rendez\u0151. \u2013 A buk.-i Politechnikai Int\u00e9zetben v\u00e9gzett hidroenergetikai karon, majd elv\u00e9gezte a I. L. Caragiale Sz\u00ednm\u0171v\u00e9szeti egyetemet szin\u00e9szeti szakon, valamint a mv.-i Sz\u00ednm\u0171v\u00e9szeti F\u0151iskol\u00e1t. A szebeni \u00c1llami Sz\u00ednh\u00e1z m\u0171v\u00e9sze (1967\u201387), ott megalap\u00edtotta a dzsesz klubbot, Radu Stanca Irodalmi T\u00e1rsas\u00e1got \u00e9s di\u00e1ksz\u00ednh\u00e1zat l\u00e9tes\u00edtett. K\u00f6z\u00f6lt [&hellip;]<\/p>\n","protected":false},"featured_media":0,"comment_status":"open","ping_status":"closed","template":"","meta":[],"product_brand":[],"product_cat":[137],"product_tag":[],"class_list":{"0":"post-6931","1":"product","2":"type-product","3":"status-publish","5":"product_cat-maros-megyei-eletrajzi-lexikon","7":"first","8":"instock","9":"shipping-taxable","10":"product-type-simple"},"_links":{"self":[{"href":"https:\/\/uj.adatbank.ro\/lexikon\/wp-json\/wp\/v2\/product\/6931","targetHints":{"allow":["GET"]}}],"collection":[{"href":"https:\/\/uj.adatbank.ro\/lexikon\/wp-json\/wp\/v2\/product"}],"about":[{"href":"https:\/\/uj.adatbank.ro\/lexikon\/wp-json\/wp\/v2\/types\/product"}],"replies":[{"embeddable":true,"href":"https:\/\/uj.adatbank.ro\/lexikon\/wp-json\/wp\/v2\/comments?post=6931"}],"wp:attachment":[{"href":"https:\/\/uj.adatbank.ro\/lexikon\/wp-json\/wp\/v2\/media?parent=6931"}],"wp:term":[{"taxonomy":"product_brand","embeddable":true,"href":"https:\/\/uj.adatbank.ro\/lexikon\/wp-json\/wp\/v2\/product_brand?post=6931"},{"taxonomy":"product_cat","embeddable":true,"href":"https:\/\/uj.adatbank.ro\/lexikon\/wp-json\/wp\/v2\/product_cat?post=6931"},{"taxonomy":"product_tag","embeddable":true,"href":"https:\/\/uj.adatbank.ro\/lexikon\/wp-json\/wp\/v2\/product_tag?post=6931"}],"curies":[{"name":"wp","href":"https:\/\/api.w.org\/{rel}","templated":true}]}}