{"id":6935,"date":"2025-06-28T18:09:42","date_gmt":"2025-06-28T16:09:42","guid":{"rendered":"https:\/\/uj.adatbank.ro\/lexikon\/termek\/dobriban-sandor\/"},"modified":"2025-06-28T18:09:42","modified_gmt":"2025-06-28T16:09:42","slug":"dobriban-sandor","status":"publish","type":"product","link":"https:\/\/uj.adatbank.ro\/lexikon\/termek\/dobriban-sandor\/","title":{"rendered":"DOBRIB\u00c1N S\u00e1ndor"},"content":{"rendered":"<p>Gyergy\u00f3t\u0151lgyes, 1911., \u2020\u00a0Mv., 1988.: keresked\u0151. \u2013 Dobrib\u00e1n Jen\u0151 \u00e9s Szekula Anna fia. Feles\u00e9ge: Daboczi Gizella (1920\u2013), esk\u00fcv\u0151 (1944). Gyermekeik Mv.-en sz\u00fclettek: M\u00e1ria Magdolna (1945\u2013), f\u00e9rje: H\u00e1tsek Guszt\u00e1v (1940\u2013). Gyermekeik: ifj. H. Guszt\u00e1v (1977\u2013), Andr\u00e1s (1947\u2013) feles\u00e9ge. Kiss \u00c9va M\u00e1rta (1954\u2013) \u00e9s Botond (1977\u2013). <br \/><strong>Irod.:<\/strong> Sz\u00e1va 2012<\/br><\/p>\n","protected":false},"excerpt":{"rendered":"<p>Gyergy\u00f3t\u0151lgyes, 1911., \u2020\u00a0Mv., 1988.: keresked\u0151. \u2013 Dobrib\u00e1n Jen\u0151 \u00e9s Szekula Anna fia. Feles\u00e9ge: Daboczi Gizella (1920\u2013), esk\u00fcv\u0151 (1944). Gyermekeik Mv.-en sz\u00fclettek: M\u00e1ria Magdolna (1945\u2013), f\u00e9rje: H\u00e1tsek Guszt\u00e1v (1940\u2013). Gyermekeik: ifj. H. Guszt\u00e1v (1977\u2013), Andr\u00e1s (1947\u2013) feles\u00e9ge. Kiss \u00c9va M\u00e1rta (1954\u2013) \u00e9s Botond (1977\u2013). Irod.: Sz\u00e1va 2012<\/p>\n","protected":false},"featured_media":0,"comment_status":"open","ping_status":"closed","template":"","meta":[],"product_brand":[],"product_cat":[137],"product_tag":[],"class_list":{"0":"post-6935","1":"product","2":"type-product","3":"status-publish","5":"product_cat-maros-megyei-eletrajzi-lexikon","7":"first","8":"instock","9":"shipping-taxable","10":"product-type-simple"},"_links":{"self":[{"href":"https:\/\/uj.adatbank.ro\/lexikon\/wp-json\/wp\/v2\/product\/6935","targetHints":{"allow":["GET"]}}],"collection":[{"href":"https:\/\/uj.adatbank.ro\/lexikon\/wp-json\/wp\/v2\/product"}],"about":[{"href":"https:\/\/uj.adatbank.ro\/lexikon\/wp-json\/wp\/v2\/types\/product"}],"replies":[{"embeddable":true,"href":"https:\/\/uj.adatbank.ro\/lexikon\/wp-json\/wp\/v2\/comments?post=6935"}],"wp:attachment":[{"href":"https:\/\/uj.adatbank.ro\/lexikon\/wp-json\/wp\/v2\/media?parent=6935"}],"wp:term":[{"taxonomy":"product_brand","embeddable":true,"href":"https:\/\/uj.adatbank.ro\/lexikon\/wp-json\/wp\/v2\/product_brand?post=6935"},{"taxonomy":"product_cat","embeddable":true,"href":"https:\/\/uj.adatbank.ro\/lexikon\/wp-json\/wp\/v2\/product_cat?post=6935"},{"taxonomy":"product_tag","embeddable":true,"href":"https:\/\/uj.adatbank.ro\/lexikon\/wp-json\/wp\/v2\/product_tag?post=6935"}],"curies":[{"name":"wp","href":"https:\/\/api.w.org\/{rel}","templated":true}]}}