{"id":6939,"date":"2025-06-28T18:09:49","date_gmt":"2025-06-28T16:09:49","guid":{"rendered":"https:\/\/uj.adatbank.ro\/lexikon\/termek\/doczy-gabor\/"},"modified":"2025-06-28T18:09:49","modified_gmt":"2025-06-28T16:09:49","slug":"doczy-gabor","status":"publish","type":"product","link":"https:\/\/uj.adatbank.ro\/lexikon\/termek\/doczy-gabor\/","title":{"rendered":"D\u00d3CZY G\u00e1bor"},"content":{"rendered":"<p>Cs\u00edkszereda, 1903. nov. 1., \u2020\u00a0? : r. k. pap. \u2013 Cs\u00edkszered\u00e1ban \u00e9s Gyulafeh\u00e9rv\u00e1ron tanult. Papp\u00e1 szentelt\u00e9k (1927. j\u00fan. 11). K\u00e1pl\u00e1n volt K\u00e9zdiszentkereszten, Petrozs\u00e9nyban (1929). Lelk\u00e9sz G\u00f6demesterh\u00e1z\u00e1n (1931\u201334), G\u00f6rg\u00e9nyszentimr\u00e9n (1934\u201336). Pl\u00e9b\u00e1nos Cs\u00edkszentl\u00e9leken felf\u00fcggeszt\u00e9s\u00e9ig (1936\u201346). <br \/><strong>Irod.:<\/strong> Ferenczi S\u00e1ndor 2009<\/br><\/p>\n","protected":false},"excerpt":{"rendered":"<p>Cs\u00edkszereda, 1903. nov. 1., \u2020\u00a0? : r. k. pap. \u2013 Cs\u00edkszered\u00e1ban \u00e9s Gyulafeh\u00e9rv\u00e1ron tanult. Papp\u00e1 szentelt\u00e9k (1927. j\u00fan. 11). K\u00e1pl\u00e1n volt K\u00e9zdiszentkereszten, Petrozs\u00e9nyban (1929). Lelk\u00e9sz G\u00f6demesterh\u00e1z\u00e1n (1931\u201334), G\u00f6rg\u00e9nyszentimr\u00e9n (1934\u201336). Pl\u00e9b\u00e1nos Cs\u00edkszentl\u00e9leken felf\u00fcggeszt\u00e9s\u00e9ig (1936\u201346). Irod.: Ferenczi S\u00e1ndor 2009<\/p>\n","protected":false},"featured_media":0,"comment_status":"open","ping_status":"closed","template":"","meta":[],"product_brand":[],"product_cat":[137],"product_tag":[],"class_list":{"0":"post-6939","1":"product","2":"type-product","3":"status-publish","5":"product_cat-maros-megyei-eletrajzi-lexikon","7":"first","8":"instock","9":"shipping-taxable","10":"product-type-simple"},"_links":{"self":[{"href":"https:\/\/uj.adatbank.ro\/lexikon\/wp-json\/wp\/v2\/product\/6939","targetHints":{"allow":["GET"]}}],"collection":[{"href":"https:\/\/uj.adatbank.ro\/lexikon\/wp-json\/wp\/v2\/product"}],"about":[{"href":"https:\/\/uj.adatbank.ro\/lexikon\/wp-json\/wp\/v2\/types\/product"}],"replies":[{"embeddable":true,"href":"https:\/\/uj.adatbank.ro\/lexikon\/wp-json\/wp\/v2\/comments?post=6939"}],"wp:attachment":[{"href":"https:\/\/uj.adatbank.ro\/lexikon\/wp-json\/wp\/v2\/media?parent=6939"}],"wp:term":[{"taxonomy":"product_brand","embeddable":true,"href":"https:\/\/uj.adatbank.ro\/lexikon\/wp-json\/wp\/v2\/product_brand?post=6939"},{"taxonomy":"product_cat","embeddable":true,"href":"https:\/\/uj.adatbank.ro\/lexikon\/wp-json\/wp\/v2\/product_cat?post=6939"},{"taxonomy":"product_tag","embeddable":true,"href":"https:\/\/uj.adatbank.ro\/lexikon\/wp-json\/wp\/v2\/product_tag?post=6939"}],"curies":[{"name":"wp","href":"https:\/\/api.w.org\/{rel}","templated":true}]}}