{"id":6940,"date":"2025-06-28T18:09:50","date_gmt":"2025-06-28T16:09:50","guid":{"rendered":"https:\/\/uj.adatbank.ro\/lexikon\/termek\/doczy-gyorgy\/"},"modified":"2025-06-28T18:09:50","modified_gmt":"2025-06-28T16:09:50","slug":"doczy-gyorgy","status":"publish","type":"product","link":"https:\/\/uj.adatbank.ro\/lexikon\/termek\/doczy-gyorgy\/","title":{"rendered":"D\u00d3CZY Gy\u00f6rgy"},"content":{"rendered":"<p>Gyergy\u00f3szentmikl\u00f3s, v. Csiszereda ?, 1915. \u00e1pr. 25. \u2020\u00a0Nagyszeben, 1993. dec. 14.: r. k. pap. \u2013 Cs\u00ed\u00edkszered\u00e1ban, Gyulafeh\u00e9rv\u00e1ron tanult, R\u00f3m\u00e1ban a Collegium Germanicum et Hungaricum n\u00f6vend\u00e9ke, a Pontificia Universitas Gregoriana v\u00e9gzettje (1936\u201343). Dr. theol. Papp\u00e1 szentelt\u00e9k R\u00f3m\u00e1ban (1941. okt. 26.). K\u00e1pl\u00e1n Ozsdol\u00e1n (1943), Sz\u00e1szr\u00e9genben (1945\u201347), Nagyszebenben (1947). Pl\u00e9b\u00e1nos , f\u0151esperes Br\u00e1don (1949), D\u00e9v\u00e1n (1951), Tord\u00e1n (1957), nyugd\u00edjas (1982\u2013). <br \/><strong>Irod.:<\/strong> Ferenczi S\u00e1ndor 2009; Maros-k\u00fck\u00fcll\u0151i f\u0151esp.<\/br><\/p>\n","protected":false},"excerpt":{"rendered":"<p>Gyergy\u00f3szentmikl\u00f3s, v. Csiszereda ?, 1915. \u00e1pr. 25. \u2020\u00a0Nagyszeben, 1993. dec. 14.: r. k. pap. \u2013 Cs\u00ed\u00edkszered\u00e1ban, Gyulafeh\u00e9rv\u00e1ron tanult, R\u00f3m\u00e1ban a Collegium Germanicum et Hungaricum n\u00f6vend\u00e9ke, a Pontificia Universitas Gregoriana v\u00e9gzettje (1936\u201343). Dr. theol. Papp\u00e1 szentelt\u00e9k R\u00f3m\u00e1ban (1941. okt. 26.). K\u00e1pl\u00e1n Ozsdol\u00e1n (1943), Sz\u00e1szr\u00e9genben (1945\u201347), Nagyszebenben (1947). Pl\u00e9b\u00e1nos , f\u0151esperes Br\u00e1don (1949), D\u00e9v\u00e1n (1951), Tord\u00e1n (1957), [&hellip;]<\/p>\n","protected":false},"featured_media":0,"comment_status":"open","ping_status":"closed","template":"","meta":[],"product_brand":[],"product_cat":[137],"product_tag":[],"class_list":{"0":"post-6940","1":"product","2":"type-product","3":"status-publish","5":"product_cat-maros-megyei-eletrajzi-lexikon","7":"first","8":"instock","9":"shipping-taxable","10":"product-type-simple"},"_links":{"self":[{"href":"https:\/\/uj.adatbank.ro\/lexikon\/wp-json\/wp\/v2\/product\/6940","targetHints":{"allow":["GET"]}}],"collection":[{"href":"https:\/\/uj.adatbank.ro\/lexikon\/wp-json\/wp\/v2\/product"}],"about":[{"href":"https:\/\/uj.adatbank.ro\/lexikon\/wp-json\/wp\/v2\/types\/product"}],"replies":[{"embeddable":true,"href":"https:\/\/uj.adatbank.ro\/lexikon\/wp-json\/wp\/v2\/comments?post=6940"}],"wp:attachment":[{"href":"https:\/\/uj.adatbank.ro\/lexikon\/wp-json\/wp\/v2\/media?parent=6940"}],"wp:term":[{"taxonomy":"product_brand","embeddable":true,"href":"https:\/\/uj.adatbank.ro\/lexikon\/wp-json\/wp\/v2\/product_brand?post=6940"},{"taxonomy":"product_cat","embeddable":true,"href":"https:\/\/uj.adatbank.ro\/lexikon\/wp-json\/wp\/v2\/product_cat?post=6940"},{"taxonomy":"product_tag","embeddable":true,"href":"https:\/\/uj.adatbank.ro\/lexikon\/wp-json\/wp\/v2\/product_tag?post=6940"}],"curies":[{"name":"wp","href":"https:\/\/api.w.org\/{rel}","templated":true}]}}