{"id":6941,"date":"2025-06-28T18:09:52","date_gmt":"2025-06-28T16:09:52","guid":{"rendered":"https:\/\/uj.adatbank.ro\/lexikon\/termek\/doczy-pal-istvan\/"},"modified":"2025-06-28T18:09:52","modified_gmt":"2025-06-28T16:09:52","slug":"doczy-pal-istvan","status":"publish","type":"product","link":"https:\/\/uj.adatbank.ro\/lexikon\/termek\/doczy-pal-istvan\/","title":{"rendered":"D\u00d3CZY P\u00e1l Istv\u00e1n"},"content":{"rendered":"<p>K\u00f6r\u00f6sb\u00e1nya, 1910. \u00e1pr. 21., \u2020 Mv., 2009. jan. 22.: belgy\u00f3gy\u00e1sz, egyetemi tan\u00e1r. \u2013 D. B\u00e1lint \u00e9s Mih\u00e1ly J\u00falia fia. Feles\u00e9ge Cs\u00edky Lenke (Gyergy\u00f3szentmikl\u00f3s, 1916. febr. 2. &#8211; Mv., 2008. m\u00e1j. 25.), Cs\u00edky S\u00e1ndor (1892\u20131961) \u00e9s Olajos Roz\u00e1lia le\u00e1nya. Fiai: Tam\u00e1s P\u00e9ter (1944. m\u00e1j. 24. \u2013) informatikus, szakoktat\u00f3; Bal\u00e1zs B\u00e1lint (1956. jan. 25. \u2013), orvos. &#8211; Cs\u00edkszered\u00e1ban, Tord\u00e1n tanult a gimn.-ban. Orvosi diplom\u00e1j\u00e1t Kv.-on az OGYE-en szerezte (1937). \u00d6szt\u00f6nd\u00edjjal Debrecenben Kov\u00e1cs Ferenc sz\u00fcl\u00e9sz n\u0151gy\u00f3gy\u00e1sz klinik\u00e1j\u00e1n volt, majd a bp.-i R\u00f3kus k\u00f3rh\u00e1zban, Haynal Imre mellett belgy\u00f3gy\u00e1szati gyakornok. Haynal Imre belgy\u00f3gy\u00e1sz prof.-i kinevez\u00e9st kapott a kv.-i belgy\u00f3gy\u00e1szati klinik\u00e1ra, mellette lett tan\u00e1rseg\u00e9d. A katonai beh\u00edv\u00f3 ut\u00e1n Mv.-re helyezt\u00e9k a v\u00f6r\u00f6skeresztes k\u00f3rh\u00e1zba, amely a Ref. Koll.-ban m\u0171k\u00f6d\u00f6tt. Tov\u00e1bb a kv.-i katonak\u00f3rh\u00e1zban, a belgy\u00f3gy\u00e1szati klinik\u00e1n tan\u00e1rseg\u00e9d (1945). Mv.-en az OGYI \u00e9s az orvosk\u00e9pz\u00e9s egyik megalap\u00edt\u00f3ja, a belgy\u00f3gy\u00e1szati klinika adjunktusa, vezet\u0151je (1945\u201370), tansz\u00e9kvezet\u0151 prof. (1949\u2013), dr. docens (1957\u2013). Az Orvosok \u00e9s Gy\u00f3gyszer\u00e9szek Megyei Koll. -nak eln\u00f6ke (1969. nov.). \u00c9rdemes Orvos, konzult\u00e1ns prof. (1976\u2013), a Rom\u00e1n Orvostudom\u00e1nyi Akad. r. tagja, a MTA kit\u00fcntetettje (2002), a MOGYE tiszteletbeli professzora (2001). A belgy\u00f3gy\u00e1szat \u00e9s kardiol\u00f3gia ter\u00fclet\u00e9n t\u00f6bb sz\u00e1z cikk\u00e9t, dolgozat\u00e1t, hazai \u00e9s k\u00fclf\u00f6ldi szakfoly\u00f3\u00edratok k\u00f6z\u00f6lt\u00e9k. Tudom\u00e1nyos dolgozataiban \u00e9s cikkeiben a v\u00e9r betegs\u00e9geir\u0151l (feh\u00e9rv\u00e9r\u0171s\u00e9g, el\u00e9gtelen v\u00e9rk\u00e9pz\u00e9s, v\u00e9rszeg\u00e9nys\u00e9g) \u00e9rtekezett. A mv.-i Orvosi Szemle szerk.-je (1956\u201364). Orvosnevel\u00e9si \u00e9s orvosetikai t\u00e1rgy\u00fa \u00edr\u00e1sait k\u00f6z\u00f6lte az: Ardealul medical, Revista Med. &#8211; Orvosi Szemle, Medicina intern\u0103 (szerk.-je is), M\u00fcnchener Medizinische Wochenschrift, Korunk, Igaz Sz\u00f3, A H\u00e9t, Forum, Tett, Reform\u00e1tus Szemle, N\u00fa. [pl. Az orvosi diploma \u00e9rt\u00e9ke (N\u00fa., 1998. szept. 2., szept. 3., szept. 4., szept. 8.); Bolyong\u00e1s a hist\u00f3ri\u00e1ban (N\u00fa., 1999. m\u00e1j. 20., m\u00e1j. 25., m\u00e1j. 27., j\u00fan. 8.)]. T\u00f6bb hazai \u00e9s k\u00fclf\u00f6ldi tudom\u00e1nyos t\u00e1rsas\u00e1g tagja (pl. a Nemzetk\u00f6zi Hemetol\u00f3gus T\u00e1rsas\u00e1gnak). Egyetemi tank\u00f6nyvek szerz\u0151je. Az \u00fajraindult KZST tagja \u00e9s el\u0151ad\u00f3ja (N\u00fa., 1991. j\u00fal. 9.; j\u00fal. 16.). Kit\u00fcntet\u00e9se: N\u00e9pk\u00f6zt\u00e1rsas\u00e1g Csillaga V. fokozat (1965. j\u00fal. 14.). \u2013 <strong>F. m.:<\/strong> <strong>t\u00e1rssz.:<\/strong> A limphogranulomatosis klinik\u00e1ja (L\u00e1ng Istv\u00e1nnal; Kv., 1946); A myelosis erythraemica acuta haematol\u00f3giai elemz\u00e9se (Sz\u00e9kely K\u00e1roly; Spielman J\u00f3zseffel; Kv., 1948); Belgy\u00f3gy\u00e1szati diagnosztika (tank\u00f6nyv, Horv\u00e1th Endre, Hermann Jen\u0151-vel, Mv., 1950); Belgy\u00f3gy\u00e1szati diagnosztika: \u00c1ltal\u00e1nos diagnosztikai ismeretek (Horv\u00e1th Endr\u00e9vel, Mv., 1950); Belgy\u00f3gy\u00e1szati jegyzetek 2. r\u00e9sz (Birek L\u00e1szl\u00f3val, Mv, 1951); Belgy\u00f3gy\u00e1szati diagnosztika. 1\u20132. (Mv., 1957); Klinik und Patologische Anatomie der Erythromyelosis Leukaemica (szerk. Haranghy L\u00e1szl\u00f3, Bp., 1958); Belgy\u00f3gy\u00e1szati jegyzet (Horv\u00e1th Endr\u00e9vel., Mv., 1959); Hematologie (szerk. Nicolau, C. T., Buc., 1959); Medicin\u0103 intern\u0103. 2. k\u00f6t. (tank\u00f6nyv; szerk. Moga akad. , Buc., 1963); Orvosl\u00e1s a XX. sz\u00e1zad v\u00e9g\u00e9n (Kv., 1983); Cs\u00ednytev\u00e9sek Ilyefalv\u00e1n \u00e9s a m. t\u00f6rt\u00e9nelemben = Miksz\u00e1th K\u00e1lm\u00e1n f\u00e9lcs\u00edzm\u00e1ja: A illyefalvi \u00e9s fogarasi k\u00e9pvisel\u0151 (Sepsiszentgy\u00f6rgy, 1997); <strong>ford.:<\/strong> Eskenasy, Alexandru. Az anaemi\u00e1k (Birek L\u00e1szl\u00f3val; Buk., 1953); szerk: Belgy\u00f3gy\u00e1szati el\u0151ad\u00e1sok. 1\u20133. k\u00f6t. (Mv., 1950\u201359 n\u00e9gy kiad\u00e1sban); Szab\u00f3 Istv\u00e1n: Az emberi szervezet alapvet\u0151 m\u0171k\u00f6d\u00e9sei: A v\u00e9r \u00e9s a v\u00e9rkering\u00e9s. (Szaklektor; Kv., 1983). <br \/><strong>Irod.:<\/strong> Aranykorszak; Bottoni 2006; Dezs\u0151 Istv\u00e1n; EMKK, Genersich; Id\u0151t\u00e1r 4.; Katona Szab\u00f3; Kiss-P.-P..; M\u00e1th\u00e9 \u00c9va: A medic\u00edna klasszikusai adtak tal\u00e1lk\u00e1t egym\u00e1snak (N\u00fa, 1998. j\u00fan. 12.); P\u00e9ter; Prof. Dr. D. P. I. [Nekrol\u00f3g] (N\u00fa., 2009. jan. 29.); RMIL; RMKK; Orvossors \u2013 t\u00f6rt\u00e9nelmi h\u00e1tt\u00e9rrel: M\u00e1th\u00e9 \u00c9va besz\u00e9lget\u00e9se dr. D. P. i. professzorral (Sz\u00e9kelyf\u00f6ld, 5. sz., 1998); P\u00e9terffy \u00c1. &#8211; P. P.; Sz\u00e1va 2012; Szigethy\u2013\u00dajv\u00e1ri; T\u00f3th-G\u00e1bor; Viharban<\/br><\/p>\n","protected":false},"excerpt":{"rendered":"<p>K\u00f6r\u00f6sb\u00e1nya, 1910. \u00e1pr. 21., \u2020 Mv., 2009. jan. 22.: belgy\u00f3gy\u00e1sz, egyetemi tan\u00e1r. \u2013 D. B\u00e1lint \u00e9s Mih\u00e1ly J\u00falia fia. Feles\u00e9ge Cs\u00edky Lenke (Gyergy\u00f3szentmikl\u00f3s, 1916. febr. 2. &#8211; Mv., 2008. m\u00e1j. 25.), Cs\u00edky S\u00e1ndor (1892\u20131961) \u00e9s Olajos Roz\u00e1lia le\u00e1nya. Fiai: Tam\u00e1s P\u00e9ter (1944. m\u00e1j. 24. \u2013) informatikus, szakoktat\u00f3; Bal\u00e1zs B\u00e1lint (1956. jan. 25. \u2013), orvos. &#8211; [&hellip;]<\/p>\n","protected":false},"featured_media":0,"comment_status":"open","ping_status":"closed","template":"","meta":[],"product_brand":[],"product_cat":[137],"product_tag":[],"class_list":{"0":"post-6941","1":"product","2":"type-product","3":"status-publish","5":"product_cat-maros-megyei-eletrajzi-lexikon","7":"first","8":"instock","9":"shipping-taxable","10":"product-type-simple"},"_links":{"self":[{"href":"https:\/\/uj.adatbank.ro\/lexikon\/wp-json\/wp\/v2\/product\/6941","targetHints":{"allow":["GET"]}}],"collection":[{"href":"https:\/\/uj.adatbank.ro\/lexikon\/wp-json\/wp\/v2\/product"}],"about":[{"href":"https:\/\/uj.adatbank.ro\/lexikon\/wp-json\/wp\/v2\/types\/product"}],"replies":[{"embeddable":true,"href":"https:\/\/uj.adatbank.ro\/lexikon\/wp-json\/wp\/v2\/comments?post=6941"}],"wp:attachment":[{"href":"https:\/\/uj.adatbank.ro\/lexikon\/wp-json\/wp\/v2\/media?parent=6941"}],"wp:term":[{"taxonomy":"product_brand","embeddable":true,"href":"https:\/\/uj.adatbank.ro\/lexikon\/wp-json\/wp\/v2\/product_brand?post=6941"},{"taxonomy":"product_cat","embeddable":true,"href":"https:\/\/uj.adatbank.ro\/lexikon\/wp-json\/wp\/v2\/product_cat?post=6941"},{"taxonomy":"product_tag","embeddable":true,"href":"https:\/\/uj.adatbank.ro\/lexikon\/wp-json\/wp\/v2\/product_tag?post=6941"}],"curies":[{"name":"wp","href":"https:\/\/api.w.org\/{rel}","templated":true}]}}