{"id":6945,"date":"2025-06-28T18:10:00","date_gmt":"2025-06-28T16:10:00","guid":{"rendered":"https:\/\/uj.adatbank.ro\/lexikon\/termek\/doka-janos\/"},"modified":"2025-06-28T18:10:00","modified_gmt":"2025-06-28T16:10:00","slug":"doka-janos","status":"publish","type":"product","link":"https:\/\/uj.adatbank.ro\/lexikon\/termek\/doka-janos\/","title":{"rendered":"D\u00d3KA J\u00e1nos"},"content":{"rendered":"<p>? \u2020\u00a0? : sz\u00edn\u00e9sz. \u2013 A mv.-i Sz\u00e9kely Sz\u00ednh\u00e1zban j\u00e1tszott (1949\u2013). \u2013 <strong>F. sz.:<\/strong> Malmossy (M\u00f3ricz: Uri muri); 1. b\u00e1ny\u00e1sz (Davidoglu: B\u00e1ny\u00e1szok); 2. vend\u00e9g (Gribojedov: Az \u00e9sz bajjal j\u00e1r). <br \/><strong>Irod.:<\/strong> Horv\u00e1th Bea<\/br><\/p>\n","protected":false},"excerpt":{"rendered":"<p>? \u2020\u00a0? : sz\u00edn\u00e9sz. \u2013 A mv.-i Sz\u00e9kely Sz\u00ednh\u00e1zban j\u00e1tszott (1949\u2013). \u2013 F. sz.: Malmossy (M\u00f3ricz: Uri muri); 1. b\u00e1ny\u00e1sz (Davidoglu: B\u00e1ny\u00e1szok); 2. vend\u00e9g (Gribojedov: Az \u00e9sz bajjal j\u00e1r). Irod.: Horv\u00e1th Bea<\/p>\n","protected":false},"featured_media":0,"comment_status":"open","ping_status":"closed","template":"","meta":[],"product_brand":[],"product_cat":[137],"product_tag":[],"class_list":{"0":"post-6945","1":"product","2":"type-product","3":"status-publish","5":"product_cat-maros-megyei-eletrajzi-lexikon","7":"first","8":"instock","9":"shipping-taxable","10":"product-type-simple"},"_links":{"self":[{"href":"https:\/\/uj.adatbank.ro\/lexikon\/wp-json\/wp\/v2\/product\/6945","targetHints":{"allow":["GET"]}}],"collection":[{"href":"https:\/\/uj.adatbank.ro\/lexikon\/wp-json\/wp\/v2\/product"}],"about":[{"href":"https:\/\/uj.adatbank.ro\/lexikon\/wp-json\/wp\/v2\/types\/product"}],"replies":[{"embeddable":true,"href":"https:\/\/uj.adatbank.ro\/lexikon\/wp-json\/wp\/v2\/comments?post=6945"}],"wp:attachment":[{"href":"https:\/\/uj.adatbank.ro\/lexikon\/wp-json\/wp\/v2\/media?parent=6945"}],"wp:term":[{"taxonomy":"product_brand","embeddable":true,"href":"https:\/\/uj.adatbank.ro\/lexikon\/wp-json\/wp\/v2\/product_brand?post=6945"},{"taxonomy":"product_cat","embeddable":true,"href":"https:\/\/uj.adatbank.ro\/lexikon\/wp-json\/wp\/v2\/product_cat?post=6945"},{"taxonomy":"product_tag","embeddable":true,"href":"https:\/\/uj.adatbank.ro\/lexikon\/wp-json\/wp\/v2\/product_tag?post=6945"}],"curies":[{"name":"wp","href":"https:\/\/api.w.org\/{rel}","templated":true}]}}