{"id":6946,"date":"2025-06-28T18:10:02","date_gmt":"2025-06-28T16:10:02","guid":{"rendered":"https:\/\/uj.adatbank.ro\/lexikon\/termek\/dolcos-nicolae\/"},"modified":"2025-06-28T18:10:02","modified_gmt":"2025-06-28T16:10:02","slug":"dolcos-nicolae","status":"publish","type":"product","link":"https:\/\/uj.adatbank.ro\/lexikon\/termek\/dolcos-nicolae\/","title":{"rendered":"DOLCO\u015e Nicolae"},"content":{"rendered":"<p>? \u2020\u00a0? : ort. pap. \u2013 B\u00e1bahalm\u00e1n szolg\u00e1lt (1835\u201389). Jelenleg is \u00e1ll a faluban (de nem haszn\u00e1lj\u00e1k m\u00e1r) egy r\u00e9gi fatemplom 10 m magas fatoronnyal, amelyr\u0151l azt tartj\u00e1k, h. az \u0151 szolg\u00e1lata idej\u00e9ben \u00e9p\u00fclt (1840\u201350 k.). Azt a templomot k\u00e9s\u0151bb az ort. -ok elaj\u00e1nd\u00e9kozt\u00e1k a 320 g. kat. falubelinek, mert elkezdt\u00e9k a Szenth\u00e1roms\u00e1g ort. k\u0151templom \u00e9p\u00edt\u00e9s\u00e9t (1860-befejezt\u00e9k 1894). A fatemplom ikonjait a f\u0171zesnikolai Dionisiu Iuga festette \u00e9s al\u00e1 is \u00edrta (1877). <br \/><strong>Irod.:<\/strong> T\u00e2rn\u0103veni, cult. &#8211; ist.<\/br><\/p>\n","protected":false},"excerpt":{"rendered":"<p>? \u2020\u00a0? : ort. pap. \u2013 B\u00e1bahalm\u00e1n szolg\u00e1lt (1835\u201389). Jelenleg is \u00e1ll a faluban (de nem haszn\u00e1lj\u00e1k m\u00e1r) egy r\u00e9gi fatemplom 10 m magas fatoronnyal, amelyr\u0151l azt tartj\u00e1k, h. az \u0151 szolg\u00e1lata idej\u00e9ben \u00e9p\u00fclt (1840\u201350 k.). Azt a templomot k\u00e9s\u0151bb az ort. -ok elaj\u00e1nd\u00e9kozt\u00e1k a 320 g. kat. falubelinek, mert elkezdt\u00e9k a Szenth\u00e1roms\u00e1g ort. k\u0151templom [&hellip;]<\/p>\n","protected":false},"featured_media":0,"comment_status":"open","ping_status":"closed","template":"","meta":[],"product_brand":[],"product_cat":[137],"product_tag":[],"class_list":{"0":"post-6946","1":"product","2":"type-product","3":"status-publish","5":"product_cat-maros-megyei-eletrajzi-lexikon","7":"first","8":"instock","9":"shipping-taxable","10":"product-type-simple"},"_links":{"self":[{"href":"https:\/\/uj.adatbank.ro\/lexikon\/wp-json\/wp\/v2\/product\/6946","targetHints":{"allow":["GET"]}}],"collection":[{"href":"https:\/\/uj.adatbank.ro\/lexikon\/wp-json\/wp\/v2\/product"}],"about":[{"href":"https:\/\/uj.adatbank.ro\/lexikon\/wp-json\/wp\/v2\/types\/product"}],"replies":[{"embeddable":true,"href":"https:\/\/uj.adatbank.ro\/lexikon\/wp-json\/wp\/v2\/comments?post=6946"}],"wp:attachment":[{"href":"https:\/\/uj.adatbank.ro\/lexikon\/wp-json\/wp\/v2\/media?parent=6946"}],"wp:term":[{"taxonomy":"product_brand","embeddable":true,"href":"https:\/\/uj.adatbank.ro\/lexikon\/wp-json\/wp\/v2\/product_brand?post=6946"},{"taxonomy":"product_cat","embeddable":true,"href":"https:\/\/uj.adatbank.ro\/lexikon\/wp-json\/wp\/v2\/product_cat?post=6946"},{"taxonomy":"product_tag","embeddable":true,"href":"https:\/\/uj.adatbank.ro\/lexikon\/wp-json\/wp\/v2\/product_tag?post=6946"}],"curies":[{"name":"wp","href":"https:\/\/api.w.org\/{rel}","templated":true}]}}