{"id":6949,"date":"2025-06-28T18:10:09","date_gmt":"2025-06-28T16:10:09","guid":{"rendered":"https:\/\/uj.adatbank.ro\/lexikon\/termek\/doljan-livia-ungureanu-doljan-livia\/"},"modified":"2025-06-28T18:10:09","modified_gmt":"2025-06-28T16:10:09","slug":"doljan-livia-ungureanu-doljan-livia","status":"publish","type":"product","link":"https:\/\/uj.adatbank.ro\/lexikon\/termek\/doljan-livia-ungureanu-doljan-livia\/","title":{"rendered":"DOLJAN Livia, Ungureanu Doljan Livia"},"content":{"rendered":"<p>1933., \u2020\u00a0Szatm\u00e1rn\u00e9meti, 2008. m\u00e1rc. 2.: sz\u00edn\u00e9szn\u0151. \u2013 A buk.-i Sz\u00ednm\u0171v\u00e9szeti Int\u00e9zeteben v\u00e9gzett, m\u00e1r di\u00e1kkor\u00e1ban fell\u00e9pet a Sf. Sava Ifj\u00fas\u00e1gi Sz\u00ednh\u00e1zban Buk.-ben (1952). J\u00e1tszott Bac\u0103u-ban a G. Bacovia Sz\u00ednh\u00e1zban, Br\u0103ilan a Maria Filotti Sz\u00ednh\u00e1zban, V. I. Popa sz\u00ednh\u00e1zban B\u00e2rladon, a Mv.-i Nemzeti Sz\u00ednh\u00e1zaban (1971\u201389), A szatm\u00e1ri \u00c9szaki Sz\u00ednh\u00e1zban (1989\u2013). Dr\u00e1m\u00e1ban, v\u00edgj\u00e1t\u00e9kban, rev\u00fcbenn egyar\u00e1nt otthonosan mozgott. T\u00f6bb mint 140 szerepet alak\u00edtott. \u2013 <strong>F. sz.:<\/strong> Lena (B. \u015etef\u0103nescu Delavrancea: Hagi Tudose); Colombina (C. Goldoni: Mincinosul); Ane (Shakespeare: Nevestele vesele din Windsor); Oana (B. \u015etef\u0103nescu Delavrance: Apus de soare); Corina (M. Sebastian: Jocul de-a vacan\u0163a); Celimena (Moliere: Mizantropul); Enona (Racine: Fedra); Zambila (D. R. Popescu: Piticul din gr\u0103dina de var\u0103); Anica (Soacra cu trei nurori); Chelneri\u0163a (V. Rebreanu: Coco\u015ful de tabl\u0103); Rozalia (D. R. Popescu: Balconul); Vera Igntieva (Ecaterina Ivanova); Titania (Shakespeare: Visul unei nop\u0163i de var\u0103); Elisa (G. B. Shaw: Pygmalion); Genoveva Ionescu (C. Udrea: Cotele apelor Dun\u0103rii ). <br \/><strong>Irod.:<\/strong> Todea 2013<\/br><\/p>\n","protected":false},"excerpt":{"rendered":"<p>1933., \u2020\u00a0Szatm\u00e1rn\u00e9meti, 2008. m\u00e1rc. 2.: sz\u00edn\u00e9szn\u0151. \u2013 A buk.-i Sz\u00ednm\u0171v\u00e9szeti Int\u00e9zeteben v\u00e9gzett, m\u00e1r di\u00e1kkor\u00e1ban fell\u00e9pet a Sf. Sava Ifj\u00fas\u00e1gi Sz\u00ednh\u00e1zban Buk.-ben (1952). J\u00e1tszott Bac\u0103u-ban a G. Bacovia Sz\u00ednh\u00e1zban, Br\u0103ilan a Maria Filotti Sz\u00ednh\u00e1zban, V. I. Popa sz\u00ednh\u00e1zban B\u00e2rladon, a Mv.-i Nemzeti Sz\u00ednh\u00e1zaban (1971\u201389), A szatm\u00e1ri \u00c9szaki Sz\u00ednh\u00e1zban (1989\u2013). Dr\u00e1m\u00e1ban, v\u00edgj\u00e1t\u00e9kban, rev\u00fcbenn egyar\u00e1nt otthonosan mozgott. T\u00f6bb [&hellip;]<\/p>\n","protected":false},"featured_media":0,"comment_status":"open","ping_status":"closed","template":"","meta":[],"product_brand":[],"product_cat":[137],"product_tag":[],"class_list":{"0":"post-6949","1":"product","2":"type-product","3":"status-publish","5":"product_cat-maros-megyei-eletrajzi-lexikon","7":"first","8":"instock","9":"shipping-taxable","10":"product-type-simple"},"_links":{"self":[{"href":"https:\/\/uj.adatbank.ro\/lexikon\/wp-json\/wp\/v2\/product\/6949","targetHints":{"allow":["GET"]}}],"collection":[{"href":"https:\/\/uj.adatbank.ro\/lexikon\/wp-json\/wp\/v2\/product"}],"about":[{"href":"https:\/\/uj.adatbank.ro\/lexikon\/wp-json\/wp\/v2\/types\/product"}],"replies":[{"embeddable":true,"href":"https:\/\/uj.adatbank.ro\/lexikon\/wp-json\/wp\/v2\/comments?post=6949"}],"wp:attachment":[{"href":"https:\/\/uj.adatbank.ro\/lexikon\/wp-json\/wp\/v2\/media?parent=6949"}],"wp:term":[{"taxonomy":"product_brand","embeddable":true,"href":"https:\/\/uj.adatbank.ro\/lexikon\/wp-json\/wp\/v2\/product_brand?post=6949"},{"taxonomy":"product_cat","embeddable":true,"href":"https:\/\/uj.adatbank.ro\/lexikon\/wp-json\/wp\/v2\/product_cat?post=6949"},{"taxonomy":"product_tag","embeddable":true,"href":"https:\/\/uj.adatbank.ro\/lexikon\/wp-json\/wp\/v2\/product_tag?post=6949"}],"curies":[{"name":"wp","href":"https:\/\/api.w.org\/{rel}","templated":true}]}}