{"id":6953,"date":"2025-06-28T18:10:15","date_gmt":"2025-06-28T16:10:15","guid":{"rendered":"https:\/\/uj.adatbank.ro\/lexikon\/termek\/dombi-janos\/"},"modified":"2025-06-28T18:10:15","modified_gmt":"2025-06-28T16:10:15","slug":"dombi-janos","status":"publish","type":"product","link":"https:\/\/uj.adatbank.ro\/lexikon\/termek\/dombi-janos\/","title":{"rendered":"DOMBI J\u00e1nos"},"content":{"rendered":"<p>1796. m\u00e1rc. 16., \u2020\u00a01858. jan. 14.: r. k. pap. \u2013 Br. Bornemissza fiainak nevel\u0151je volt. T\u00f6bb helyen pl\u00e9b\u00e1nos. &#8211;<br \/><strong>Irod.:<\/strong> Ferenczi S\u00e1ndor 2009<\/br><\/p>\n","protected":false},"excerpt":{"rendered":"<p>1796. m\u00e1rc. 16., \u2020\u00a01858. jan. 14.: r. k. pap. \u2013 Br. Bornemissza fiainak nevel\u0151je volt. T\u00f6bb helyen pl\u00e9b\u00e1nos. &#8211;Irod.: Ferenczi S\u00e1ndor 2009<\/p>\n","protected":false},"featured_media":0,"comment_status":"open","ping_status":"closed","template":"","meta":[],"product_brand":[],"product_cat":[137],"product_tag":[],"class_list":{"0":"post-6953","1":"product","2":"type-product","3":"status-publish","5":"product_cat-maros-megyei-eletrajzi-lexikon","7":"first","8":"instock","9":"shipping-taxable","10":"product-type-simple"},"_links":{"self":[{"href":"https:\/\/uj.adatbank.ro\/lexikon\/wp-json\/wp\/v2\/product\/6953","targetHints":{"allow":["GET"]}}],"collection":[{"href":"https:\/\/uj.adatbank.ro\/lexikon\/wp-json\/wp\/v2\/product"}],"about":[{"href":"https:\/\/uj.adatbank.ro\/lexikon\/wp-json\/wp\/v2\/types\/product"}],"replies":[{"embeddable":true,"href":"https:\/\/uj.adatbank.ro\/lexikon\/wp-json\/wp\/v2\/comments?post=6953"}],"wp:attachment":[{"href":"https:\/\/uj.adatbank.ro\/lexikon\/wp-json\/wp\/v2\/media?parent=6953"}],"wp:term":[{"taxonomy":"product_brand","embeddable":true,"href":"https:\/\/uj.adatbank.ro\/lexikon\/wp-json\/wp\/v2\/product_brand?post=6953"},{"taxonomy":"product_cat","embeddable":true,"href":"https:\/\/uj.adatbank.ro\/lexikon\/wp-json\/wp\/v2\/product_cat?post=6953"},{"taxonomy":"product_tag","embeddable":true,"href":"https:\/\/uj.adatbank.ro\/lexikon\/wp-json\/wp\/v2\/product_tag?post=6953"}],"curies":[{"name":"wp","href":"https:\/\/api.w.org\/{rel}","templated":true}]}}